{"id":17971,"date":"2025-08-18T21:32:39","date_gmt":"2025-08-18T18:32:39","guid":{"rendered":"https:\/\/pesu24.ee\/?post_type=product&#038;p=17971"},"modified":"2025-08-20T14:54:22","modified_gmt":"2025-08-20T11:54:22","slug":"mustast-pitsist-2-osaline-pesukomplekt-obsessive-elisetta","status":"publish","type":"product","link":"https:\/\/pesu24.ee\/en\/pesukomplektid\/mustast-pitsist-2-osaline-pesukomplekt-obsessive-elisetta\/","title":{"rendered":"Mustast pitsist 2-osaline pesukomplekt Obsessive Elisetta"},"content":{"rendered":"<p><strong>Mustast pitsist 2-osaline pesukomplekt Elisetta, kuhu kuulub rinnahoidja ja alusp\u00fcksid. V\u00e4ga elastne ja pehme materjal, mida on v\u00e4ga mugav kanda ja \u00e4\u00e4rmiselt meeldiv keha vastas tunda.<\/strong><\/p>\n<p>Pitsist rinnahoidja toob esile rinnad ning taga rinnahoidja kinnitus t\u00e4ielikult reguleeritav. Reguleeritavus koos v\u00e4ga elastse, aga vastupidava kangaga tagab ideaalse sobivuse.<\/p>\n<p>Komplekti kuuluvad ka alusp\u00fcksid. Alusp\u00fcksid eest mustast pitsist ja tagant \u00e4\u00e4red pitsiga, aga keskmine siseosa materjalist, millele lisatud s\u00e4tendavaid kaunistusi, mis tootefotodel eriti v\u00e4lja ei paista, aga reaalsuses v\u00e4ga maitsekas lahendus.<\/p>\n<p><span style=\"color: #008000;\"><strong>KOMPLEKT SISALDAB:<\/strong><\/span><\/p>\n<ul>\n<li>rinnahoidja<\/li>\n<li>stringid<\/li>\n<\/ul>\n<p><span style=\"color: #008000;\"><strong>DETAILS:<\/strong><\/span><\/p>\n<ul>\n<li>pitsist rinnahoidja<\/li>\n<li>t\u00e4ielikult reguleeritav<\/li>\n<li>pitsist ja s\u00e4tendavast materjalist alusp\u00fcksid<\/li>\n<li>veniv ja vastupidav materjal<\/li>\n<li>90% pol\u00fcamiid, 10% elastaan<\/li>\n<li>\u00e4\u00e4rmiselt meeldiv keha vastas kanda<\/li>\n<\/ul>\n<p>Kui toode meeldib, siis samast Elisetta kollektsioonist saadaval seksikas <a href=\"https:\/\/pesu24.ee\/en\/bodyd\/seksikas-must-body-obsessive-elisetta\/\">must body Obsessive Elisetta<\/a>.<\/p>\n<p><span style=\"color: #008000;\"><strong>VIDEO<\/strong><\/span><\/p>\n<div class=\"video-container\"><iframe loading=\"lazy\" title=\"JEDINE\u010cN\u00dd SET ELISETTA SET - OBSESSIVE\" width=\"500\" height=\"281\" src=\"https:\/\/www.youtube.com\/embed\/H07QmMmKRMU?feature=oembed&#038;wmode=opaque\" frameborder=\"0\" allow=\"accelerometer; autoplay; clipboard-write; encrypted-media; gyroscope; picture-in-picture; web-share\" referrerpolicy=\"strict-origin-when-cross-origin\" allowfullscreen><\/iframe><\/div>","protected":false},"excerpt":{"rendered":"<p>&#46;&#46;&#46;<\/p>","protected":false},"featured_media":17121,"comment_status":"open","ping_status":"closed","template":"","meta":{"_glsr_average":0,"_glsr_ranking":0,"_glsr_reviews":0},"product_brand":[500],"product_cat":[16],"product_tag":[160],"class_list":{"0":"post-17971","1":"product","2":"type-product","3":"status-publish","4":"has-post-thumbnail","6":"product_brand-obsessive","7":"product_cat-pesukomplektid","8":"product_tag-obsessive","9":"pa_suurus-l-xl","10":"pa_suurus-s-m","11":"pa_varvus-must","13":"first","14":"instock","15":"sold-individually","16":"taxable","17":"shipping-taxable","18":"purchasable","19":"product-type-variable"},"_links":{"self":[{"href":"https:\/\/pesu24.ee\/en\/wp-json\/wp\/v2\/product\/17971","targetHints":{"allow":["GET"]}}],"collection":[{"href":"https:\/\/pesu24.ee\/en\/wp-json\/wp\/v2\/product"}],"about":[{"href":"https:\/\/pesu24.ee\/en\/wp-json\/wp\/v2\/types\/product"}],"replies":[{"embeddable":true,"href":"https:\/\/pesu24.ee\/en\/wp-json\/wp\/v2\/comments?post=17971"}],"wp:featuredmedia":[{"embeddable":true,"href":"https:\/\/pesu24.ee\/en\/wp-json\/wp\/v2\/media\/17121"}],"wp:attachment":[{"href":"https:\/\/pesu24.ee\/en\/wp-json\/wp\/v2\/media?parent=17971"}],"wp:term":[{"taxonomy":"product_brand","embeddable":true,"href":"https:\/\/pesu24.ee\/en\/wp-json\/wp\/v2\/product_brand?post=17971"},{"taxonomy":"product_cat","embeddable":true,"href":"https:\/\/pesu24.ee\/en\/wp-json\/wp\/v2\/product_cat?post=17971"},{"taxonomy":"product_tag","embeddable":true,"href":"https:\/\/pesu24.ee\/en\/wp-json\/wp\/v2\/product_tag?post=17971"}],"curies":[{"name":"wp","href":"https:\/\/api.w.org\/{rel}","templated":true}]}}