{"id":17972,"date":"2025-08-18T21:32:39","date_gmt":"2025-08-18T18:32:39","guid":{"rendered":"https:\/\/pesu24.ee\/?post_type=product&#038;p=17972"},"modified":"2025-08-21T14:17:47","modified_gmt":"2025-08-21T11:17:47","slug":"2-osaline-pesukomplekt-obsessive-bowessa","status":"publish","type":"product","link":"https:\/\/pesu24.ee\/en\/pesukomplektid\/2-osaline-pesukomplekt-obsessive-bowessa\/","title":{"rendered":"2-osaline pesukomplekt Obsessive Bowessa"},"content":{"rendered":"<p><strong>Siidiselt sile ja pool-l\u00e4bipaistvast materjalist Obsessive pesukomplekt Bowessa fantaasiale eriti ruumi ei j\u00e4ta. Pesukomplekt koosneb rinnahoidjast ja stringidest ning lisaks boonusena kaasas pihav\u00f6\u00f6.<\/strong><\/p>\n<p>Nagu nimestki Bowessa (inglise keeles <em>bow<\/em> t\u00e4hendab lehv, lehvikesed) komplekti ja \u00fcle\u00fcldse Bowessa kollektsiooni disainimisel on l\u00e4htutud lehvidest ja lehvikestest. Lehvikestega on kaunistatud nii \u00f5lapaelad, pihav\u00f6\u00f6, stringid kui ka erinevad lehvikujulised metallkaunistused.<\/p>\n<p>Valmistatud elastsest, aga vastupidavast materjalist, mida on mugav kanda ja meeldiv keha vastas tunda ning m\u00f5nus puudutada. Rinnahoidja ilma tugikaarte ja polsterdustega ning \u00f5lapaeltest reguleeritav.<\/p>\n<p>Elastne materjal ja reguleeritavus tagab ideaalse sobivuse. Komplekt sobib ideaalselt kokku Lucita hommikumantliga.<\/p>\n<p><span style=\"color: #008000;\"><strong>KOMPLEKT SISALDAB:<\/strong><\/span><\/p>\n<ul>\n<li>rinnahoidja<\/li>\n<li>stringid<\/li>\n<li>pihav\u00f6\u00f6<\/li>\n<\/ul>\n<p><span style=\"color: #008000;\"><strong>DETAILS:<\/strong><\/span><\/p>\n<ul>\n<li>rinnahoidja \u00f5lapaeltest reguleeritav<\/li>\n<li>veniv ja elastne materjal<\/li>\n<li>mugav kanda<\/li>\n<li>v\u00e4ga meeldiv keha vastas tunda<\/li>\n<li>ideaalne sobivus<\/li>\n<li>90% pol\u00fcamiid, 10% elastaan<\/li>\n<\/ul>\n<p>Kui soovid tootele lisada veel erootilisust, siis soovitame kombineerida koos sama kollektsiooni Bowessa sukav\u00f6\u00f6ga. Lisaks samast pesukollektsioonist on saadaval ka <a href=\"https:\/\/pesu24.ee\/en\/oosargid\/oosark-obsessive-bowessa\/\">Bowessa \u00f6\u00f6s\u00e4rk<\/a>.<\/p>\n<p><span style=\"color: #008000;\"><strong>VIDEO<\/strong><\/span><\/p>\n<div class=\"video-container\"><iframe loading=\"lazy\" title=\"ELEGANTN\u00cd SET BOWESSA SET - OBSESSIVE\" width=\"500\" height=\"281\" src=\"https:\/\/www.youtube.com\/embed\/iR8nu1s7x0I?feature=oembed&#038;wmode=opaque\" frameborder=\"0\" allow=\"accelerometer; autoplay; clipboard-write; encrypted-media; gyroscope; picture-in-picture; web-share\" referrerpolicy=\"strict-origin-when-cross-origin\" allowfullscreen><\/iframe><\/div>","protected":false},"excerpt":{"rendered":"<p>&#46;&#46;&#46;<\/p>","protected":false},"featured_media":17127,"comment_status":"open","ping_status":"closed","template":"","meta":{"_glsr_average":0,"_glsr_ranking":0,"_glsr_reviews":0},"product_brand":[500],"product_cat":[16],"product_tag":[160],"class_list":{"0":"post-17972","1":"product","2":"type-product","3":"status-publish","4":"has-post-thumbnail","6":"product_brand-obsessive","7":"product_cat-pesukomplektid","8":"product_tag-obsessive","9":"pa_suurus-l-xl","10":"pa_suurus-s-m","11":"pa_varvus-must","13":"first","14":"instock","15":"sold-individually","16":"taxable","17":"shipping-taxable","18":"purchasable","19":"product-type-variable"},"_links":{"self":[{"href":"https:\/\/pesu24.ee\/en\/wp-json\/wp\/v2\/product\/17972","targetHints":{"allow":["GET"]}}],"collection":[{"href":"https:\/\/pesu24.ee\/en\/wp-json\/wp\/v2\/product"}],"about":[{"href":"https:\/\/pesu24.ee\/en\/wp-json\/wp\/v2\/types\/product"}],"replies":[{"embeddable":true,"href":"https:\/\/pesu24.ee\/en\/wp-json\/wp\/v2\/comments?post=17972"}],"wp:featuredmedia":[{"embeddable":true,"href":"https:\/\/pesu24.ee\/en\/wp-json\/wp\/v2\/media\/17127"}],"wp:attachment":[{"href":"https:\/\/pesu24.ee\/en\/wp-json\/wp\/v2\/media?parent=17972"}],"wp:term":[{"taxonomy":"product_brand","embeddable":true,"href":"https:\/\/pesu24.ee\/en\/wp-json\/wp\/v2\/product_brand?post=17972"},{"taxonomy":"product_cat","embeddable":true,"href":"https:\/\/pesu24.ee\/en\/wp-json\/wp\/v2\/product_cat?post=17972"},{"taxonomy":"product_tag","embeddable":true,"href":"https:\/\/pesu24.ee\/en\/wp-json\/wp\/v2\/product_tag?post=17972"}],"curies":[{"name":"wp","href":"https:\/\/api.w.org\/{rel}","templated":true}]}}