{"id":18080,"date":"2025-08-18T21:32:53","date_gmt":"2025-08-18T18:32:53","guid":{"rendered":"https:\/\/pesu24.ee\/?post_type=product&#038;p=18080"},"modified":"2026-03-30T13:15:07","modified_gmt":"2026-03-30T11:15:07","slug":"4-osaline-aksessuaaridega-pesukomplekt-obsessive-kissmas","status":"publish","type":"product","link":"https:\/\/pesu24.ee\/en\/pesukomplektid\/4-osaline-aksessuaaridega-pesukomplekt-obsessive-kissmas\/","title":{"rendered":"4-osaline aksessuaaridega pesukomplekt Obsessive Kissmas"},"content":{"rendered":"<p><strong>Obsessive Kissmas on meeldivast kangast mitmeosaline pesukomplekt, mis kuulub <a href=\"https:\/\/pesu24.ee\/en\/omadus\/obsessive-joulukollektsioonid\/\">Obsessive j\u00f5uluteemalisse pesukollektsiooni<\/a>.<\/strong><\/p>\n<p>Komplekti kuulub kaelav\u00f6\u00f6, rinnahoidjad, p\u00fcksikud ja s\u00e4\u00e4rev\u00f6\u00f6d. K\u00f5ik need valmistatud v\u00e4ga elastsest ja kvaliteetsest Multistretch kangast, mida mugav kanda ja erutavalt m\u00f5nus keha vastas tunda.<\/p>\n<p>Tutvuge ka teiste\u00a0<a href=\"https:\/\/pesu24.ee\/en\/omadus\/obsessive-christmas\/\">Obsessive Christmas<\/a>\u00a0pesukollektsiooni toodetega.<\/p>\n<p><span style=\"color: #008000;\"><strong>DETAILS<\/strong><\/span><\/p>\n<ul>\n<li>mitmeosaline pesukomplekt<\/li>\n<li>komplektis kaelav\u00f6\u00f6, rinnahoidja, p\u00fcksikud, 2 s\u00e4\u00e4rev\u00f6\u00f6d<\/li>\n<li>elegantne l\u00f5ige<\/li>\n<li>rinnahoidja l\u00f5ige r\u00f5hutab rindasid<\/li>\n<li>stringide tagumine l\u00f5ige r\u00f5hutab tuharaid<\/li>\n<li>v\u00e4ga elastne ja kvaliteetne Multisterch kangas<\/li>\n<li>v\u00e4ga mugav kanda<\/li>\n<li>meeldiv keha vastas tunda ja katsuda<\/li>\n<li>85% polyamide, 15% elastane<\/li>\n<\/ul>\n<p>Tegu on k\u00fcll j\u00f5ulude puhul j\u00f5ulueelse kollektsiooniga, aga t\u00e4nu neutraalsusele sobilik kanda ka muul ajal. Obsessive Kissmas j\u00f5ulukollektsioonist on saadaval ka <a href=\"https:\/\/pesu24.ee\/en\/bodyd\/aksessuaaridega-body-obsessive-kissmas\/\">Kissmas body<\/a> ja <a href=\"https:\/\/pesu24.ee\/en\/oosargid\/aksessuaaridega-oosark-obsessive-kissmas\/\">Kissmas \u00f6\u00f6s\u00e4rk<\/a>.<\/p>\n<p><span style=\"color: #008000;\"><strong>VIDEO<\/strong><\/span><\/p>\n<div class=\"video-container\"><iframe loading=\"lazy\" title=\"V\u00c1NO\u010cN\u00cd KOST\u00ddM KISSMAS SET - OBSESSIVE\" width=\"500\" height=\"281\" src=\"https:\/\/www.youtube.com\/embed\/BsIwVU4KU4k?feature=oembed&#038;wmode=opaque\" frameborder=\"0\" allow=\"accelerometer; autoplay; clipboard-write; encrypted-media; gyroscope; picture-in-picture; web-share\" referrerpolicy=\"strict-origin-when-cross-origin\" allowfullscreen><\/iframe><\/div>","protected":false},"excerpt":{"rendered":"<p>&#46;&#46;&#46;<\/p>","protected":false},"featured_media":17252,"comment_status":"open","ping_status":"closed","template":"","meta":{"_glsr_average":0,"_glsr_ranking":0,"_glsr_reviews":0},"product_brand":[500],"product_cat":[16],"product_tag":[160,413,414],"class_list":{"0":"post-18080","1":"product","2":"type-product","3":"status-publish","4":"has-post-thumbnail","6":"product_brand-obsessive","7":"product_cat-pesukomplektid","8":"product_tag-obsessive","9":"product_tag-obsessive-christmas","10":"product_tag-obsessive-joulukollektsioonid","11":"pa_suurus-l-xl","12":"pa_suurus-s-m","14":"first","15":"instock","16":"sold-individually","17":"taxable","18":"shipping-taxable","19":"purchasable","20":"product-type-variable"},"_links":{"self":[{"href":"https:\/\/pesu24.ee\/en\/wp-json\/wp\/v2\/product\/18080","targetHints":{"allow":["GET"]}}],"collection":[{"href":"https:\/\/pesu24.ee\/en\/wp-json\/wp\/v2\/product"}],"about":[{"href":"https:\/\/pesu24.ee\/en\/wp-json\/wp\/v2\/types\/product"}],"replies":[{"embeddable":true,"href":"https:\/\/pesu24.ee\/en\/wp-json\/wp\/v2\/comments?post=18080"}],"wp:featuredmedia":[{"embeddable":true,"href":"https:\/\/pesu24.ee\/en\/wp-json\/wp\/v2\/media\/17252"}],"wp:attachment":[{"href":"https:\/\/pesu24.ee\/en\/wp-json\/wp\/v2\/media?parent=18080"}],"wp:term":[{"taxonomy":"product_brand","embeddable":true,"href":"https:\/\/pesu24.ee\/en\/wp-json\/wp\/v2\/product_brand?post=18080"},{"taxonomy":"product_cat","embeddable":true,"href":"https:\/\/pesu24.ee\/en\/wp-json\/wp\/v2\/product_cat?post=18080"},{"taxonomy":"product_tag","embeddable":true,"href":"https:\/\/pesu24.ee\/en\/wp-json\/wp\/v2\/product_tag?post=18080"}],"curies":[{"name":"wp","href":"https:\/\/api.w.org\/{rel}","templated":true}]}}