{"id":18081,"date":"2025-08-18T21:32:53","date_gmt":"2025-08-18T18:32:53","guid":{"rendered":"https:\/\/pesu24.ee\/?post_type=product&#038;p=18081"},"modified":"2025-08-21T16:36:22","modified_gmt":"2025-08-21T13:36:22","slug":"2-osaline-pesukomplekt-obsessive-bagirela","status":"publish","type":"product","link":"https:\/\/pesu24.ee\/en\/pesukomplektid\/2-osaline-pesukomplekt-obsessive-bagirela\/","title":{"rendered":"2-osaline pesukomplekt Obsessive Bagirela"},"content":{"rendered":"<p><strong>2-osaline pesukollektsioon Obsessive Bagirela on kombinatsioon l\u00e4bipaistvast ja l\u00e4ikivast nahka v\u00f5i <a href=\"https:\/\/pesu24.ee\/en\/omadus\/latekspesu\/\">lateksit<\/a> meenutavast kangast. Kogu seda kombinatsiooni on v\u00e4ga mugav kanda, meeldiv keha vastas tunda ning m\u00f5nus puudutada.<\/strong><\/p>\n<p>Rinnahoidja kaela ja \u00f5lapaeltest reguleeritav ning tagant-astmelise kinnitusega. Koos elastse ja veniva materjaliga tagab see ideaalse ja suurep\u00e4rase sobivuse. Lisaks rinnahoidja tugikaartega.<\/p>\n<p>P\u00fcksikud elastsest ja v\u00e4ga vastupidavast materjalist, mille l\u00f5ige ja disain r\u00f5hutab puusi, tagaosa r\u00f5hutab puusi ning kogu komplekt toob esile naiselikud kurvid.<\/p>\n<p><span style=\"color: #008000;\"><strong>DETAILS<\/strong><\/span><\/p>\n<ul>\n<li>2-osaline pesukomplekt<\/li>\n<li>komplektis p\u00fcksikud ja rinnahoidja<\/li>\n<li>rinnahoidja tugikaartega, tagant astmelise kinnitusega ja \u00f5la &#8211; ning kaelapaeltest reguleeritav<\/li>\n<li>disain ja l\u00f5ige r\u00f5hutab puusi, toob esile naiselikud kurvid ning tagaosa l\u00f5ige r\u00f5hutab tuharaid<\/li>\n<li>v\u00e4ga mugav kanda ja keha vastas tunda ning puudutada<\/li>\n<li>materjaliks 45% pol\u00fcerataan, 45% pol\u00fcamiid, 10% elastaan<\/li>\n<\/ul>\n<p>Soovi korral saab <a href=\"https:\/\/pesu24.ee\/en\/stringid-puksikud\/puksikud-obsessive-bagirela\/\">Obsessive Bagirela p\u00fcksikud<\/a> osta eraldi.<\/p>","protected":false},"excerpt":{"rendered":"<p>&#46;&#46;&#46;<\/p>","protected":false},"featured_media":17274,"comment_status":"open","ping_status":"closed","template":"","meta":{"_glsr_average":0,"_glsr_ranking":0,"_glsr_reviews":0},"product_brand":[500],"product_cat":[16],"product_tag":[398,160],"class_list":{"0":"post-18081","1":"product","2":"type-product","3":"status-publish","4":"has-post-thumbnail","6":"product_brand-obsessive","7":"product_cat-pesukomplektid","8":"product_tag-latekspesu","9":"product_tag-obsessive","10":"pa_suurus-l-xl","11":"pa_suurus-s-m","12":"pa_varvus-must","14":"first","15":"instock","16":"sold-individually","17":"taxable","18":"shipping-taxable","19":"purchasable","20":"product-type-variable"},"_links":{"self":[{"href":"https:\/\/pesu24.ee\/en\/wp-json\/wp\/v2\/product\/18081","targetHints":{"allow":["GET"]}}],"collection":[{"href":"https:\/\/pesu24.ee\/en\/wp-json\/wp\/v2\/product"}],"about":[{"href":"https:\/\/pesu24.ee\/en\/wp-json\/wp\/v2\/types\/product"}],"replies":[{"embeddable":true,"href":"https:\/\/pesu24.ee\/en\/wp-json\/wp\/v2\/comments?post=18081"}],"wp:featuredmedia":[{"embeddable":true,"href":"https:\/\/pesu24.ee\/en\/wp-json\/wp\/v2\/media\/17274"}],"wp:attachment":[{"href":"https:\/\/pesu24.ee\/en\/wp-json\/wp\/v2\/media?parent=18081"}],"wp:term":[{"taxonomy":"product_brand","embeddable":true,"href":"https:\/\/pesu24.ee\/en\/wp-json\/wp\/v2\/product_brand?post=18081"},{"taxonomy":"product_cat","embeddable":true,"href":"https:\/\/pesu24.ee\/en\/wp-json\/wp\/v2\/product_cat?post=18081"},{"taxonomy":"product_tag","embeddable":true,"href":"https:\/\/pesu24.ee\/en\/wp-json\/wp\/v2\/product_tag?post=18081"}],"curies":[{"name":"wp","href":"https:\/\/api.w.org\/{rel}","templated":true}]}}