{"id":18082,"date":"2025-08-18T21:32:53","date_gmt":"2025-08-18T18:32:53","guid":{"rendered":"https:\/\/pesu24.ee\/?post_type=product&#038;p=18082"},"modified":"2025-08-21T14:18:14","modified_gmt":"2025-08-21T11:18:14","slug":"2-osaline-pesukomplekt-obsessive-kokietta","status":"publish","type":"product","link":"https:\/\/pesu24.ee\/en\/pesukomplektid\/2-osaline-pesukomplekt-obsessive-kokietta\/","title":{"rendered":"2-osaline pesukomplekt Obsessive Kokietta"},"content":{"rendered":"<p>Kas soovite originaalset ja omap\u00e4rast pesu? Kaunist, s\u00fcgavmust ja pooll\u00e4bipaistev materjal paneb iga naise tundma end t\u00f5eliselt taevalikult.<\/p>\n<p>Ja meil on midagi, mis selle tunde pakuks. See on uus temperamentne, kuum ja v\u00fcrtsikas 2-osaline pesukomplekt Kokietta. See tekitab auakartust alates esimesest hetkest, mil peeglisse vaatate.<\/p>\n<p>See komplekt kui \u00f5rnalt see r\u00f5hutab selga ja toob esile k\u00f5ige kaunimad naiselikud vormid ja kumerused. Kaunistatud s\u00fcgava lillelise mustriga ning seljal liblikatiibu meenutav l\u00f5ige.<\/p>\n<p>Elastne materjal, \u00f5lapaeltest reguleeritavus ja tagant astmeline kinnitus tagab ideaalse sobivuse. Lisaks sellele on v\u00e4ga mugav kanda, meeldiv keha vastas tunda ning m\u00f5nus puudutada.<\/p>\n<p><span style=\"color: #008000;\"><strong>DETAILS<\/strong><\/span><\/p>\n<ul>\n<li>2-osaline pesukomplekt<\/li>\n<li>pool-l\u00e4bipaistvast materjalist<\/li>\n<li>komplekti kuuluvad p\u00fcksikud ja rinnahoidja<\/li>\n<li>rinnahoidja \u00f5lapaeltest reguleeritav<\/li>\n<li>rinnahoidja tagant astmelise kinnitusega<\/li>\n<li>elastne kange tagab ideaalse sobivuse<\/li>\n<li>meeldiv puudutada ja m\u00f5nus keha vastas tunda<\/li>\n<li>90% pol\u00fcester, 10% elastaan<\/li>\n<\/ul>\n<p>Tutvu ka sama pesukollektsiooni <a href=\"https:\/\/pesu24.ee\/en\/stringid-puksikud\/stringid-obsessive-kokietta\/\">Kokietta stringidega<\/a> ning soovi korral lisa juurde <a href=\"https:\/\/pesu24.ee\/en\/aksessuaarid\/\">Kokietta mask ja kindad<\/a>.<\/p>\n<p><span style=\"color: #008000;\"><strong>VIDEO<\/strong><\/span><\/p>\n<div class=\"video-container\"><iframe loading=\"lazy\" title=\"SEXY SET KOKIETTA SET - OBSESSIVE\" width=\"500\" height=\"281\" src=\"https:\/\/www.youtube.com\/embed\/egoTN2kA7D8?feature=oembed&#038;wmode=opaque\" frameborder=\"0\" allow=\"accelerometer; autoplay; clipboard-write; encrypted-media; gyroscope; picture-in-picture; web-share\" referrerpolicy=\"strict-origin-when-cross-origin\" allowfullscreen><\/iframe><\/div>","protected":false},"excerpt":{"rendered":"<p>&#46;&#46;&#46;<\/p>","protected":false},"featured_media":17281,"comment_status":"open","ping_status":"closed","template":"","meta":{"_glsr_average":0,"_glsr_ranking":0,"_glsr_reviews":0},"product_brand":[500],"product_cat":[16],"product_tag":[160],"class_list":{"0":"post-18082","1":"product","2":"type-product","3":"status-publish","4":"has-post-thumbnail","6":"product_brand-obsessive","7":"product_cat-pesukomplektid","8":"product_tag-obsessive","9":"pa_suurus-l-xl","10":"pa_suurus-s-m","11":"pa_varvus-must","13":"first","14":"instock","15":"sold-individually","16":"taxable","17":"shipping-taxable","18":"purchasable","19":"product-type-variable"},"_links":{"self":[{"href":"https:\/\/pesu24.ee\/en\/wp-json\/wp\/v2\/product\/18082","targetHints":{"allow":["GET"]}}],"collection":[{"href":"https:\/\/pesu24.ee\/en\/wp-json\/wp\/v2\/product"}],"about":[{"href":"https:\/\/pesu24.ee\/en\/wp-json\/wp\/v2\/types\/product"}],"replies":[{"embeddable":true,"href":"https:\/\/pesu24.ee\/en\/wp-json\/wp\/v2\/comments?post=18082"}],"wp:featuredmedia":[{"embeddable":true,"href":"https:\/\/pesu24.ee\/en\/wp-json\/wp\/v2\/media\/17281"}],"wp:attachment":[{"href":"https:\/\/pesu24.ee\/en\/wp-json\/wp\/v2\/media?parent=18082"}],"wp:term":[{"taxonomy":"product_brand","embeddable":true,"href":"https:\/\/pesu24.ee\/en\/wp-json\/wp\/v2\/product_brand?post=18082"},{"taxonomy":"product_cat","embeddable":true,"href":"https:\/\/pesu24.ee\/en\/wp-json\/wp\/v2\/product_cat?post=18082"},{"taxonomy":"product_tag","embeddable":true,"href":"https:\/\/pesu24.ee\/en\/wp-json\/wp\/v2\/product_tag?post=18082"}],"curies":[{"name":"wp","href":"https:\/\/api.w.org\/{rel}","templated":true}]}}