{"id":18084,"date":"2025-08-18T21:32:53","date_gmt":"2025-08-18T18:32:53","guid":{"rendered":"https:\/\/pesu24.ee\/?post_type=product&#038;p=18084"},"modified":"2026-03-23T11:41:38","modified_gmt":"2026-03-23T09:41:38","slug":"3-osaline-pesukomplekt-obsessive-yassmyne","status":"publish","type":"product","link":"https:\/\/pesu24.ee\/en\/pesukomplektid\/3-osaline-pesukomplekt-obsessive-yassmyne\/","title":{"rendered":"3-osaline pesukomplekt Obsessive Yassmyne"},"content":{"rendered":"<p><strong>3-osaline pesukomplekt Obsessive Yassmyne, mille komplekti kuulub erakordselt kutsuv top. Lisaks sukav\u00f6\u00f6, mis toob esile puusalt kaunile v\u00f6\u00f6le.<\/strong><\/p>\n<p>Kirsiks tordi peal kuulub komplekti ka stringid, mis sobivad ideaalselt kogu komplektiga ning r\u00f5hutavad puusasid veelgi. Tootefotodel olevad <a href=\"https:\/\/pesu24.ee\/en\/sukad\/sukad-obsessive-s800\/\">S800 sukad<\/a> komplekti ei kuulu, aga need saab osta eraldi.<\/p>\n<p>V\u00e4ga elastne ja vastupidav materjal. Lisaks rinnahoidja \u00f5lapaeltest reguleeritav ning tagant astmelise kinnitusega, mis koos elastse materjaliga tagab ideaalse sobivuse.<\/p>\n<p><span style=\"color: #008000;\"><strong>DETAILS<\/strong><\/span><\/p>\n<ul>\n<li>komplekti kuulub topp, sukav\u00f6\u00f6 ja <a href=\"https:\/\/pesu24.ee\/en\/stringid-puksikud\/stringid-obsessive-yassmyne\/\">Yassmyne stringid<\/a><\/li>\n<li>topi rinnahoidjad tugikaartega, \u00f5lapaeltest reguleeritav, tagant astmelise kinnitusega<\/li>\n<li>sukav\u00f6\u00f6l kaks reguleeritavat sukahoidjat<\/li>\n<li>v\u00e4ga elastne ja veniv materjal<\/li>\n<li>mugav kanda, keha vastas tunda ja meeldiv puudutada<\/li>\n<li>elastne materjal ja reguleeritavus tagab ideaalse sobivuse<\/li>\n<li>90% pol\u00fcamiid, 10% elastaan<\/li>\n<li>tootefotodel on <a href=\"https:\/\/pesu24.ee\/en\/sukad\/sukad-obsessive-s800\/\">S800 sukad<\/a>, mis ei kuulu komplekti, aga saab osta eraldi<\/li>\n<\/ul>\n<p>Kui toote stiil ja l\u00f5ige meeldib, siis tutvu ka <a href=\"https:\/\/pesu24.ee\/en\/hommikumantlid\/hommikumantel-obsessive-yassmyne\/\">Yassmyne hommikumantli<\/a> kui ka <a href=\"https:\/\/pesu24.ee\/en\/babydollid\/babydoll-obsessive-yassmyne\/\">Yassmyne babydolliga<\/a>.<\/p>","protected":false},"excerpt":{"rendered":"<p>&#46;&#46;&#46;<\/p>","protected":false},"featured_media":17296,"comment_status":"open","ping_status":"closed","template":"","meta":{"_glsr_average":0,"_glsr_ranking":0,"_glsr_reviews":0},"product_brand":[500],"product_cat":[16],"product_tag":[160],"class_list":{"0":"post-18084","1":"product","2":"type-product","3":"status-publish","4":"has-post-thumbnail","6":"product_brand-obsessive","7":"product_cat-pesukomplektid","8":"product_tag-obsessive","9":"pa_suurus-l-xl","10":"pa_suurus-s-m","11":"pa_varvus-sinine","13":"first","14":"instock","15":"sale","16":"sold-individually","17":"taxable","18":"shipping-taxable","19":"purchasable","20":"product-type-variable"},"_links":{"self":[{"href":"https:\/\/pesu24.ee\/en\/wp-json\/wp\/v2\/product\/18084","targetHints":{"allow":["GET"]}}],"collection":[{"href":"https:\/\/pesu24.ee\/en\/wp-json\/wp\/v2\/product"}],"about":[{"href":"https:\/\/pesu24.ee\/en\/wp-json\/wp\/v2\/types\/product"}],"replies":[{"embeddable":true,"href":"https:\/\/pesu24.ee\/en\/wp-json\/wp\/v2\/comments?post=18084"}],"wp:featuredmedia":[{"embeddable":true,"href":"https:\/\/pesu24.ee\/en\/wp-json\/wp\/v2\/media\/17296"}],"wp:attachment":[{"href":"https:\/\/pesu24.ee\/en\/wp-json\/wp\/v2\/media?parent=18084"}],"wp:term":[{"taxonomy":"product_brand","embeddable":true,"href":"https:\/\/pesu24.ee\/en\/wp-json\/wp\/v2\/product_brand?post=18084"},{"taxonomy":"product_cat","embeddable":true,"href":"https:\/\/pesu24.ee\/en\/wp-json\/wp\/v2\/product_cat?post=18084"},{"taxonomy":"product_tag","embeddable":true,"href":"https:\/\/pesu24.ee\/en\/wp-json\/wp\/v2\/product_tag?post=18084"}],"curies":[{"name":"wp","href":"https:\/\/api.w.org\/{rel}","templated":true}]}}