{"id":18086,"date":"2025-08-18T21:32:54","date_gmt":"2025-08-18T18:32:54","guid":{"rendered":"https:\/\/pesu24.ee\/?post_type=product&#038;p=18086"},"modified":"2025-08-20T14:54:18","modified_gmt":"2025-08-20T11:54:18","slug":"2-osaline-pesukomplekt-obsessive-eloissa","status":"publish","type":"product","link":"https:\/\/pesu24.ee\/en\/pesukomplektid\/2-osaline-pesukomplekt-obsessive-eloissa\/","title":{"rendered":"2-osaline pesukomplekt Obsessive Eloissa"},"content":{"rendered":"<p>Erakordselt keerulisel moel disainitud komplekt? Eloissa rinnahoidja ja stringidel on uskumatult \u00f5rn pits ja erakordne, tagasihoidlikult malbe l\u00f5ige \u2013 l\u00e4ksime kaunistustega hulluks! K\u00f5lab h\u00e4mmastavalt? Hetkel, kui su armsam sind selles komplektis n\u00e4eb, ei taha ta enam kogu naudinguga seiskuda! Kas sa juba tead, mida see v\u00f5luv komplekt selga pannes teeb? See pattu v\u00e4\u00e4rt ost pakub teile nii palju rahulolu! Kas olete valmis veetma unustamatuid hetki oma uues pesus?<\/p>\n<p><span style=\"color: #008000;\"><strong>KOMPLEKT SISALDAB:<\/strong><\/span><\/p>\n<ul>\n<li>rinnahoidja<\/li>\n<li>stringid<\/li>\n<\/ul>\n<p><span style=\"color: #008000;\"><strong>DETAILS:<\/strong><\/span><\/p>\n<ul>\n<li>sensuaalse disainiga komplekt<\/li>\n<li>kaunistatud sensuaalse pitsiga<\/li>\n<li>reguleeritavad \u00f5lapaelad<\/li>\n<li>taga astmeline kinnitus<\/li>\n<li>sobib v\u00e4iksema rinnakorviga naistele<\/li>\n<li>mugav ja elastne materjal (95% pol\u00fcester, 5% elastaan)<\/li>\n<\/ul>","protected":false},"excerpt":{"rendered":"<p>&#46;&#46;&#46;<\/p>","protected":false},"featured_media":17311,"comment_status":"open","ping_status":"closed","template":"","meta":{"_glsr_average":0,"_glsr_ranking":0,"_glsr_reviews":0},"product_brand":[500],"product_cat":[16],"product_tag":[160,415],"class_list":{"0":"post-18086","1":"product","2":"type-product","3":"status-publish","4":"has-post-thumbnail","6":"product_brand-obsessive","7":"product_cat-pesukomplektid","8":"product_tag-obsessive","9":"product_tag-obsessive-eloissa","10":"pa_suurus-l-xl","11":"pa_suurus-s-m","12":"pa_varvus-must","14":"first","15":"instock","16":"sold-individually","17":"taxable","18":"shipping-taxable","19":"purchasable","20":"product-type-variable"},"_links":{"self":[{"href":"https:\/\/pesu24.ee\/en\/wp-json\/wp\/v2\/product\/18086","targetHints":{"allow":["GET"]}}],"collection":[{"href":"https:\/\/pesu24.ee\/en\/wp-json\/wp\/v2\/product"}],"about":[{"href":"https:\/\/pesu24.ee\/en\/wp-json\/wp\/v2\/types\/product"}],"replies":[{"embeddable":true,"href":"https:\/\/pesu24.ee\/en\/wp-json\/wp\/v2\/comments?post=18086"}],"wp:featuredmedia":[{"embeddable":true,"href":"https:\/\/pesu24.ee\/en\/wp-json\/wp\/v2\/media\/17311"}],"wp:attachment":[{"href":"https:\/\/pesu24.ee\/en\/wp-json\/wp\/v2\/media?parent=18086"}],"wp:term":[{"taxonomy":"product_brand","embeddable":true,"href":"https:\/\/pesu24.ee\/en\/wp-json\/wp\/v2\/product_brand?post=18086"},{"taxonomy":"product_cat","embeddable":true,"href":"https:\/\/pesu24.ee\/en\/wp-json\/wp\/v2\/product_cat?post=18086"},{"taxonomy":"product_tag","embeddable":true,"href":"https:\/\/pesu24.ee\/en\/wp-json\/wp\/v2\/product_tag?post=18086"}],"curies":[{"name":"wp","href":"https:\/\/api.w.org\/{rel}","templated":true}]}}