{"id":18087,"date":"2025-08-18T21:32:54","date_gmt":"2025-08-18T18:32:54","guid":{"rendered":"https:\/\/pesu24.ee\/?post_type=product&#038;p=18087"},"modified":"2025-08-21T14:18:24","modified_gmt":"2025-08-21T11:18:24","slug":"3-osaline-pesukomplekt-obsessive-basitta","status":"publish","type":"product","link":"https:\/\/pesu24.ee\/en\/pesukomplektid\/3-osaline-pesukomplekt-obsessive-basitta\/","title":{"rendered":"3-osaline pesukomplekt Obsessive Basitta"},"content":{"rendered":"<p>Siin on Basitta! Komplekt, milles teid ahvatleb suurep\u00e4rane v\u00e4limus ja palju v\u00fcrtsikaid detaile. Komplekt, mis paneb su mehe p\u00f5lvili&#8230; ja see t\u00e4hendab armastust t\u00e4is hetki!<\/p>\n<p>V\u00f5rk annab teile v\u00f5lu ja seotavad paelad m\u00e4rgistavad teie rinnapartiid. Basitta n\u00e4eb teie seljas suurep\u00e4rane v\u00e4lja! Niipea, kui sa ennast selles n\u00e4itad, garanteerime, et ta hakkab sind lahti riietama \u2013 mitte ainult silman\u00e4gemisega!<\/p>\n<p><span style=\"color: #008000;\"><strong>KOMPLEKT SISALDAB:<\/strong><\/span><\/p>\n<ul>\n<li>rinnahoidja<\/li>\n<li>stringid<\/li>\n<li>sukahoidja<\/li>\n<li>NB! sukad ei kuulu komplekti<\/li>\n<\/ul>\n<p>Kombineeriga komplekt endale meelep\u00e4raste <a href=\"https:\/\/pesu24.ee\/en\/sukad\/\">sukkadega<\/a>.<\/p>\n<p><span style=\"color: #008000;\"><strong>DETAILS:<\/strong><\/span><\/p>\n<ul>\n<li>erilise disainiga komplekt<\/li>\n<li>kaunistatud sensuaalse pitsiga<\/li>\n<li>reguleeritavad \u00f5la- ja sukapaelad<\/li>\n<li>taga astmeline kinnitus<\/li>\n<li>mugav ja elastne materjal (90% pol\u00fcamiid, 10% elastaan)<\/li>\n<\/ul>\n<p><span style=\"color: #008000;\"><strong>VIDEO<\/strong><\/span><\/p>\n<div class=\"video-container\"><iframe loading=\"lazy\" title=\"KOKETN\u00cd SET BASITTA SET - OBSESSIVE\" width=\"500\" height=\"281\" src=\"https:\/\/www.youtube.com\/embed\/tubYd2ci6Bg?feature=oembed&#038;wmode=opaque\" frameborder=\"0\" allow=\"accelerometer; autoplay; clipboard-write; encrypted-media; gyroscope; picture-in-picture; web-share\" referrerpolicy=\"strict-origin-when-cross-origin\" allowfullscreen><\/iframe><\/div>","protected":false},"excerpt":{"rendered":"<p>&#46;&#46;&#46;<\/p>","protected":false},"featured_media":17320,"comment_status":"open","ping_status":"closed","template":"","meta":{"_glsr_average":0,"_glsr_ranking":0,"_glsr_reviews":0},"product_brand":[500],"product_cat":[16],"product_tag":[160],"class_list":{"0":"post-18087","1":"product","2":"type-product","3":"status-publish","4":"has-post-thumbnail","6":"product_brand-obsessive","7":"product_cat-pesukomplektid","8":"product_tag-obsessive","9":"pa_suurus-l-xl","10":"pa_suurus-s-m","11":"pa_varvus-must","13":"first","14":"instock","15":"sold-individually","16":"taxable","17":"shipping-taxable","18":"purchasable","19":"product-type-variable"},"_links":{"self":[{"href":"https:\/\/pesu24.ee\/en\/wp-json\/wp\/v2\/product\/18087","targetHints":{"allow":["GET"]}}],"collection":[{"href":"https:\/\/pesu24.ee\/en\/wp-json\/wp\/v2\/product"}],"about":[{"href":"https:\/\/pesu24.ee\/en\/wp-json\/wp\/v2\/types\/product"}],"replies":[{"embeddable":true,"href":"https:\/\/pesu24.ee\/en\/wp-json\/wp\/v2\/comments?post=18087"}],"wp:featuredmedia":[{"embeddable":true,"href":"https:\/\/pesu24.ee\/en\/wp-json\/wp\/v2\/media\/17320"}],"wp:attachment":[{"href":"https:\/\/pesu24.ee\/en\/wp-json\/wp\/v2\/media?parent=18087"}],"wp:term":[{"taxonomy":"product_brand","embeddable":true,"href":"https:\/\/pesu24.ee\/en\/wp-json\/wp\/v2\/product_brand?post=18087"},{"taxonomy":"product_cat","embeddable":true,"href":"https:\/\/pesu24.ee\/en\/wp-json\/wp\/v2\/product_cat?post=18087"},{"taxonomy":"product_tag","embeddable":true,"href":"https:\/\/pesu24.ee\/en\/wp-json\/wp\/v2\/product_tag?post=18087"}],"curies":[{"name":"wp","href":"https:\/\/api.w.org\/{rel}","templated":true}]}}