{"id":18098,"date":"2025-08-18T21:32:54","date_gmt":"2025-08-18T18:32:54","guid":{"rendered":"https:\/\/pesu24.ee\/?post_type=product&#038;p=18098"},"modified":"2025-08-28T10:29:53","modified_gmt":"2025-08-28T07:29:53","slug":"2-osaline-pesukomplekt-obsessive-diyosa-punane","status":"publish","type":"product","link":"https:\/\/pesu24.ee\/en\/pesukomplektid\/2-osaline-pesukomplekt-obsessive-diyosa-punane\/","title":{"rendered":"2-osaline pesukomplekt Obsessive Diyosa"},"content":{"rendered":"<p>2-osaline pesukomplekt Obsessive Diyosa toob esile naiselikud kurvid ja kumerused.<\/p>\n<p>Julge punane v\u00e4rv mitte ainult ei t\u00f5sta teie enesehinnangut, vaid annab ka enesekindlust initsiatiivi haaramiseks. S\u00fcmmeetrilised paelad r\u00f5hutavad kindlasti teie keha atraktiivsust, samas kui pooll\u00e4bipaistvad elemendid lisavad romantilist h\u00f5ngu.<\/p>\n<p><span style=\"color: #008000;\"><strong>KOMPLEKT SISALDAB:<\/strong><\/span><\/p>\n<ul>\n<li>rinnahoidja<\/li>\n<li>p\u00fcksikud<\/li>\n<\/ul>\n<p>Komplekt sobib perfektselt kokku <a href=\"https:\/\/pesu24.ee\/en\/hommikumantlid\/hommikumantel-obsessive-diyosa\/\">Obsessive Diyosa hommikumantliga<\/a>. Kombineerides komplekti musta hommikumantliga, n\u00e4ete v\u00e4lja eriti v\u00f5rgutav ja vastupandamatu.<\/p>\n<p><span style=\"color: #008000;\"><strong>DETAILS:<\/strong><\/span><\/p>\n<ul>\n<li>kaunistatud pitsiga<\/li>\n<li>reguleeritavad \u00f5lapaelad<\/li>\n<li>tagant astmeline kinnitus<\/li>\n<li>toode on saadaval kahes suuruses: XS\/S ja M\/L<\/li>\n<li>mugav ning elastne materjal (85% pol\u00fcamiid, 15% elastaan)<\/li>\n<\/ul>","protected":false},"excerpt":{"rendered":"<p>&#46;&#46;&#46;<\/p>","protected":false},"featured_media":17405,"comment_status":"open","ping_status":"closed","template":"","meta":{"_glsr_average":0,"_glsr_ranking":0,"_glsr_reviews":0},"product_brand":[500],"product_cat":[16],"product_tag":[160],"class_list":{"0":"post-18098","1":"product","2":"type-product","3":"status-publish","4":"has-post-thumbnail","6":"product_brand-obsessive","7":"product_cat-pesukomplektid","8":"product_tag-obsessive","9":"pa_suurus-m-l","10":"pa_suurus-xs-s","11":"pa_varvus-punane","13":"first","14":"instock","15":"sold-individually","16":"taxable","17":"shipping-taxable","18":"purchasable","19":"product-type-variable"},"_links":{"self":[{"href":"https:\/\/pesu24.ee\/en\/wp-json\/wp\/v2\/product\/18098","targetHints":{"allow":["GET"]}}],"collection":[{"href":"https:\/\/pesu24.ee\/en\/wp-json\/wp\/v2\/product"}],"about":[{"href":"https:\/\/pesu24.ee\/en\/wp-json\/wp\/v2\/types\/product"}],"replies":[{"embeddable":true,"href":"https:\/\/pesu24.ee\/en\/wp-json\/wp\/v2\/comments?post=18098"}],"wp:featuredmedia":[{"embeddable":true,"href":"https:\/\/pesu24.ee\/en\/wp-json\/wp\/v2\/media\/17405"}],"wp:attachment":[{"href":"https:\/\/pesu24.ee\/en\/wp-json\/wp\/v2\/media?parent=18098"}],"wp:term":[{"taxonomy":"product_brand","embeddable":true,"href":"https:\/\/pesu24.ee\/en\/wp-json\/wp\/v2\/product_brand?post=18098"},{"taxonomy":"product_cat","embeddable":true,"href":"https:\/\/pesu24.ee\/en\/wp-json\/wp\/v2\/product_cat?post=18098"},{"taxonomy":"product_tag","embeddable":true,"href":"https:\/\/pesu24.ee\/en\/wp-json\/wp\/v2\/product_tag?post=18098"}],"curies":[{"name":"wp","href":"https:\/\/api.w.org\/{rel}","templated":true}]}}