{"id":18099,"date":"2025-08-18T21:32:54","date_gmt":"2025-08-18T18:32:54","guid":{"rendered":"https:\/\/pesu24.ee\/?post_type=product&#038;p=18099"},"modified":"2025-08-20T14:54:19","modified_gmt":"2025-08-20T11:54:19","slug":"2-osaline-pesukomplekt-obsessive-joylace","status":"publish","type":"product","link":"https:\/\/pesu24.ee\/en\/pesukomplektid\/2-osaline-pesukomplekt-obsessive-joylace\/","title":{"rendered":"2-osaline pesukomplekt Obsessive Joylace"},"content":{"rendered":"<p>Obsessive Joylace pesukomplekt on \u0161ikk ja elegantne, mille sarnast te pole varem n\u00e4inud. Antud komplektiga tunnete end eriti naiselikult, millele ei suuda vastu panna mitte \u00fckski mees.<\/p>\n<p><span style=\"color: #008000;\"><strong>KOMPLEKT SISALDAB:<\/strong><\/span><\/p>\n<ul>\n<li>rinnahoidja<\/li>\n<li>stringid<\/li>\n<\/ul>\n<p><span style=\"color: #008000;\"><strong>DETAILS:<\/strong><\/span><\/p>\n<ul>\n<li>naiselik komplekt<\/li>\n<li>reguleeritavad \u00f5lapaelad<\/li>\n<li>taga astmeline kinnitus<\/li>\n<li>kaunistatud p\u00e4rlitega<\/li>\n<li>unikaalne pitsmuster<\/li>\n<li>mugav ja veniv Multostretch materjal (90% pol\u00fcamiid, 10% elastaan)<\/li>\n<\/ul>\n<p><span style=\"color: #008000;\"><strong>VIDEO<\/strong><\/span><\/p>\n<div class=\"video-container\"><iframe loading=\"lazy\" title=\"LADN\u00dd SET JOYLACE SET - OBSESSIVE\" width=\"500\" height=\"281\" src=\"https:\/\/www.youtube.com\/embed\/5GpWLjHTYRo?feature=oembed&#038;wmode=opaque\" frameborder=\"0\" allow=\"accelerometer; autoplay; clipboard-write; encrypted-media; gyroscope; picture-in-picture; web-share\" referrerpolicy=\"strict-origin-when-cross-origin\" allowfullscreen><\/iframe><\/div>","protected":false},"excerpt":{"rendered":"<p>https:\/\/www.youtube.com\/watch?v=5GpWLjHTYRo<\/p>","protected":false},"featured_media":17414,"comment_status":"open","ping_status":"closed","template":"","meta":{"_glsr_average":0,"_glsr_ranking":0,"_glsr_reviews":0},"product_brand":[500],"product_cat":[16],"product_tag":[160],"class_list":{"0":"post-18099","1":"product","2":"type-product","3":"status-publish","4":"has-post-thumbnail","6":"product_brand-obsessive","7":"product_cat-pesukomplektid","8":"product_tag-obsessive","9":"pa_suurus-l-xl","10":"pa_suurus-s-m","11":"pa_varvus-must","13":"first","14":"instock","15":"sold-individually","16":"taxable","17":"shipping-taxable","18":"purchasable","19":"product-type-variable"},"_links":{"self":[{"href":"https:\/\/pesu24.ee\/en\/wp-json\/wp\/v2\/product\/18099","targetHints":{"allow":["GET"]}}],"collection":[{"href":"https:\/\/pesu24.ee\/en\/wp-json\/wp\/v2\/product"}],"about":[{"href":"https:\/\/pesu24.ee\/en\/wp-json\/wp\/v2\/types\/product"}],"replies":[{"embeddable":true,"href":"https:\/\/pesu24.ee\/en\/wp-json\/wp\/v2\/comments?post=18099"}],"wp:featuredmedia":[{"embeddable":true,"href":"https:\/\/pesu24.ee\/en\/wp-json\/wp\/v2\/media\/17414"}],"wp:attachment":[{"href":"https:\/\/pesu24.ee\/en\/wp-json\/wp\/v2\/media?parent=18099"}],"wp:term":[{"taxonomy":"product_brand","embeddable":true,"href":"https:\/\/pesu24.ee\/en\/wp-json\/wp\/v2\/product_brand?post=18099"},{"taxonomy":"product_cat","embeddable":true,"href":"https:\/\/pesu24.ee\/en\/wp-json\/wp\/v2\/product_cat?post=18099"},{"taxonomy":"product_tag","embeddable":true,"href":"https:\/\/pesu24.ee\/en\/wp-json\/wp\/v2\/product_tag?post=18099"}],"curies":[{"name":"wp","href":"https:\/\/api.w.org\/{rel}","templated":true}]}}