{"id":18101,"date":"2025-08-18T21:32:54","date_gmt":"2025-08-18T18:32:54","guid":{"rendered":"https:\/\/pesu24.ee\/?post_type=product&#038;p=18101"},"modified":"2025-08-20T14:54:19","modified_gmt":"2025-08-20T11:54:19","slug":"bikiinid-obsessive-balitta","status":"publish","type":"product","link":"https:\/\/pesu24.ee\/en\/pesukomplektid\/bikiinid-obsessive-balitta\/","title":{"rendered":"Bikiinid Obsessive Balitta"},"content":{"rendered":"<p>H\u00fcppa imelistesse Obsessive Balitta bikiinidesse ja naudi oma puhkuse- ja rannam\u00f5nusid t\u00e4iel rinnal. Komplekt on valmistatud p\u00e4ikese k\u00e4es s\u00e4delevast lillast kangast, mis muudab teid automaatselt eriti seksikaks ja vastupandamatuks.<\/p>\n<p><span style=\"color: #008000;\"><strong>KOMPLEKT SISALDAB:<\/strong><\/span><\/p>\n<ul>\n<li>rinnahoidja<\/li>\n<li>p\u00fcksikud<\/li>\n<\/ul>\n<p><span style=\"color: #008000;\"><strong>DETAILS:<\/strong><\/span><\/p>\n<ul>\n<li>seksikat lillat tooni<\/li>\n<li>p\u00e4ikese k\u00e4es s\u00e4delev kangas<\/li>\n<li>rinnakorv kolmnurkse l\u00f5ikega<\/li>\n<li>as\u00fcmmetrilised paelad rinnakorvi all<\/li>\n<li>kahekordsed paelad seljal<\/li>\n<li>seotavad kaelalt &amp; selja tagant<\/li>\n<li>p\u00fcksikud toovad esile teie puusad<\/li>\n<li>saadaval kolmes suuruses &#8211; S, M, L<\/li>\n<li>mugav &amp; elastne kangas (82% pol\u00fcamiid, 18% elastaan)<\/li>\n<li>vooder (95% pol\u00fcester, 5% elastaan)<\/li>\n<\/ul>","protected":false},"excerpt":{"rendered":"<p>&#46;&#46;&#46;<\/p>","protected":false},"featured_media":17430,"comment_status":"open","ping_status":"closed","template":"","meta":{"_glsr_average":0,"_glsr_ranking":0,"_glsr_reviews":0},"product_brand":[500],"product_cat":[108,16],"product_tag":[160],"class_list":{"0":"post-18101","1":"product","2":"type-product","3":"status-publish","4":"has-post-thumbnail","6":"product_brand-obsessive","7":"product_cat-aksessuaarid","8":"product_cat-pesukomplektid","9":"product_tag-obsessive","10":"pa_suurus-l","11":"pa_suurus-m","12":"pa_suurus-s","13":"pa_varvus-lilla","15":"first","16":"instock","17":"sold-individually","18":"taxable","19":"shipping-taxable","20":"purchasable","21":"product-type-variable"},"_links":{"self":[{"href":"https:\/\/pesu24.ee\/en\/wp-json\/wp\/v2\/product\/18101","targetHints":{"allow":["GET"]}}],"collection":[{"href":"https:\/\/pesu24.ee\/en\/wp-json\/wp\/v2\/product"}],"about":[{"href":"https:\/\/pesu24.ee\/en\/wp-json\/wp\/v2\/types\/product"}],"replies":[{"embeddable":true,"href":"https:\/\/pesu24.ee\/en\/wp-json\/wp\/v2\/comments?post=18101"}],"wp:featuredmedia":[{"embeddable":true,"href":"https:\/\/pesu24.ee\/en\/wp-json\/wp\/v2\/media\/17430"}],"wp:attachment":[{"href":"https:\/\/pesu24.ee\/en\/wp-json\/wp\/v2\/media?parent=18101"}],"wp:term":[{"taxonomy":"product_brand","embeddable":true,"href":"https:\/\/pesu24.ee\/en\/wp-json\/wp\/v2\/product_brand?post=18101"},{"taxonomy":"product_cat","embeddable":true,"href":"https:\/\/pesu24.ee\/en\/wp-json\/wp\/v2\/product_cat?post=18101"},{"taxonomy":"product_tag","embeddable":true,"href":"https:\/\/pesu24.ee\/en\/wp-json\/wp\/v2\/product_tag?post=18101"}],"curies":[{"name":"wp","href":"https:\/\/api.w.org\/{rel}","templated":true}]}}