{"id":18103,"date":"2025-08-18T21:32:59","date_gmt":"2025-08-18T18:32:59","guid":{"rendered":"https:\/\/pesu24.ee\/?post_type=product&#038;p=18103"},"modified":"2025-08-20T14:54:17","modified_gmt":"2025-08-20T11:54:17","slug":"bikiinid-obsessive-blancossa","status":"publish","type":"product","link":"https:\/\/pesu24.ee\/en\/pesukomplektid\/bikiinid-obsessive-blancossa\/","title":{"rendered":"Bikiinid Obsessive Blancossa"},"content":{"rendered":"<p>Obsessive Blancossa bikiinide ahvatlev l\u00e4ikiv valge kangas muudab teid iga ranna printsessiks ning h\u00e4mmastav l\u00f5ige r\u00f5hutab teie naiselikke vorme ja hoolitseb figuuri fenomenaalse kuju eest.<\/p>\n<p>Kas plaanite oma puhkust palmide all veeta v\u00f5i kodustel rannaliivadel? Sel juhul v\u00f5tke kaasa need bikiinid ja olete nende randade superstaar.<\/p>\n<p><span style=\"color: #008000;\"><strong>KOMPLEKT SISALDAB:<\/strong><\/span><\/p>\n<ul>\n<li>rinnahoidja<\/li>\n<li>p\u00fcksikud<\/li>\n<\/ul>\n<p><span style=\"color: #008000;\"><strong>DETAILS:<\/strong><\/span><\/p>\n<ul>\n<li>seksikat valget tooni<\/li>\n<li>p\u00e4ikese k\u00e4es s\u00e4delev kangas<\/li>\n<li>rinnakorv kolmnurkse l\u00f5ikega<\/li>\n<li>as\u00fcmmetrilised paelad rinnakorvi all<\/li>\n<li>kahekordsed paelad seljal<\/li>\n<li>seotavad kaelalt &amp; selja tagant<\/li>\n<li>p\u00fcksikud toovad esile teie puusad<\/li>\n<li>saadaval kolmes suuruses &#8211; S, M, L<\/li>\n<li>mugav &amp; elastne kangas (82% pol\u00fcamiid, 18% elastaan)<\/li>\n<li>vooder (95% pol\u00fcester, 5% elastaan)<\/li>\n<\/ul>","protected":false},"excerpt":{"rendered":"<p>&#46;&#46;&#46;<\/p>","protected":false},"featured_media":17440,"comment_status":"open","ping_status":"closed","template":"","meta":{"_glsr_average":0,"_glsr_ranking":0,"_glsr_reviews":0},"product_brand":[500],"product_cat":[108,16],"product_tag":[160],"class_list":{"0":"post-18103","1":"product","2":"type-product","3":"status-publish","4":"has-post-thumbnail","6":"product_brand-obsessive","7":"product_cat-aksessuaarid","8":"product_cat-pesukomplektid","9":"product_tag-obsessive","10":"pa_suurus-l","11":"pa_suurus-m","12":"pa_suurus-s","13":"pa_varvus-valge","15":"first","16":"instock","17":"sold-individually","18":"taxable","19":"shipping-taxable","20":"purchasable","21":"product-type-variable"},"_links":{"self":[{"href":"https:\/\/pesu24.ee\/en\/wp-json\/wp\/v2\/product\/18103","targetHints":{"allow":["GET"]}}],"collection":[{"href":"https:\/\/pesu24.ee\/en\/wp-json\/wp\/v2\/product"}],"about":[{"href":"https:\/\/pesu24.ee\/en\/wp-json\/wp\/v2\/types\/product"}],"replies":[{"embeddable":true,"href":"https:\/\/pesu24.ee\/en\/wp-json\/wp\/v2\/comments?post=18103"}],"wp:featuredmedia":[{"embeddable":true,"href":"https:\/\/pesu24.ee\/en\/wp-json\/wp\/v2\/media\/17440"}],"wp:attachment":[{"href":"https:\/\/pesu24.ee\/en\/wp-json\/wp\/v2\/media?parent=18103"}],"wp:term":[{"taxonomy":"product_brand","embeddable":true,"href":"https:\/\/pesu24.ee\/en\/wp-json\/wp\/v2\/product_brand?post=18103"},{"taxonomy":"product_cat","embeddable":true,"href":"https:\/\/pesu24.ee\/en\/wp-json\/wp\/v2\/product_cat?post=18103"},{"taxonomy":"product_tag","embeddable":true,"href":"https:\/\/pesu24.ee\/en\/wp-json\/wp\/v2\/product_tag?post=18103"}],"curies":[{"name":"wp","href":"https:\/\/api.w.org\/{rel}","templated":true}]}}