{"id":18107,"date":"2026-02-12T00:00:00","date_gmt":"2026-02-11T22:00:00","guid":{"rendered":"https:\/\/pesu24.ee\/?post_type=product&#038;p=18107"},"modified":"2026-02-12T13:13:52","modified_gmt":"2026-02-12T11:13:52","slug":"2-osaline-pesukomplekt-obsessive-lilines","status":"publish","type":"product","link":"https:\/\/pesu24.ee\/en\/pesukomplektid\/2-osaline-pesukomplekt-obsessive-lilines\/","title":{"rendered":"2-osaline pesukomplekt Obsessive Lilines"},"content":{"rendered":"<p>Obsessive Lilines on sensuaalne 2-osaline pesukomplekt, mis on valmistatud \u00f5rnast heleroosast pitsist. Must \u00e4\u00e4ris r\u00f5hutab suurep\u00e4raselt teie siluetti ning toob esile teie keha imelised kumerused.<\/p>\n<p><span style=\"color: #a68d03;\"><strong>Details<\/strong><\/span><\/p>\n<div class=\"omadused\">\n<ul>\n<li>komplekt sisaldab rinnahoidjat ja p\u00fcksikuid.<\/li>\n<li>valmistatud heleroosast pitsist<\/li>\n<li>reguleeritavad \u00f5lapaelad<\/li>\n<li>pehme rinnakorv<\/li>\n<li>taga astmeline kinnitus<\/li>\n<li>p\u00fcksikutel stringidega sarnane l\u00f5ige<\/li>\n<li>mugav ja veniv kangas (90% pol\u00fcamiid, 10% elastaan)<\/li>\n<\/ul>\n<\/div>\n<p><span style=\"color: #008000;\"><strong>Tootevideo<\/strong><\/span><\/p>\n<div class=\"video-container\"><iframe loading=\"lazy\" title=\"JEMN\u00dd SET LILINES SET - OBSESSIVE\" width=\"500\" height=\"281\" src=\"https:\/\/www.youtube.com\/embed\/XKCnbSJU2Tc?feature=oembed&#038;wmode=opaque\" frameborder=\"0\" allow=\"accelerometer; autoplay; clipboard-write; encrypted-media; gyroscope; picture-in-picture; web-share\" referrerpolicy=\"strict-origin-when-cross-origin\" allowfullscreen><\/iframe><\/div>","protected":false},"excerpt":{"rendered":"<p>https:\/\/www.youtube.com\/watch?v=XKCnbSJU2Tc&amp;ab_channel=Luxusn%C3%ADpr%C3%A1dlo-www.luxusnipradlo.cz<\/p>","protected":false},"featured_media":30839,"comment_status":"open","ping_status":"closed","template":"","meta":{"_glsr_average":0,"_glsr_ranking":0,"_glsr_reviews":0},"product_brand":[500],"product_cat":[16],"product_tag":[160,199],"class_list":{"0":"post-18107","1":"product","2":"type-product","3":"status-publish","4":"has-post-thumbnail","6":"product_brand-obsessive","7":"product_cat-pesukomplektid","8":"product_tag-obsessive","9":"product_tag-roosa-naiste-pesu","10":"pa_suurus-l-xl","11":"pa_suurus-s-m","12":"pa_varvus-must","13":"pa_varvus-roosa","15":"first","16":"instock","17":"sold-individually","18":"taxable","19":"shipping-taxable","20":"purchasable","21":"product-type-variable"},"_links":{"self":[{"href":"https:\/\/pesu24.ee\/en\/wp-json\/wp\/v2\/product\/18107","targetHints":{"allow":["GET"]}}],"collection":[{"href":"https:\/\/pesu24.ee\/en\/wp-json\/wp\/v2\/product"}],"about":[{"href":"https:\/\/pesu24.ee\/en\/wp-json\/wp\/v2\/types\/product"}],"replies":[{"embeddable":true,"href":"https:\/\/pesu24.ee\/en\/wp-json\/wp\/v2\/comments?post=18107"}],"wp:featuredmedia":[{"embeddable":true,"href":"https:\/\/pesu24.ee\/en\/wp-json\/wp\/v2\/media\/30839"}],"wp:attachment":[{"href":"https:\/\/pesu24.ee\/en\/wp-json\/wp\/v2\/media?parent=18107"}],"wp:term":[{"taxonomy":"product_brand","embeddable":true,"href":"https:\/\/pesu24.ee\/en\/wp-json\/wp\/v2\/product_brand?post=18107"},{"taxonomy":"product_cat","embeddable":true,"href":"https:\/\/pesu24.ee\/en\/wp-json\/wp\/v2\/product_cat?post=18107"},{"taxonomy":"product_tag","embeddable":true,"href":"https:\/\/pesu24.ee\/en\/wp-json\/wp\/v2\/product_tag?post=18107"}],"curies":[{"name":"wp","href":"https:\/\/api.w.org\/{rel}","templated":true}]}}