{"id":18112,"date":"2025-08-18T21:33:00","date_gmt":"2025-08-18T18:33:00","guid":{"rendered":"https:\/\/pesu24.ee\/?post_type=product&#038;p=18112"},"modified":"2025-08-21T16:50:27","modified_gmt":"2025-08-21T13:50:27","slug":"2-osaline-pesukomplekt-obsessive-lonesia","status":"publish","type":"product","link":"https:\/\/pesu24.ee\/en\/pesukomplektid\/2-osaline-pesukomplekt-obsessive-lonesia\/","title":{"rendered":"2-osaline pesukomplekt Obsessive Lonesia"},"content":{"rendered":"<p>Obsessive Lonesia pesukomplekt on t\u00f5eliselt kuum ettepanek punase v\u00e4rvi armastajatele. Komplekt meelitab unikaalsete kaunistustega v\u00e4ga elegantses versioonis ja naiseliku l\u00f5ikega, mis r\u00f5hutab suurep\u00e4raselt figuuri. Rinnahoidja tagab kauni v\u00e4limuse ja toetab rindu ning kergelt l\u00e4bipaistvast materjalist p\u00fcksikud r\u00f5hutavad fenomenaalselt puusasid ja tagumikku.<\/p>\n<p><span style=\"color: #008000;\"><strong>KOMPLEKT SISALDAB:<\/strong><\/span><\/p>\n<ul>\n<li>rinnahoidja<\/li>\n<li>p\u00fcksikud<\/li>\n<\/ul>\n<p>Pesukomplekt sobib kokku <a href=\"https:\/\/pesu24.ee\/en\/aksessuaarid\/sukahoidja-obsessive-lonesia\/\">Obsessive Lonesia sukahoidjaga<\/a>.<\/p>\n<p><span style=\"color: #008000;\"><strong>DETAILS:<\/strong><\/span><\/p>\n<ul>\n<li>reguleeritavad \u00f5lapaelad<\/li>\n<li>rinnahoidjal tugikaared<\/li>\n<li>laiad rinnahoidja paelad (suurem mugavus)<\/li>\n<li>taga astmeline kinnitus<\/li>\n<li>mugav ja veniv kangas (60% pol\u00fcester, 40% pol\u00fcamiid)<\/li>\n<\/ul>","protected":false},"excerpt":{"rendered":"<p>&#46;&#46;&#46;<\/p>","protected":false},"featured_media":17511,"comment_status":"open","ping_status":"closed","template":"","meta":{"_glsr_average":0,"_glsr_ranking":0,"_glsr_reviews":0},"product_brand":[500],"product_cat":[16],"product_tag":[160],"class_list":{"0":"post-18112","1":"product","2":"type-product","3":"status-publish","4":"has-post-thumbnail","6":"product_brand-obsessive","7":"product_cat-pesukomplektid","8":"product_tag-obsessive","9":"pa_suurus-l-xl","10":"pa_suurus-s-m","11":"pa_varvus-punane","13":"first","14":"instock","15":"sold-individually","16":"taxable","17":"shipping-taxable","18":"purchasable","19":"product-type-variable"},"_links":{"self":[{"href":"https:\/\/pesu24.ee\/en\/wp-json\/wp\/v2\/product\/18112","targetHints":{"allow":["GET"]}}],"collection":[{"href":"https:\/\/pesu24.ee\/en\/wp-json\/wp\/v2\/product"}],"about":[{"href":"https:\/\/pesu24.ee\/en\/wp-json\/wp\/v2\/types\/product"}],"replies":[{"embeddable":true,"href":"https:\/\/pesu24.ee\/en\/wp-json\/wp\/v2\/comments?post=18112"}],"wp:featuredmedia":[{"embeddable":true,"href":"https:\/\/pesu24.ee\/en\/wp-json\/wp\/v2\/media\/17511"}],"wp:attachment":[{"href":"https:\/\/pesu24.ee\/en\/wp-json\/wp\/v2\/media?parent=18112"}],"wp:term":[{"taxonomy":"product_brand","embeddable":true,"href":"https:\/\/pesu24.ee\/en\/wp-json\/wp\/v2\/product_brand?post=18112"},{"taxonomy":"product_cat","embeddable":true,"href":"https:\/\/pesu24.ee\/en\/wp-json\/wp\/v2\/product_cat?post=18112"},{"taxonomy":"product_tag","embeddable":true,"href":"https:\/\/pesu24.ee\/en\/wp-json\/wp\/v2\/product_tag?post=18112"}],"curies":[{"name":"wp","href":"https:\/\/api.w.org\/{rel}","templated":true}]}}