{"id":18113,"date":"2026-03-17T21:33:00","date_gmt":"2026-03-17T19:33:00","guid":{"rendered":"https:\/\/pesu24.ee\/?post_type=product&#038;p=18113"},"modified":"2026-03-30T13:48:34","modified_gmt":"2026-03-30T11:48:34","slug":"2-osaline-pesukomplekt-obsessive-giselia","status":"publish","type":"product","link":"https:\/\/pesu24.ee\/en\/pesukomplektid\/2-osaline-pesukomplekt-obsessive-giselia\/","title":{"rendered":"2-osaline pesukomplekt Obsessive Giselia"},"content":{"rendered":"<p>Obsessive Giselia on sensuaalne 2-osaline pesukomplekt, mis on seatud ainulaadses, energiat andvas koobalti toonis.<\/p>\n<p>Rinnahoidja moodne disain koos \u00fchtse tugikaarega tagab teie rindadele kauni v\u00e4limuse ja t\u00e4iusliku toe.<\/p>\n<p>Ehetega kaunistatud fenomenaalne dekoltee t\u00f5mbab t\u00e4helepanu ning elegantne, naiselik pits lisab stiili ja elegantsi. S\u00fcgava l\u00f5ikega p\u00fcksikud r\u00f5hutavad figuuri ja muudavad teie v\u00f6\u00f6koha optiliselt saledamaks.<\/p>\n<p><span style=\"color: #a68d03;\"><strong>Details<\/strong><\/span><\/p>\n<div class=\"omadused\">\n<ul>\n<li>komplekt sisaldab rinnahoidjat ja p\u00fcksikuid<\/li>\n<li>unikaalne koobalti sinist tooni<\/li>\n<li>reguleeritavad \u00f5lapaelad<\/li>\n<li>rinnahoidjal \u00fchtne tugikaar<\/li>\n<li>kaela tagant kinnituv<\/li>\n<li>taga astmeline kinnitus<\/li>\n<li>mugav ja elastne kangas (90% pol\u00fcamiid, 10% elastaan)<\/li>\n<\/ul>\n<\/div>\n<p><span style=\"color: #008000;\"><strong>VIDEO<\/strong><\/span><\/p>\n<div class=\"video-container\"><iframe loading=\"lazy\" title=\"JEDINE\u010cN\u00dd SET GISELIA SET - OBSESSIVE\" width=\"500\" height=\"281\" src=\"https:\/\/www.youtube.com\/embed\/7gB0iA6yI00?feature=oembed&#038;wmode=opaque\" frameborder=\"0\" allow=\"accelerometer; autoplay; clipboard-write; encrypted-media; gyroscope; picture-in-picture; web-share\" referrerpolicy=\"strict-origin-when-cross-origin\" allowfullscreen><\/iframe><\/div>","protected":false},"excerpt":{"rendered":"<p>&#46;&#46;&#46;<\/p>","protected":false},"featured_media":31255,"comment_status":"open","ping_status":"closed","template":"","meta":{"_glsr_average":0,"_glsr_ranking":0,"_glsr_reviews":0},"product_brand":[500],"product_cat":[16],"product_tag":[160],"class_list":{"0":"post-18113","1":"product","2":"type-product","3":"status-publish","4":"has-post-thumbnail","6":"product_brand-obsessive","7":"product_cat-pesukomplektid","8":"product_tag-obsessive","9":"pa_suurus-m-l","10":"pa_suurus-xs-s","11":"pa_varvus-sinine","13":"first","14":"instock","15":"sold-individually","16":"taxable","17":"shipping-taxable","18":"purchasable","19":"product-type-variable"},"_links":{"self":[{"href":"https:\/\/pesu24.ee\/en\/wp-json\/wp\/v2\/product\/18113","targetHints":{"allow":["GET"]}}],"collection":[{"href":"https:\/\/pesu24.ee\/en\/wp-json\/wp\/v2\/product"}],"about":[{"href":"https:\/\/pesu24.ee\/en\/wp-json\/wp\/v2\/types\/product"}],"replies":[{"embeddable":true,"href":"https:\/\/pesu24.ee\/en\/wp-json\/wp\/v2\/comments?post=18113"}],"wp:featuredmedia":[{"embeddable":true,"href":"https:\/\/pesu24.ee\/en\/wp-json\/wp\/v2\/media\/31255"}],"wp:attachment":[{"href":"https:\/\/pesu24.ee\/en\/wp-json\/wp\/v2\/media?parent=18113"}],"wp:term":[{"taxonomy":"product_brand","embeddable":true,"href":"https:\/\/pesu24.ee\/en\/wp-json\/wp\/v2\/product_brand?post=18113"},{"taxonomy":"product_cat","embeddable":true,"href":"https:\/\/pesu24.ee\/en\/wp-json\/wp\/v2\/product_cat?post=18113"},{"taxonomy":"product_tag","embeddable":true,"href":"https:\/\/pesu24.ee\/en\/wp-json\/wp\/v2\/product_tag?post=18113"}],"curies":[{"name":"wp","href":"https:\/\/api.w.org\/{rel}","templated":true}]}}