{"id":18114,"date":"2025-08-18T21:33:00","date_gmt":"2025-08-18T18:33:00","guid":{"rendered":"https:\/\/pesu24.ee\/?post_type=product&#038;p=18114"},"modified":"2025-08-21T15:48:33","modified_gmt":"2025-08-21T12:48:33","slug":"2-osaline-pesukomplekt-obsessive-bloomys","status":"publish","type":"product","link":"https:\/\/pesu24.ee\/en\/pesukomplektid\/2-osaline-pesukomplekt-obsessive-bloomys\/","title":{"rendered":"2-osaline pesukomplekt Obsessive Bloomys"},"content":{"rendered":"<p>Lihtsalt vaadake vaid seda t\u00e4is seksikirevat pesukomplekti Obsessive Bloomys kollektsioonist. Kas tahate end magamistoas sensuaalselt tunda v\u00f5i soovid seda imetlust oma riiete alla peita, et seda ainult enda jaoks omada?<\/p>\n<p>Mugav l\u00f5ige ja meeldiva puudutusega materjalid tagavad kandmismugavuse ning luksuslik pits \u00fcmbritseb keha, r\u00f5hutades k\u00f5iki selle eeliseid. \u00c4ra k\u00f5hkle ja armu Obsessive Bloomysse juba t\u00e4na.<\/p>\n<p><span style=\"color: #008000;\"><strong>KOMPLEKT SISALDAB:<\/strong><\/span><\/p>\n<ul>\n<li>rinnahoidja<\/li>\n<li>p\u00fcksikud<\/li>\n<\/ul>\n<p><span style=\"color: #008000;\"><strong>DETAILS:<\/strong><\/span><\/p>\n<ul>\n<li>imeilus pesukomplekt<\/li>\n<li>delikaatne lillemustriga pits<\/li>\n<li>kolmnurkse disainiga pehme rinnakorv<\/li>\n<li>reguleeritavad \u00f5lapaela<\/li>\n<li>taga astmeline kinnitus<\/li>\n<li>mugav ja elastne kangas (90% pol\u00fcamiid, 10% elastaan)<\/li>\n<\/ul>\n<p><span style=\"color: #008000;\"><strong>VIDEO<\/strong><\/span><\/p>\n<div class=\"video-container\"><iframe loading=\"lazy\" title=\"SMYSLN\u00dd SET BLOOMYS SET - OBSESSIVE\" width=\"500\" height=\"281\" src=\"https:\/\/www.youtube.com\/embed\/Cfnorj6ZjHY?feature=oembed&#038;wmode=opaque\" frameborder=\"0\" allow=\"accelerometer; autoplay; clipboard-write; encrypted-media; gyroscope; picture-in-picture; web-share\" referrerpolicy=\"strict-origin-when-cross-origin\" allowfullscreen><\/iframe><\/div>","protected":false},"excerpt":{"rendered":"<p>&#46;&#46;&#46;<\/p>","protected":false},"featured_media":17527,"comment_status":"open","ping_status":"closed","template":"","meta":{"_glsr_average":0,"_glsr_ranking":0,"_glsr_reviews":0},"product_brand":[500],"product_cat":[16],"product_tag":[160],"class_list":{"0":"post-18114","1":"product","2":"type-product","3":"status-publish","4":"has-post-thumbnail","6":"product_brand-obsessive","7":"product_cat-pesukomplektid","8":"product_tag-obsessive","9":"pa_suurus-l-xl","10":"pa_suurus-s-m","11":"pa_varvus-roosa","12":"pa_varvus-valge","14":"first","15":"instock","16":"sold-individually","17":"taxable","18":"shipping-taxable","19":"purchasable","20":"product-type-variable"},"_links":{"self":[{"href":"https:\/\/pesu24.ee\/en\/wp-json\/wp\/v2\/product\/18114","targetHints":{"allow":["GET"]}}],"collection":[{"href":"https:\/\/pesu24.ee\/en\/wp-json\/wp\/v2\/product"}],"about":[{"href":"https:\/\/pesu24.ee\/en\/wp-json\/wp\/v2\/types\/product"}],"replies":[{"embeddable":true,"href":"https:\/\/pesu24.ee\/en\/wp-json\/wp\/v2\/comments?post=18114"}],"wp:featuredmedia":[{"embeddable":true,"href":"https:\/\/pesu24.ee\/en\/wp-json\/wp\/v2\/media\/17527"}],"wp:attachment":[{"href":"https:\/\/pesu24.ee\/en\/wp-json\/wp\/v2\/media?parent=18114"}],"wp:term":[{"taxonomy":"product_brand","embeddable":true,"href":"https:\/\/pesu24.ee\/en\/wp-json\/wp\/v2\/product_brand?post=18114"},{"taxonomy":"product_cat","embeddable":true,"href":"https:\/\/pesu24.ee\/en\/wp-json\/wp\/v2\/product_cat?post=18114"},{"taxonomy":"product_tag","embeddable":true,"href":"https:\/\/pesu24.ee\/en\/wp-json\/wp\/v2\/product_tag?post=18114"}],"curies":[{"name":"wp","href":"https:\/\/api.w.org\/{rel}","templated":true}]}}