{"id":18116,"date":"2026-01-23T14:00:00","date_gmt":"2026-01-23T12:00:00","guid":{"rendered":"https:\/\/pesu24.ee\/?post_type=product&#038;p=18116"},"modified":"2026-02-19T09:59:44","modified_gmt":"2026-02-19T07:59:44","slug":"2-osaline-pesukomplekt-obsessive-cobra-nive","status":"publish","type":"product","link":"https:\/\/pesu24.ee\/en\/pesukomplektid\/2-osaline-pesukomplekt-obsessive-cobra-nive\/","title":{"rendered":"2-osaline pesukomplekt Obsessive Cobra Nive"},"content":{"rendered":"<p>Obsessive Cobra Nive as\u00fcmmeetriline l\u00f5ige r\u00f5hutab naiselikke kurve, lisab enesekindlust ja r\u00f5\u00f5mustab teid oma unikaalse v\u00e4limusega.<\/p>\n<p>\u00d5rna maoanahamustriga materjal lisab elegantsust ja iseloomu ning puusadel olevad klambrid ja v\u00fcrtsikad paelad tuharate all ergutavad kujutlusv\u00f5imet veelgi.<\/p>\n<p><span style=\"color: #a68d03;\"><strong>Details<\/strong><\/span><\/p>\n<div class=\"omadused\">\n<ul>\n<li>komplekt sisaldab rinnahoidjat ja p\u00fcksikuid<\/li>\n<li>maonaha mustriga<\/li>\n<li>kolmnurkse kujuga rinnakorvid<\/li>\n<li>rinnahoidja paelad reguleeritavad<\/li>\n<li>as\u00fcmmeetrilised paelad rinnakorvi all<\/li>\n<li>rinnahoidja eest avatav<\/li>\n<li>erilise disainiga p\u00fcksikud<\/li>\n<li>mugav &amp; elastne kangas (90% pol\u00fcamiid, 10% elastaan)<\/li>\n<\/ul>\n<\/div>","protected":false},"excerpt":{"rendered":"<p>&#46;&#46;&#46;<\/p>","protected":false},"featured_media":30736,"comment_status":"open","ping_status":"closed","template":"","meta":{"_glsr_average":0,"_glsr_ranking":0,"_glsr_reviews":0},"product_brand":[500],"product_cat":[16],"product_tag":[160],"class_list":{"0":"post-18116","1":"product","2":"type-product","3":"status-publish","4":"has-post-thumbnail","6":"product_brand-obsessive","7":"product_cat-pesukomplektid","8":"product_tag-obsessive","9":"pa_suurus-l-xl","10":"pa_suurus-s-m","11":"pa_varvus-must","13":"first","14":"instock","15":"sold-individually","16":"taxable","17":"shipping-taxable","18":"purchasable","19":"product-type-variable"},"_links":{"self":[{"href":"https:\/\/pesu24.ee\/en\/wp-json\/wp\/v2\/product\/18116","targetHints":{"allow":["GET"]}}],"collection":[{"href":"https:\/\/pesu24.ee\/en\/wp-json\/wp\/v2\/product"}],"about":[{"href":"https:\/\/pesu24.ee\/en\/wp-json\/wp\/v2\/types\/product"}],"replies":[{"embeddable":true,"href":"https:\/\/pesu24.ee\/en\/wp-json\/wp\/v2\/comments?post=18116"}],"wp:featuredmedia":[{"embeddable":true,"href":"https:\/\/pesu24.ee\/en\/wp-json\/wp\/v2\/media\/30736"}],"wp:attachment":[{"href":"https:\/\/pesu24.ee\/en\/wp-json\/wp\/v2\/media?parent=18116"}],"wp:term":[{"taxonomy":"product_brand","embeddable":true,"href":"https:\/\/pesu24.ee\/en\/wp-json\/wp\/v2\/product_brand?post=18116"},{"taxonomy":"product_cat","embeddable":true,"href":"https:\/\/pesu24.ee\/en\/wp-json\/wp\/v2\/product_cat?post=18116"},{"taxonomy":"product_tag","embeddable":true,"href":"https:\/\/pesu24.ee\/en\/wp-json\/wp\/v2\/product_tag?post=18116"}],"curies":[{"name":"wp","href":"https:\/\/api.w.org\/{rel}","templated":true}]}}