{"id":18118,"date":"2025-08-18T21:33:00","date_gmt":"2025-08-18T18:33:00","guid":{"rendered":"https:\/\/pesu24.ee\/?post_type=product&#038;p=18118"},"modified":"2025-08-21T16:50:20","modified_gmt":"2025-08-21T13:50:20","slug":"2-osaline-pesukomplekt-obsessive-mellania","status":"publish","type":"product","link":"https:\/\/pesu24.ee\/en\/pesukomplektid\/2-osaline-pesukomplekt-obsessive-mellania\/","title":{"rendered":"2-osaline pesukomplekt Obsessive Mellania"},"content":{"rendered":"<p>Obsessive Mellania on s\u00fcgavat punast v\u00e4rvi 2-osaline pesukomplekt, mille rinnakorvi v\u00e4ljal\u00f5iked ja avatud p\u00fcksikud t\u00f5mbavad teile t\u00e4helepanu ning lisavad v\u00fcrtsi.<\/p>\n<p>Unikaalse mustriga pits n\u00e4eb imeliselt v\u00e4lja, r\u00f5hutades elegantselt teie suurep\u00e4rast figuuri. Avatud jalgevahega alusp\u00fcksid v\u00f5imaldavad veelgi suuremat mugavust ja l\u00f5bu magamistoas.<\/p>\n<p><span style=\"color: #008000;\"><strong>KOMPLEKT SISALDAB:<\/strong><\/span><\/p>\n<ul>\n<li>rinnahoidja<\/li>\n<li>avatud jalgevahega stringid<\/li>\n<li>NB! sukad ei kuulu komplekti<\/li>\n<\/ul>\n<p><span style=\"color: #008000;\"><strong>OMADUSED<\/strong><\/span><\/p>\n<ul>\n<li>unikaalne disain<\/li>\n<li>rinnakorvil tugikaared<\/li>\n<li>taga astmeline kinnitus<\/li>\n<li>reguleeritavad \u00f5lapaelad<\/li>\n<li>avatud jalgevahe<\/li>\n<li>mugav &amp; elastne kangas (90% pol\u00fcamiid, 10% elastaan)<\/li>\n<\/ul>\n<p><span style=\"color: #008000;\"><strong>VIDEO<\/strong><\/span><\/p>\n<div class=\"video-container\"><iframe loading=\"lazy\" title=\"ODV\u00c1\u017dN\u00dd SET MELLANIA SET - OBSESSIVE\" width=\"500\" height=\"281\" src=\"https:\/\/www.youtube.com\/embed\/lH7vRz3EgSw?feature=oembed&#038;wmode=opaque\" frameborder=\"0\" allow=\"accelerometer; autoplay; clipboard-write; encrypted-media; gyroscope; picture-in-picture; web-share\" referrerpolicy=\"strict-origin-when-cross-origin\" allowfullscreen><\/iframe><\/div>","protected":false},"excerpt":{"rendered":"<p>&#46;&#46;&#46;<\/p>","protected":false},"featured_media":17560,"comment_status":"open","ping_status":"closed","template":"","meta":{"_glsr_average":0,"_glsr_ranking":0,"_glsr_reviews":0},"product_brand":[500],"product_cat":[16],"product_tag":[392,160],"class_list":{"0":"post-18118","1":"product","2":"type-product","3":"status-publish","4":"has-post-thumbnail","6":"product_brand-obsessive","7":"product_cat-pesukomplektid","8":"product_tag-avatud-stringid","9":"product_tag-obsessive","10":"pa_suurus-l-xl","11":"pa_suurus-s-m","12":"pa_varvus-punane","14":"first","15":"instock","16":"sold-individually","17":"taxable","18":"shipping-taxable","19":"purchasable","20":"product-type-variable"},"_links":{"self":[{"href":"https:\/\/pesu24.ee\/en\/wp-json\/wp\/v2\/product\/18118","targetHints":{"allow":["GET"]}}],"collection":[{"href":"https:\/\/pesu24.ee\/en\/wp-json\/wp\/v2\/product"}],"about":[{"href":"https:\/\/pesu24.ee\/en\/wp-json\/wp\/v2\/types\/product"}],"replies":[{"embeddable":true,"href":"https:\/\/pesu24.ee\/en\/wp-json\/wp\/v2\/comments?post=18118"}],"wp:featuredmedia":[{"embeddable":true,"href":"https:\/\/pesu24.ee\/en\/wp-json\/wp\/v2\/media\/17560"}],"wp:attachment":[{"href":"https:\/\/pesu24.ee\/en\/wp-json\/wp\/v2\/media?parent=18118"}],"wp:term":[{"taxonomy":"product_brand","embeddable":true,"href":"https:\/\/pesu24.ee\/en\/wp-json\/wp\/v2\/product_brand?post=18118"},{"taxonomy":"product_cat","embeddable":true,"href":"https:\/\/pesu24.ee\/en\/wp-json\/wp\/v2\/product_cat?post=18118"},{"taxonomy":"product_tag","embeddable":true,"href":"https:\/\/pesu24.ee\/en\/wp-json\/wp\/v2\/product_tag?post=18118"}],"curies":[{"name":"wp","href":"https:\/\/api.w.org\/{rel}","templated":true}]}}