{"id":18241,"date":"2025-08-18T21:33:41","date_gmt":"2025-08-18T18:33:41","guid":{"rendered":"https:\/\/pesu24.ee\/?post_type=product&#038;p=18241"},"modified":"2026-03-03T08:50:12","modified_gmt":"2026-03-03T06:50:12","slug":"4-osaline-pesukomplekt-beauty-night-isaura","status":"publish","type":"product","link":"https:\/\/pesu24.ee\/en\/pesukomplektid\/4-osaline-pesukomplekt-beauty-night-isaura\/","title":{"rendered":"4-osaline pesukomplekt Beauty Night Isaura"},"content":{"rendered":"<p>Beauty Night Isaura punane 4-osaline pesukomplekt on sensuaalsuse ja luksuse kehastus, mis viib Teie intiimelu uuele tasandile. Selle elegantses disainis on kombineeritud v\u00f5rgutav punane v\u00e4rv ja \u00f5rn pits, mis r\u00f5hutavad teie enesekindlust ja naiselikkust. See komplekt on ideaalne valik erilisteks \u00f6\u00f6deks, kus soovite end tunda kaunina ja meelitavalt.<\/p>\n<p>Pesukomplekti kuulub pitskorsett, millel on reguleeritavad paelad, et tagada t\u00e4iuslik sobivus. Kaasasolevad stringid, sukapaelad ja v\u00f6\u00f6 t\u00e4iendavad seda luksuslikku komplekti. Isaura punase pesukomplekti kantakse mitte ainult enda r\u00f5\u00f5muks, vaid ka selleks, et \u00fcllatada ja v\u00f5rgutada oma partnerit, sest selles tunnete end seksikana ja enesekindlana.<\/p>\n<p><span style=\"color: #008000;\"><strong>KOMPLEKT SISALDAB:<\/strong><\/span><\/p>\n<ul>\n<li>korseti stiilis rinnahoidja<\/li>\n<li>stringid<\/li>\n<li>eemaldatavad sukapaelad<\/li>\n<li>taljev\u00f6\u00f6<\/li>\n<\/ul>\n<p><span style=\"color: #008000;\"><strong>DETAILS:<\/strong><\/span><\/p>\n<ul>\n<li>eriti seksikas pesukomplekt<\/li>\n<li>rinnakorvil tugikaared<\/li>\n<li>reguleeritavad \u00f5lapaelad ja tagant haakidega kinnituv<\/li>\n<li>eemaldatavad &amp; reguleeritavad sukapaelad<\/li>\n<li>reguleeritav v\u00f6\u00f6<\/li>\n<li>kaunistatud lillemotiivilise pitsiga<\/li>\n<li>valmistatud mugavast &amp; elastsest kangast (92% pol\u00fcamiid ja 8% elastaan)<\/li>\n<\/ul>","protected":false},"excerpt":{"rendered":"<p>&#46;&#46;&#46;<\/p>","protected":false},"featured_media":18448,"comment_status":"open","ping_status":"closed","template":"","meta":{"_glsr_average":0,"_glsr_ranking":0,"_glsr_reviews":0},"product_brand":[503],"product_cat":[16],"product_tag":[403],"class_list":{"0":"post-18241","1":"product","2":"type-product","3":"status-publish","4":"has-post-thumbnail","6":"product_brand-beauty-night","7":"product_cat-pesukomplektid","8":"product_tag-beauty-night","9":"pa_suurus-l-xl","10":"pa_suurus-s-m","11":"pa_varvus-punane","13":"first","14":"instock","15":"sale","16":"sold-individually","17":"taxable","18":"shipping-taxable","19":"purchasable","20":"product-type-variable"},"_links":{"self":[{"href":"https:\/\/pesu24.ee\/en\/wp-json\/wp\/v2\/product\/18241","targetHints":{"allow":["GET"]}}],"collection":[{"href":"https:\/\/pesu24.ee\/en\/wp-json\/wp\/v2\/product"}],"about":[{"href":"https:\/\/pesu24.ee\/en\/wp-json\/wp\/v2\/types\/product"}],"replies":[{"embeddable":true,"href":"https:\/\/pesu24.ee\/en\/wp-json\/wp\/v2\/comments?post=18241"}],"wp:featuredmedia":[{"embeddable":true,"href":"https:\/\/pesu24.ee\/en\/wp-json\/wp\/v2\/media\/18448"}],"wp:attachment":[{"href":"https:\/\/pesu24.ee\/en\/wp-json\/wp\/v2\/media?parent=18241"}],"wp:term":[{"taxonomy":"product_brand","embeddable":true,"href":"https:\/\/pesu24.ee\/en\/wp-json\/wp\/v2\/product_brand?post=18241"},{"taxonomy":"product_cat","embeddable":true,"href":"https:\/\/pesu24.ee\/en\/wp-json\/wp\/v2\/product_cat?post=18241"},{"taxonomy":"product_tag","embeddable":true,"href":"https:\/\/pesu24.ee\/en\/wp-json\/wp\/v2\/product_tag?post=18241"}],"curies":[{"name":"wp","href":"https:\/\/api.w.org\/{rel}","templated":true}]}}