{"id":18244,"date":"2025-08-18T21:33:41","date_gmt":"2025-08-18T18:33:41","guid":{"rendered":"https:\/\/pesu24.ee\/?post_type=product&#038;p=18244"},"modified":"2025-08-28T10:36:29","modified_gmt":"2025-08-28T07:36:29","slug":"3-osaline-pesukomplekt-beauty-night-noemi-beez","status":"publish","type":"product","link":"https:\/\/pesu24.ee\/en\/pesukomplektid\/3-osaline-pesukomplekt-beauty-night-noemi-beez\/","title":{"rendered":"3-osaline pesukomplekt Beauty Night Noemi"},"content":{"rendered":"<p>Beauty Night Noemi 3-osaline pesukomplekt on t\u00f5eline pilgup\u00fc\u00fcdha, mis viib Teie intiimelu uuele tasandile. Selle sensuaalses disainis on \u00fchendatud luksuslik disain ja \u00f5rn pits, luues unustamatu segu elegantsist ja kirglikkusest. Noemi pesukomplekt sobib ideaalselt erilisteks hetkedeks, kus soovid tunda end enesekindlalt ja kaunina.<\/p>\n<p>Kui soovite lisada oma intiimelu v\u00fcrtsi ja tunda end erilisel viisil, siis Beauty Night Noemi pesukomplekt on sobilik valik just Teile. See on rohkem kui lihtsalt pesu \u2013 see on kirgliku armastuse ja enesekindluse v\u00e4ljendus.<\/p>\n<p><span style=\"color: #008000;\"><strong>KOMPLEKT SISALDAB:<\/strong><\/span><\/p>\n<ul>\n<li>rinnahoidja<\/li>\n<li>avatud stringid<\/li>\n<li>sukahoidja<\/li>\n<li>NB! sukad ei kuulu komplekti<\/li>\n<\/ul>\n<p><span style=\"color: #008000;\"><strong>DETAILS:<\/strong><\/span><\/p>\n<ul>\n<li>seksikas &amp; pilkup\u00fc\u00fcdev pesukomplekt<\/li>\n<li>reguleeritavad \u00f5la- ja sukapaelad<\/li>\n<li>kaunistatud lillemotiivilise pitsiga<\/li>\n<li>avatud jalgevahega stringid<\/li>\n<li>valmistatud mugavast &amp; elastsest kangast (90% pol\u00fcamiid ja 10% elastaan)<\/li>\n<\/ul>","protected":false},"excerpt":{"rendered":"<p>&#46;&#46;&#46;<\/p>","protected":false},"featured_media":18471,"comment_status":"open","ping_status":"closed","template":"","meta":{"_glsr_average":0,"_glsr_ranking":0,"_glsr_reviews":0},"product_brand":[503],"product_cat":[16],"product_tag":[392,403],"class_list":{"0":"post-18244","1":"product","2":"type-product","3":"status-publish","4":"has-post-thumbnail","6":"product_brand-beauty-night","7":"product_cat-pesukomplektid","8":"product_tag-avatud-stringid","9":"product_tag-beauty-night","10":"pa_suurus-l-xl","11":"pa_suurus-s-m","12":"pa_varvus-beez","14":"first","15":"instock","16":"sold-individually","17":"taxable","18":"shipping-taxable","19":"purchasable","20":"product-type-variable"},"_links":{"self":[{"href":"https:\/\/pesu24.ee\/en\/wp-json\/wp\/v2\/product\/18244","targetHints":{"allow":["GET"]}}],"collection":[{"href":"https:\/\/pesu24.ee\/en\/wp-json\/wp\/v2\/product"}],"about":[{"href":"https:\/\/pesu24.ee\/en\/wp-json\/wp\/v2\/types\/product"}],"replies":[{"embeddable":true,"href":"https:\/\/pesu24.ee\/en\/wp-json\/wp\/v2\/comments?post=18244"}],"wp:featuredmedia":[{"embeddable":true,"href":"https:\/\/pesu24.ee\/en\/wp-json\/wp\/v2\/media\/18471"}],"wp:attachment":[{"href":"https:\/\/pesu24.ee\/en\/wp-json\/wp\/v2\/media?parent=18244"}],"wp:term":[{"taxonomy":"product_brand","embeddable":true,"href":"https:\/\/pesu24.ee\/en\/wp-json\/wp\/v2\/product_brand?post=18244"},{"taxonomy":"product_cat","embeddable":true,"href":"https:\/\/pesu24.ee\/en\/wp-json\/wp\/v2\/product_cat?post=18244"},{"taxonomy":"product_tag","embeddable":true,"href":"https:\/\/pesu24.ee\/en\/wp-json\/wp\/v2\/product_tag?post=18244"}],"curies":[{"name":"wp","href":"https:\/\/api.w.org\/{rel}","templated":true}]}}