{"id":18258,"date":"2025-08-18T21:34:02","date_gmt":"2025-08-18T18:34:02","guid":{"rendered":"https:\/\/pesu24.ee\/?post_type=product&#038;p=18258"},"modified":"2025-08-20T15:02:37","modified_gmt":"2025-08-20T12:02:37","slug":"2-osaline-pesukomplekt-beauty-night-nirvina","status":"publish","type":"product","link":"https:\/\/pesu24.ee\/en\/pesukomplektid\/2-osaline-pesukomplekt-beauty-night-nirvina\/","title":{"rendered":"2-osaline pesukomplekt Beauty Night Nirvina"},"content":{"rendered":"<p>Avastage oma sensuaalsus ja looge unustamatuid hetkiBeauty Night Nirvina 2-osalise pesukomplektiga. See luksuslik pesu on loodud selleks, et tuua esile teie loomulik ilu ning pakkuda erakordset mugavust. Kaunis pitsdetailide ja sensuaalse disainiga, mis r\u00f5hutab teie naiselikke jooni, on Nirvina pesukomplekt ideaalne valik erilisteks \u00f5htuteks v\u00f5i igap\u00e4evaseks enesetunde t\u00f5stmiseks.<\/p>\n<p>S\u00e4rav satiin ja luksuslikud detailid muudavad selle pesukomplekti t\u00f5eliseks kunstiteoseks. Kas soovite \u00fcllatada oma partnerit v\u00f5i lihtsalt end tunda erilisena? Beauty Night Nirvina 2-osaline pesukomplekt aitab teil end t\u00f5eliselt enesekindlalt ja kaunilt tunda.<\/p>\n<p><span style=\"color: #008000;\"><strong>KOMPLEKT SISALDAB:<\/strong><\/span><\/p>\n<ul>\n<li>rinnahoidja<\/li>\n<li>stringid<\/li>\n<\/ul>\n<p><span style=\"color: #008000;\"><strong>DETAILS:<\/strong><\/span><\/p>\n<ul>\n<li>rinnahoidja tagant seotav<\/li>\n<li>reguleeritavad \u00f5lapaelad<\/li>\n<li>kaunistatud pitsiga<\/li>\n<li>valmistatud mugavast &amp; elastsest kangast (50% pol\u00fcester, 47% pol\u00fcamiid ja 3% elastaan)<\/li>\n<\/ul>","protected":false},"excerpt":{"rendered":"<p>&#46;&#46;&#46;<\/p>","protected":false},"featured_media":18480,"comment_status":"open","ping_status":"closed","template":"","meta":{"_glsr_average":0,"_glsr_ranking":0,"_glsr_reviews":0},"product_brand":[503],"product_cat":[16],"product_tag":[403],"class_list":{"0":"post-18258","1":"product","2":"type-product","3":"status-publish","4":"has-post-thumbnail","6":"product_brand-beauty-night","7":"product_cat-pesukomplektid","8":"product_tag-beauty-night","9":"pa_suurus-l-xl","10":"pa_suurus-s-m","11":"pa_varvus-must","13":"first","14":"instock","15":"sold-individually","16":"taxable","17":"shipping-taxable","18":"purchasable","19":"product-type-variable"},"_links":{"self":[{"href":"https:\/\/pesu24.ee\/en\/wp-json\/wp\/v2\/product\/18258","targetHints":{"allow":["GET"]}}],"collection":[{"href":"https:\/\/pesu24.ee\/en\/wp-json\/wp\/v2\/product"}],"about":[{"href":"https:\/\/pesu24.ee\/en\/wp-json\/wp\/v2\/types\/product"}],"replies":[{"embeddable":true,"href":"https:\/\/pesu24.ee\/en\/wp-json\/wp\/v2\/comments?post=18258"}],"wp:featuredmedia":[{"embeddable":true,"href":"https:\/\/pesu24.ee\/en\/wp-json\/wp\/v2\/media\/18480"}],"wp:attachment":[{"href":"https:\/\/pesu24.ee\/en\/wp-json\/wp\/v2\/media?parent=18258"}],"wp:term":[{"taxonomy":"product_brand","embeddable":true,"href":"https:\/\/pesu24.ee\/en\/wp-json\/wp\/v2\/product_brand?post=18258"},{"taxonomy":"product_cat","embeddable":true,"href":"https:\/\/pesu24.ee\/en\/wp-json\/wp\/v2\/product_cat?post=18258"},{"taxonomy":"product_tag","embeddable":true,"href":"https:\/\/pesu24.ee\/en\/wp-json\/wp\/v2\/product_tag?post=18258"}],"curies":[{"name":"wp","href":"https:\/\/api.w.org\/{rel}","templated":true}]}}