{"id":18259,"date":"2025-08-18T21:34:02","date_gmt":"2025-08-18T18:34:02","guid":{"rendered":"https:\/\/pesu24.ee\/?post_type=product&#038;p=18259"},"modified":"2025-08-20T15:02:37","modified_gmt":"2025-08-20T12:02:37","slug":"3-osaline-pesukomplekt-beauty-night-crystal","status":"publish","type":"product","link":"https:\/\/pesu24.ee\/en\/pesukomplektid\/3-osaline-pesukomplekt-beauty-night-crystal\/","title":{"rendered":"3-osaline pesukomplekt Beauty Night Crystal"},"content":{"rendered":"<p>Lummavalt elegantne ja s\u00e4ravalt kaunis &#8211; Beauty Night Crystal 3-osaline pesukomplekt viib Teie sensuaalsuse uuele tasandile. Olgee valmis s\u00e4rama ja tundma end erakordselt enesekindlana selle luksusliku pesukomplektiga, mis on loodud t\u00e4iendama Teie ilu ja naiselikkust.<\/p>\n<p>Beauty Night Crystal pesukomplekt on valmistatud kvaliteetsetest materjalidest, tagades mugavuse ja vastupidavuse. See on suurep\u00e4rane kingitus iseendale v\u00f5i kallimale ning muudab Teie \u00f6\u00f6d ja intiimsed hetked veelgi erilisemaks. Laske endal s\u00e4rada Beauty Night Crystal 3-osalise pesukomplektiga ja muutke iga hetk unustamatuks.<\/p>\n<p><span style=\"color: #008000;\"><strong>KOMPLEKT SISALDAB:<\/strong><\/span><\/p>\n<ul>\n<li>rinnahoidja<\/li>\n<li>stringid<\/li>\n<li>sukahoidja<\/li>\n<\/ul>\n<p><span style=\"color: #008000;\"><strong>DETAILS:<\/strong><\/span><\/p>\n<ul>\n<li>seksikas pesukomplekt<\/li>\n<li>reguleeritavad \u00f5la- ja sukapaelad<\/li>\n<li>kaunistatud pitsiga<\/li>\n<li>rinnakorvil tugikaared &amp; taga astmeline kinnitus<\/li>\n<li>valmistatud mugavast &amp; elastsest kangast (92% pol\u00fcamiid ja 8% elastaan)<\/li>\n<\/ul>","protected":false},"excerpt":{"rendered":"<p>&#46;&#46;&#46;<\/p>","protected":false},"featured_media":18488,"comment_status":"open","ping_status":"closed","template":"","meta":{"_glsr_average":0,"_glsr_ranking":0,"_glsr_reviews":0},"product_brand":[503],"product_cat":[16],"product_tag":[403],"class_list":{"0":"post-18259","1":"product","2":"type-product","3":"status-publish","4":"has-post-thumbnail","6":"product_brand-beauty-night","7":"product_cat-pesukomplektid","8":"product_tag-beauty-night","9":"pa_suurus-l-xl","10":"pa_suurus-s-m","11":"pa_varvus-must","13":"first","14":"instock","15":"sold-individually","16":"taxable","17":"shipping-taxable","18":"purchasable","19":"product-type-variable"},"_links":{"self":[{"href":"https:\/\/pesu24.ee\/en\/wp-json\/wp\/v2\/product\/18259","targetHints":{"allow":["GET"]}}],"collection":[{"href":"https:\/\/pesu24.ee\/en\/wp-json\/wp\/v2\/product"}],"about":[{"href":"https:\/\/pesu24.ee\/en\/wp-json\/wp\/v2\/types\/product"}],"replies":[{"embeddable":true,"href":"https:\/\/pesu24.ee\/en\/wp-json\/wp\/v2\/comments?post=18259"}],"wp:featuredmedia":[{"embeddable":true,"href":"https:\/\/pesu24.ee\/en\/wp-json\/wp\/v2\/media\/18488"}],"wp:attachment":[{"href":"https:\/\/pesu24.ee\/en\/wp-json\/wp\/v2\/media?parent=18259"}],"wp:term":[{"taxonomy":"product_brand","embeddable":true,"href":"https:\/\/pesu24.ee\/en\/wp-json\/wp\/v2\/product_brand?post=18259"},{"taxonomy":"product_cat","embeddable":true,"href":"https:\/\/pesu24.ee\/en\/wp-json\/wp\/v2\/product_cat?post=18259"},{"taxonomy":"product_tag","embeddable":true,"href":"https:\/\/pesu24.ee\/en\/wp-json\/wp\/v2\/product_tag?post=18259"}],"curies":[{"name":"wp","href":"https:\/\/api.w.org\/{rel}","templated":true}]}}