{"id":18282,"date":"2025-12-09T00:34:45","date_gmt":"2025-12-08T21:34:45","guid":{"rendered":"https:\/\/pesu24.ee\/?post_type=product&#038;p=18282"},"modified":"2026-03-23T11:37:52","modified_gmt":"2026-03-23T09:37:52","slug":"3-osaline-pesukomplekt-obsessive-amor-cherris","status":"publish","type":"product","link":"https:\/\/pesu24.ee\/en\/pesukomplektid\/3-osaline-pesukomplekt-obsessive-amor-cherris\/","title":{"rendered":"3-osaline pesukomplekt Obsessive Amor Cherris"},"content":{"rendered":"<p><strong>Luksuslik Obsessive Amor Cherris pesukomplekt, kuhu kuuluvad rinnahoidja, sukahoidja ja stringid.\u00a0<\/strong><\/p>\n<p>See kaunilt kujundatud komplekt \u00fchendab elegantse disaini, k\u00fctkestava pitsi ja t\u00e4iusliku l\u00f5ike, et luua perfektsus.<\/p>\n<div class=\"omadused\">\n<p>Details<\/p>\n<ul>\n<li>komplektis rinnahoidja, stringid ja sukahoidja. Sukad komplekti ei kuulu, kuid sobivad kokku <a href=\"https:\/\/pesu24.ee\/en\/sukad\/sukad-obsessive-s814\/\">Obsessive S814 sukkadega<\/a>, mida saab osta eraldi.<\/li>\n<li>kaunistatud lillemotiivilise pitsiga<\/li>\n<li>taga astmeline kinnitus<\/li>\n<li>reguleeritavad \u00f5la- ja sukapaelad<\/li>\n<li>rinnakorvil tugikaared<\/li>\n<li>mugav ja elastne kangas (90% pol\u00fcamiid, 10% elastaan)<\/li>\n<\/ul>\n<\/div>","protected":false},"excerpt":{"rendered":"<p>&#46;&#46;&#46;<\/p>","protected":false},"featured_media":30076,"comment_status":"open","ping_status":"closed","template":"","meta":{"_glsr_average":0,"_glsr_ranking":0,"_glsr_reviews":0},"product_brand":[500],"product_cat":[16],"product_tag":[160],"class_list":{"0":"post-18282","1":"product","2":"type-product","3":"status-publish","4":"has-post-thumbnail","6":"product_brand-obsessive","7":"product_cat-pesukomplektid","8":"product_tag-obsessive","9":"pa_suurus-l-xl","10":"pa_suurus-s-m","11":"pa_varvus-punane","13":"first","14":"instock","15":"sale","16":"sold-individually","17":"taxable","18":"shipping-taxable","19":"purchasable","20":"product-type-variable"},"_links":{"self":[{"href":"https:\/\/pesu24.ee\/en\/wp-json\/wp\/v2\/product\/18282","targetHints":{"allow":["GET"]}}],"collection":[{"href":"https:\/\/pesu24.ee\/en\/wp-json\/wp\/v2\/product"}],"about":[{"href":"https:\/\/pesu24.ee\/en\/wp-json\/wp\/v2\/types\/product"}],"replies":[{"embeddable":true,"href":"https:\/\/pesu24.ee\/en\/wp-json\/wp\/v2\/comments?post=18282"}],"wp:featuredmedia":[{"embeddable":true,"href":"https:\/\/pesu24.ee\/en\/wp-json\/wp\/v2\/media\/30076"}],"wp:attachment":[{"href":"https:\/\/pesu24.ee\/en\/wp-json\/wp\/v2\/media?parent=18282"}],"wp:term":[{"taxonomy":"product_brand","embeddable":true,"href":"https:\/\/pesu24.ee\/en\/wp-json\/wp\/v2\/product_brand?post=18282"},{"taxonomy":"product_cat","embeddable":true,"href":"https:\/\/pesu24.ee\/en\/wp-json\/wp\/v2\/product_cat?post=18282"},{"taxonomy":"product_tag","embeddable":true,"href":"https:\/\/pesu24.ee\/en\/wp-json\/wp\/v2\/product_tag?post=18282"}],"curies":[{"name":"wp","href":"https:\/\/api.w.org\/{rel}","templated":true}]}}