{"id":18298,"date":"2025-08-18T21:35:06","date_gmt":"2025-08-18T18:35:06","guid":{"rendered":"https:\/\/pesu24.ee\/?post_type=product&#038;p=18298"},"modified":"2025-08-20T14:54:15","modified_gmt":"2025-08-20T11:54:15","slug":"2-osaline-pesukomplekt-obsessive-chic-amoria","status":"publish","type":"product","link":"https:\/\/pesu24.ee\/en\/pesukomplektid\/2-osaline-pesukomplekt-obsessive-chic-amoria\/","title":{"rendered":"2-osaline pesukomplekt Obsessive Chic Amoria"},"content":{"rendered":"<p>Obsessive Chic Amoria pesukomplekt \u00fchendab stiili ja mugavust, olles seel\u00e4bi ideaalne valik igale s\u00fcndmusele v\u00f5i t\u00e4htp\u00e4evale. L\u00e4bipaistva v\u00f5rgu ja sileda kangaga loodud kombinatsioon lisab v\u00f5lu ja seksikust, samas kui uskumatult mugav l\u00f5ige teeb sellest ideaalse valiku igap\u00e4evaseks kandmiseks. Universaalne stiil, mis sobib suurep\u00e4raselt igas olukorras.<\/p>\n<p>Tutvuge ka teiste <a href=\"https:\/\/pesu24.ee\/en\/omadus\/obsessive-Chic-Amoria\/\">Obsessive Chic Amoria<\/a> pesukollektsiooni toodetega.<\/p>\n<p><span style=\"color: #008000;\"><strong>KOMPLEKT SISALDAB:<\/strong><\/span><\/p>\n<ul>\n<li>rinnahoidja<\/li>\n<li>p\u00fcksikud<\/li>\n<\/ul>\n<p><span style=\"color: #008000;\"><strong>DETAILS:<\/strong><\/span><\/p>\n<ul>\n<li>seksikas pesukomplekt<\/li>\n<li>taga astmeline kinnitus<\/li>\n<li>reguleeritavad \u00f5lapaelad<\/li>\n<li>rinnakorvil tugikaared<\/li>\n<li>mugav &amp; elastne kangas (94% pol\u00fcamiid &amp; 6% elastaan)<\/li>\n<\/ul>","protected":false},"excerpt":{"rendered":"<p>&#46;&#46;&#46;<\/p>","protected":false},"featured_media":18532,"comment_status":"open","ping_status":"closed","template":"","meta":{"_glsr_average":0,"_glsr_ranking":0,"_glsr_reviews":0},"product_brand":[500],"product_cat":[16],"product_tag":[160,462],"class_list":{"0":"post-18298","1":"product","2":"type-product","3":"status-publish","4":"has-post-thumbnail","6":"product_brand-obsessive","7":"product_cat-pesukomplektid","8":"product_tag-obsessive","9":"product_tag-obsessive-chic-amoria","10":"pa_suurus-m-l","11":"pa_suurus-xl-xxl","12":"pa_suurus-xs-s","13":"pa_varvus-must","15":"first","16":"instock","17":"sold-individually","18":"taxable","19":"shipping-taxable","20":"purchasable","21":"product-type-variable"},"_links":{"self":[{"href":"https:\/\/pesu24.ee\/en\/wp-json\/wp\/v2\/product\/18298","targetHints":{"allow":["GET"]}}],"collection":[{"href":"https:\/\/pesu24.ee\/en\/wp-json\/wp\/v2\/product"}],"about":[{"href":"https:\/\/pesu24.ee\/en\/wp-json\/wp\/v2\/types\/product"}],"replies":[{"embeddable":true,"href":"https:\/\/pesu24.ee\/en\/wp-json\/wp\/v2\/comments?post=18298"}],"wp:featuredmedia":[{"embeddable":true,"href":"https:\/\/pesu24.ee\/en\/wp-json\/wp\/v2\/media\/18532"}],"wp:attachment":[{"href":"https:\/\/pesu24.ee\/en\/wp-json\/wp\/v2\/media?parent=18298"}],"wp:term":[{"taxonomy":"product_brand","embeddable":true,"href":"https:\/\/pesu24.ee\/en\/wp-json\/wp\/v2\/product_brand?post=18298"},{"taxonomy":"product_cat","embeddable":true,"href":"https:\/\/pesu24.ee\/en\/wp-json\/wp\/v2\/product_cat?post=18298"},{"taxonomy":"product_tag","embeddable":true,"href":"https:\/\/pesu24.ee\/en\/wp-json\/wp\/v2\/product_tag?post=18298"}],"curies":[{"name":"wp","href":"https:\/\/api.w.org\/{rel}","templated":true}]}}