{"id":18318,"date":"2025-08-18T21:35:35","date_gmt":"2025-08-18T18:35:35","guid":{"rendered":"https:\/\/pesu24.ee\/?post_type=product&#038;p=18318"},"modified":"2025-11-10T21:39:00","modified_gmt":"2025-11-10T18:39:00","slug":"topp-seelik-obsessive-k102","status":"publish","type":"product","link":"https:\/\/pesu24.ee\/en\/pesukomplektid\/topp-seelik-obsessive-k102\/","title":{"rendered":"Topp &#038; seelik Obsessive K102"},"content":{"rendered":"<p>Kas l\u00e4heneb kauaoodatud romantiline kohting ja Soovite oma teist poolt \u00fcllatada ebatavalise, kuumusest pakatava ja seksika stiiliga? Obsessive K102 komplekt on loodud just sellisteks hetkedeks.<\/p>\n<p>Topp ja seelik on kaunistatud peenete mustritega, mis on loodud intrigeerivalt l\u00f5igatud materjali ja \u00f5rna v\u00f5rguga. Komplekt sobitub suurep\u00e4raselt teie kehakumerustega, r\u00f5hutades samal ajal teie b\u00fcsti ja tuharaid.<\/p>\n<p><strong><span style=\"color: #008000;\">KOMPLEKT SISALDAB:<\/span><\/strong><\/p>\n<ul>\n<li>topp<\/li>\n<li>seelik<\/li>\n<\/ul>\n<p><span style=\"color: #008000;\"><strong>OMADUSED<\/strong><\/span><\/p>\n<ul>\n<li>v\u00e4ljakutsuv disain<\/li>\n<li>intrigeerivad mustrid &amp; v\u00e4ljal\u00f5iked<\/li>\n<li>universaalsuurus &#8211; S\/M\/L<\/li>\n<li>elastne &amp; vastupidav kangas (90% nailon, 10% elastaan)<\/li>\n<\/ul>","protected":false},"excerpt":{"rendered":"<p>&#46;&#46;&#46;<\/p>","protected":false},"featured_media":18539,"comment_status":"open","ping_status":"closed","template":"","meta":{"_glsr_average":0,"_glsr_ranking":0,"_glsr_reviews":0},"product_brand":[500],"product_cat":[16],"product_tag":[160],"class_list":{"0":"post-18318","1":"product","2":"type-product","3":"status-publish","4":"has-post-thumbnail","6":"product_brand-obsessive","7":"product_cat-pesukomplektid","8":"product_tag-obsessive","9":"pa_suurus-universaalsuurus","10":"pa_varvus-must","12":"first","13":"instock","14":"sold-individually","15":"taxable","16":"shipping-taxable","17":"purchasable","18":"product-type-simple"},"_links":{"self":[{"href":"https:\/\/pesu24.ee\/en\/wp-json\/wp\/v2\/product\/18318","targetHints":{"allow":["GET"]}}],"collection":[{"href":"https:\/\/pesu24.ee\/en\/wp-json\/wp\/v2\/product"}],"about":[{"href":"https:\/\/pesu24.ee\/en\/wp-json\/wp\/v2\/types\/product"}],"replies":[{"embeddable":true,"href":"https:\/\/pesu24.ee\/en\/wp-json\/wp\/v2\/comments?post=18318"}],"wp:featuredmedia":[{"embeddable":true,"href":"https:\/\/pesu24.ee\/en\/wp-json\/wp\/v2\/media\/18539"}],"wp:attachment":[{"href":"https:\/\/pesu24.ee\/en\/wp-json\/wp\/v2\/media?parent=18318"}],"wp:term":[{"taxonomy":"product_brand","embeddable":true,"href":"https:\/\/pesu24.ee\/en\/wp-json\/wp\/v2\/product_brand?post=18318"},{"taxonomy":"product_cat","embeddable":true,"href":"https:\/\/pesu24.ee\/en\/wp-json\/wp\/v2\/product_cat?post=18318"},{"taxonomy":"product_tag","embeddable":true,"href":"https:\/\/pesu24.ee\/en\/wp-json\/wp\/v2\/product_tag?post=18318"}],"curies":[{"name":"wp","href":"https:\/\/api.w.org\/{rel}","templated":true}]}}