{"id":18319,"date":"2025-08-18T21:35:35","date_gmt":"2025-08-18T18:35:35","guid":{"rendered":"https:\/\/pesu24.ee\/?post_type=product&#038;p=18319"},"modified":"2025-08-20T14:54:14","modified_gmt":"2025-08-20T11:54:14","slug":"2-osaline-avatud-pesukomplekt-obsessive-nesari","status":"publish","type":"product","link":"https:\/\/pesu24.ee\/en\/pesukomplektid\/2-osaline-avatud-pesukomplekt-obsessive-nesari\/","title":{"rendered":"2-osaline avatud pesukomplekt Obsessive Nesari"},"content":{"rendered":"<p>Avastage Obsessive Nesari avatud pesukomplekt ja unustage igav rutiin. See ainulaadne pesukomplekt pakub midagi omap\u00e4rast just nendeks erilisteks hetkedeks. Ajatu must toon, metallist \u00fchendusdetail, sensuaalne v\u00f5rk ja k\u00fctkestav l\u00f5ige moodustavad t\u00e4iusliku retsepti, mis loob unustamatuid naudinguterohkeid hetki.<\/p>\n<p>Tutvuge ka teiste <a href=\"https:\/\/pesu24.ee\/en\/omadus\/obsessive-nesari\/\">Obsessive Nesari<\/a> pesukollektsiooni toodetega.<\/p>\n<p><span style=\"color: #008000;\"><strong>KOMPLEKT SISALDAB:<\/strong><\/span><\/p>\n<ul>\n<li>rinnahoidjat<\/li>\n<li>avatud jalgevahega stringe<\/li>\n<\/ul>\n<p><span style=\"color: #008000;\"><strong>DETAILS:<\/strong><\/span><\/p>\n<ul>\n<li>must kelmikas pesukomplekt<\/li>\n<li>taga astmeline kinnitus<\/li>\n<li>reguleeritavad topelt \u00f5lapaelad<\/li>\n<li>erilise disainiga stringid<\/li>\n<li>avatud jalgevahe<\/li>\n<li>pooll\u00e4bipaistev rinnakorv<\/li>\n<li>mugav &amp; elastne kangas (85% pol\u00fcamiid &amp; 15% elastaan)<\/li>\n<\/ul>","protected":false},"excerpt":{"rendered":"<p>&#46;&#46;&#46;<\/p>","protected":false},"featured_media":18545,"comment_status":"open","ping_status":"closed","template":"","meta":{"_glsr_average":0,"_glsr_ranking":0,"_glsr_reviews":0},"product_brand":[500],"product_cat":[16],"product_tag":[392,160,463],"class_list":{"0":"post-18319","1":"product","2":"type-product","3":"status-publish","4":"has-post-thumbnail","6":"product_brand-obsessive","7":"product_cat-pesukomplektid","8":"product_tag-avatud-stringid","9":"product_tag-obsessive","10":"product_tag-obsessive-nesari","11":"pa_suurus-m-l","12":"pa_suurus-xl-xxl","13":"pa_suurus-xs-s","14":"pa_varvus-must","16":"first","17":"instock","18":"sold-individually","19":"taxable","20":"shipping-taxable","21":"purchasable","22":"product-type-variable"},"_links":{"self":[{"href":"https:\/\/pesu24.ee\/en\/wp-json\/wp\/v2\/product\/18319","targetHints":{"allow":["GET"]}}],"collection":[{"href":"https:\/\/pesu24.ee\/en\/wp-json\/wp\/v2\/product"}],"about":[{"href":"https:\/\/pesu24.ee\/en\/wp-json\/wp\/v2\/types\/product"}],"replies":[{"embeddable":true,"href":"https:\/\/pesu24.ee\/en\/wp-json\/wp\/v2\/comments?post=18319"}],"wp:featuredmedia":[{"embeddable":true,"href":"https:\/\/pesu24.ee\/en\/wp-json\/wp\/v2\/media\/18545"}],"wp:attachment":[{"href":"https:\/\/pesu24.ee\/en\/wp-json\/wp\/v2\/media?parent=18319"}],"wp:term":[{"taxonomy":"product_brand","embeddable":true,"href":"https:\/\/pesu24.ee\/en\/wp-json\/wp\/v2\/product_brand?post=18319"},{"taxonomy":"product_cat","embeddable":true,"href":"https:\/\/pesu24.ee\/en\/wp-json\/wp\/v2\/product_cat?post=18319"},{"taxonomy":"product_tag","embeddable":true,"href":"https:\/\/pesu24.ee\/en\/wp-json\/wp\/v2\/product_tag?post=18319"}],"curies":[{"name":"wp","href":"https:\/\/api.w.org\/{rel}","templated":true}]}}