{"id":18336,"date":"2025-08-18T21:35:57","date_gmt":"2025-08-18T18:35:57","guid":{"rendered":"https:\/\/pesu24.ee\/?post_type=product&#038;p=18336"},"modified":"2026-03-30T13:28:42","modified_gmt":"2026-03-30T11:28:42","slug":"3-osaline-pesukomplekt-obsessive-chemeris","status":"publish","type":"product","link":"https:\/\/pesu24.ee\/en\/pesukomplektid\/3-osaline-pesukomplekt-obsessive-chemeris\/","title":{"rendered":"3-osaline pesukomplekt Obsessive Chemeris"},"content":{"rendered":"<p>Tutvuge ahvatleva Obsessive Chemeris 3-osalise pesukomplektiga, mis muudab teie magamistoa atmosf\u00e4\u00e4ri sensuaalseks unistuseks. Chemeris kollektsioonist p\u00e4rit pesu on valmistatud pehmest nahka hellitavast kangast, mis tagab kandjale luksusliku mugavuse ja lisaks on see optiliselt salendava toimega.<\/p>\n<p>Elegantne komplekt \u00fchendab endas pitskaunistused ja l\u00e4bipaistvad lisandid, r\u00f5hutades teie v\u00f5lusid ning loob sensuaalse ja m\u00f5\u00f5detud stiili. Reguleeri magamistoa temperatuuri \u00fclespoole ja loo meeldej\u00e4\u00e4vaid hetki selle eksklusiivse pesukomplektiga, mida ihaldab nii kandja kui ka tema kaaslane.<\/p>\n<p>Tutvuge ka teiste <a href=\"https:\/\/pesu24.ee\/en\/omadus\/obsessive-chemeris\/\">Obsessive Chemeris<\/a> pesukollektsiooni toodetega.<\/p>\n<p><span style=\"color: #008000;\"><strong>KOMPLEKT SISALDAB:<\/strong><\/span><\/p>\n<ul>\n<li>rinnahoidja<\/li>\n<li>sukahoidja<\/li>\n<li>stringid<\/li>\n<\/ul>\n<p>Pesukomplekt sobib perfektselt kokku <a href=\"https:\/\/pesu24.ee\/en\/sukad\/sukad-obsessive-chemeris\/\">Obsessive Chemeris sukkadega<\/a>.<\/p>\n<p><span style=\"color: #008000;\"><strong>DETAILS:<\/strong><\/span><\/p>\n<ul>\n<li>sensuaalne pesukomplekt<\/li>\n<li>osaliselt polsterdatud rinnakorv<\/li>\n<li>rinnakorvil tugikaared<\/li>\n<li>taga astmeline kinnitus<\/li>\n<li>reguleeritavad \u00f5la- ja sukapaelad<\/li>\n<li>geomeetriline muster<\/li>\n<li>mugav &amp; elastne kangas (90% pol\u00fcamiid &amp; 10% elastaan)<\/li>\n<\/ul>","protected":false},"excerpt":{"rendered":"<p>&#46;&#46;&#46;<\/p>","protected":false},"featured_media":18571,"comment_status":"open","ping_status":"closed","template":"","meta":{"_glsr_average":0,"_glsr_ranking":0,"_glsr_reviews":0},"product_brand":[500],"product_cat":[16],"product_tag":[160,466],"class_list":{"0":"post-18336","1":"product","2":"type-product","3":"status-publish","4":"has-post-thumbnail","6":"product_brand-obsessive","7":"product_cat-pesukomplektid","8":"product_tag-obsessive","9":"product_tag-obsessive-chemeris","10":"pa_suurus-m-l","11":"pa_suurus-xl-xxl","12":"pa_suurus-xs-s","13":"pa_varvus-must","15":"first","16":"instock","17":"sold-individually","18":"taxable","19":"shipping-taxable","20":"purchasable","21":"product-type-variable"},"_links":{"self":[{"href":"https:\/\/pesu24.ee\/en\/wp-json\/wp\/v2\/product\/18336","targetHints":{"allow":["GET"]}}],"collection":[{"href":"https:\/\/pesu24.ee\/en\/wp-json\/wp\/v2\/product"}],"about":[{"href":"https:\/\/pesu24.ee\/en\/wp-json\/wp\/v2\/types\/product"}],"replies":[{"embeddable":true,"href":"https:\/\/pesu24.ee\/en\/wp-json\/wp\/v2\/comments?post=18336"}],"wp:featuredmedia":[{"embeddable":true,"href":"https:\/\/pesu24.ee\/en\/wp-json\/wp\/v2\/media\/18571"}],"wp:attachment":[{"href":"https:\/\/pesu24.ee\/en\/wp-json\/wp\/v2\/media?parent=18336"}],"wp:term":[{"taxonomy":"product_brand","embeddable":true,"href":"https:\/\/pesu24.ee\/en\/wp-json\/wp\/v2\/product_brand?post=18336"},{"taxonomy":"product_cat","embeddable":true,"href":"https:\/\/pesu24.ee\/en\/wp-json\/wp\/v2\/product_cat?post=18336"},{"taxonomy":"product_tag","embeddable":true,"href":"https:\/\/pesu24.ee\/en\/wp-json\/wp\/v2\/product_tag?post=18336"}],"curies":[{"name":"wp","href":"https:\/\/api.w.org\/{rel}","templated":true}]}}