{"id":18351,"date":"2025-08-18T21:36:20","date_gmt":"2025-08-18T18:36:20","guid":{"rendered":"https:\/\/pesu24.ee\/?post_type=product&#038;p=18351"},"modified":"2025-08-20T14:54:14","modified_gmt":"2025-08-20T11:54:14","slug":"2-osaline-pesukomplekt-obsessive-k103","status":"publish","type":"product","link":"https:\/\/pesu24.ee\/en\/pesukomplektid\/2-osaline-pesukomplekt-obsessive-k103\/","title":{"rendered":"2-osaline pesukomplekt Obsessive K103"},"content":{"rendered":"<p>Kui otsid kaasahaaravat pesu ja enneolematut disaini, siis oled leidnud t\u00e4iuslikkuse. Obsessive K103 on imeline pesukomplekt, mis on loodud ahvatlevate hetkede jaoks.<\/p>\n<p>Ainulaadsed mustrid, kutsuvad detailid ja l\u00e4bipaistev kangas r\u00f5hutavad su vorme ideaalselt, tekitades enesekindluse, mida pole kunagi varem tundnud. Hoolitse oma fenomenaalse v\u00e4limuse, suure mugavuse ja erakordse stiili eest, valides selle lummava komplekti.<\/p>\n<p><span style=\"color: #008000;\"><strong>KOMPLEKT SISALDAB:<\/strong><\/span><\/p>\n<ul>\n<li>toppi<\/li>\n<li>p\u00fcksikuid<\/li>\n<\/ul>\n<p><span style=\"color: #008000;\"><strong>DETAILS:<\/strong><\/span><\/p>\n<ul>\n<li>\u00fcliseksikas pesukomplekt<\/li>\n<li>eriline pitsmuster<\/li>\n<li>avatud jalgevahe<\/li>\n<li>saadaval universaalsuuruses &#8211; S\/M\/L<\/li>\n<li>mugav &amp; elastne kangas (90% nailon &amp; 10% elastaan)<\/li>\n<\/ul>","protected":false},"excerpt":{"rendered":"<p>&#46;&#46;&#46;<\/p>","protected":false},"featured_media":18578,"comment_status":"open","ping_status":"closed","template":"","meta":{"_glsr_average":0,"_glsr_ranking":0,"_glsr_reviews":0},"product_brand":[500],"product_cat":[16],"product_tag":[160],"class_list":{"0":"post-18351","1":"product","2":"type-product","3":"status-publish","4":"has-post-thumbnail","6":"product_brand-obsessive","7":"product_cat-pesukomplektid","8":"product_tag-obsessive","9":"pa_suurus-universaalsuurus","10":"pa_varvus-must","12":"first","13":"instock","14":"sold-individually","15":"taxable","16":"shipping-taxable","17":"purchasable","18":"product-type-simple"},"_links":{"self":[{"href":"https:\/\/pesu24.ee\/en\/wp-json\/wp\/v2\/product\/18351","targetHints":{"allow":["GET"]}}],"collection":[{"href":"https:\/\/pesu24.ee\/en\/wp-json\/wp\/v2\/product"}],"about":[{"href":"https:\/\/pesu24.ee\/en\/wp-json\/wp\/v2\/types\/product"}],"replies":[{"embeddable":true,"href":"https:\/\/pesu24.ee\/en\/wp-json\/wp\/v2\/comments?post=18351"}],"wp:featuredmedia":[{"embeddable":true,"href":"https:\/\/pesu24.ee\/en\/wp-json\/wp\/v2\/media\/18578"}],"wp:attachment":[{"href":"https:\/\/pesu24.ee\/en\/wp-json\/wp\/v2\/media?parent=18351"}],"wp:term":[{"taxonomy":"product_brand","embeddable":true,"href":"https:\/\/pesu24.ee\/en\/wp-json\/wp\/v2\/product_brand?post=18351"},{"taxonomy":"product_cat","embeddable":true,"href":"https:\/\/pesu24.ee\/en\/wp-json\/wp\/v2\/product_cat?post=18351"},{"taxonomy":"product_tag","embeddable":true,"href":"https:\/\/pesu24.ee\/en\/wp-json\/wp\/v2\/product_tag?post=18351"}],"curies":[{"name":"wp","href":"https:\/\/api.w.org\/{rel}","templated":true}]}}