{"id":18352,"date":"2025-08-18T21:36:20","date_gmt":"2025-08-18T18:36:20","guid":{"rendered":"https:\/\/pesu24.ee\/?post_type=product&#038;p=18352"},"modified":"2025-12-03T11:40:57","modified_gmt":"2025-12-03T08:40:57","slug":"3-osaline-pesukomplekt-beauty-night-leonela","status":"publish","type":"product","link":"https:\/\/pesu24.ee\/en\/pesukomplektid\/3-osaline-pesukomplekt-beauty-night-leonela\/","title":{"rendered":"3-osaline pesukomplekt Beauty Night Leonela"},"content":{"rendered":"<p>Avastage sensuaalsus ja elegantsus Beauty Night Leonela 3-osalise pesukomplektiga. Unikaalne kombinatsioon \u00f5rnast pitsist ja wetlook ilmega materjalist \u00e4ratavad kirge enamikes meestes. T\u00f5sta esile oma naiselikkust ja lase selle kauni komplektiga enda sisemine ilu s\u00e4rama.<\/p>\n<p>Ole enesekindel ja v\u00f5luv, kandes Leonela seeria pesukomplektis. Tugikaartega varustatud rinnahoidja ja sukahoidja tagavad t\u00e4iusliku sobivuse ning kujundavad kauneid keha kurve. Komplekti kuuluvad kaunid stringid lisavad l\u00f5pliku puudutuse sinu sensuaalsele stiilile.<\/p>\n<p><span style=\"color: #008000;\"><strong>KOMPLEKT SISALDAB:<\/strong><\/span><\/p>\n<ul>\n<li>rinnahoidja<\/li>\n<li>stringid<\/li>\n<li>sukahoidja<\/li>\n<\/ul>\n<p><span style=\"color: #008000;\"><strong>DETAILS:<\/strong><\/span><\/p>\n<ul>\n<li>erilise disainiga pesukomplekt<\/li>\n<li>rinnakorvil ja sukahoidja tugikaared &amp; taga astmeline kinnitus<\/li>\n<li>reguleeritavad \u00f5la- ja sukapaelad<\/li>\n<li>kaunistatud pitsiga<\/li>\n<li>valmistatud mugavast &amp; elastsest kangast (88% pol\u00fcester ja 12% elastaan)<\/li>\n<\/ul>\n<p>Sobib kokku tootefotodel olevate <a href=\"https:\/\/pesu24.ee\/en\/sukad\/sukad-beauty-night-romance-mustad\/\">sukkadega Beauty Night Romance (mustad)<\/a>.<\/p>","protected":false},"excerpt":{"rendered":"<p>&#46;&#46;&#46;<\/p>","protected":false},"featured_media":18586,"comment_status":"open","ping_status":"closed","template":"","meta":{"_glsr_average":0,"_glsr_ranking":0,"_glsr_reviews":0},"product_brand":[503],"product_cat":[16],"product_tag":[403,467],"class_list":{"0":"post-18352","1":"product","2":"type-product","3":"status-publish","4":"has-post-thumbnail","6":"product_brand-beauty-night","7":"product_cat-pesukomplektid","8":"product_tag-beauty-night","9":"product_tag-leonela","10":"pa_suurus-l-xl","11":"pa_suurus-s-m","12":"pa_varvus-must","14":"first","15":"instock","16":"sold-individually","17":"taxable","18":"shipping-taxable","19":"purchasable","20":"product-type-variable"},"_links":{"self":[{"href":"https:\/\/pesu24.ee\/en\/wp-json\/wp\/v2\/product\/18352","targetHints":{"allow":["GET"]}}],"collection":[{"href":"https:\/\/pesu24.ee\/en\/wp-json\/wp\/v2\/product"}],"about":[{"href":"https:\/\/pesu24.ee\/en\/wp-json\/wp\/v2\/types\/product"}],"replies":[{"embeddable":true,"href":"https:\/\/pesu24.ee\/en\/wp-json\/wp\/v2\/comments?post=18352"}],"wp:featuredmedia":[{"embeddable":true,"href":"https:\/\/pesu24.ee\/en\/wp-json\/wp\/v2\/media\/18586"}],"wp:attachment":[{"href":"https:\/\/pesu24.ee\/en\/wp-json\/wp\/v2\/media?parent=18352"}],"wp:term":[{"taxonomy":"product_brand","embeddable":true,"href":"https:\/\/pesu24.ee\/en\/wp-json\/wp\/v2\/product_brand?post=18352"},{"taxonomy":"product_cat","embeddable":true,"href":"https:\/\/pesu24.ee\/en\/wp-json\/wp\/v2\/product_cat?post=18352"},{"taxonomy":"product_tag","embeddable":true,"href":"https:\/\/pesu24.ee\/en\/wp-json\/wp\/v2\/product_tag?post=18352"}],"curies":[{"name":"wp","href":"https:\/\/api.w.org\/{rel}","templated":true}]}}