{"id":18688,"date":"2025-08-18T21:42:00","date_gmt":"2025-08-18T18:42:00","guid":{"rendered":"https:\/\/pesu24.ee\/?post_type=product&#038;p=18688"},"modified":"2025-11-26T14:25:52","modified_gmt":"2025-11-26T11:25:52","slug":"2-osaline-pesukomplekt-beauty-night-saphira","status":"publish","type":"product","link":"https:\/\/pesu24.ee\/en\/pesukomplektid\/2-osaline-pesukomplekt-beauty-night-saphira\/","title":{"rendered":"2-osaline pesukomplekt Beauty Night Saphira"},"content":{"rendered":"<p>Sisene eksklusiivsuse ja romantika maailma Beauty Night Saphira 2-osalise pesukomplektiga. Mustast t\u00fcllist ja metallilise safiiritooni pitsist valmistatud l\u00fchike korsett koos stringidega loob unustamatu ja sensuaalse ilme. Tunne end erilisena selle eksklusiivse komplektiga.<\/p>\n<p>Korsetil on tugikaared, reguleeritavad paelad ja tagant haakidega kinnitus, mis tagav ideaalse sobivuse. Stringid ei j\u00e4ta k\u00fclmaks mitte \u00fchtegi partnerit. Saavuta luksuslik ja sensuaalne v\u00e4limus selles erilises pesukomplektis. Kvaliteetsed materjalid ja t\u00e4iuslik disain muudavad selle komplekti suurep\u00e4raseks kingituseks endale v\u00f5i kallimale.<\/p>\n<p><span style=\"color: #008000;\"><strong>KOMPLEKT SISALDAB:<\/strong><\/span><\/p>\n<ul>\n<li>korseti stiilis rinnahoidja<\/li>\n<li>stringid<\/li>\n<\/ul>\n<p><span style=\"color: #008000;\"><strong>DETAILS:<\/strong><\/span><\/p>\n<ul>\n<li>maitsekas pesukomplekt<\/li>\n<li>reguleeritavad \u00f5lapaelad<\/li>\n<li>tagant haakidega kinnituv<\/li>\n<li>korsetil tugikaared<\/li>\n<li>valmistatud mugavast &amp; elastsest kangast (88% pol\u00fcester ja 12% elastaan)<\/li>\n<\/ul>","protected":false},"excerpt":{"rendered":"<p>&#46;&#46;&#46;<\/p>","protected":false},"featured_media":18716,"comment_status":"open","ping_status":"closed","template":"","meta":{"_glsr_average":0,"_glsr_ranking":0,"_glsr_reviews":0},"product_brand":[503],"product_cat":[16],"product_tag":[403],"class_list":{"0":"post-18688","1":"product","2":"type-product","3":"status-publish","4":"has-post-thumbnail","6":"product_brand-beauty-night","7":"product_cat-pesukomplektid","8":"product_tag-beauty-night","9":"pa_suurus-l-xl","10":"pa_suurus-s-m","11":"pa_varvus-must","12":"pa_varvus-sinine","14":"first","15":"instock","16":"sale","17":"sold-individually","18":"taxable","19":"shipping-taxable","20":"purchasable","21":"product-type-variable"},"_links":{"self":[{"href":"https:\/\/pesu24.ee\/en\/wp-json\/wp\/v2\/product\/18688","targetHints":{"allow":["GET"]}}],"collection":[{"href":"https:\/\/pesu24.ee\/en\/wp-json\/wp\/v2\/product"}],"about":[{"href":"https:\/\/pesu24.ee\/en\/wp-json\/wp\/v2\/types\/product"}],"replies":[{"embeddable":true,"href":"https:\/\/pesu24.ee\/en\/wp-json\/wp\/v2\/comments?post=18688"}],"wp:featuredmedia":[{"embeddable":true,"href":"https:\/\/pesu24.ee\/en\/wp-json\/wp\/v2\/media\/18716"}],"wp:attachment":[{"href":"https:\/\/pesu24.ee\/en\/wp-json\/wp\/v2\/media?parent=18688"}],"wp:term":[{"taxonomy":"product_brand","embeddable":true,"href":"https:\/\/pesu24.ee\/en\/wp-json\/wp\/v2\/product_brand?post=18688"},{"taxonomy":"product_cat","embeddable":true,"href":"https:\/\/pesu24.ee\/en\/wp-json\/wp\/v2\/product_cat?post=18688"},{"taxonomy":"product_tag","embeddable":true,"href":"https:\/\/pesu24.ee\/en\/wp-json\/wp\/v2\/product_tag?post=18688"}],"curies":[{"name":"wp","href":"https:\/\/api.w.org\/{rel}","templated":true}]}}