{"id":18691,"date":"2025-08-18T21:42:00","date_gmt":"2025-08-18T18:42:00","guid":{"rendered":"https:\/\/pesu24.ee\/?post_type=product&#038;p=18691"},"modified":"2025-09-23T10:07:24","modified_gmt":"2025-09-23T07:07:24","slug":"2-osaline-pesukomplekt-beauty-night-sasha","status":"publish","type":"product","link":"https:\/\/pesu24.ee\/en\/pesukomplektid\/2-osaline-pesukomplekt-beauty-night-sasha\/","title":{"rendered":"2-osaline pesukomplekt Beauty Night Sasha"},"content":{"rendered":"<p>Avasta sensuaalsus ja enesekindlus sellest 2-osalisest Beauty Night Sasha pesukomplektist, mis on valmistatud mustast wetlook ilmega materjalist. Antud pesukomplekt toob esile teie imelised keha kumerused ning sobib suurep\u00e4raselt oma kallima \u00fcllatamiseks erilisematel s\u00fcndmustel<\/p>\n<p>Komplektis sisalduv topp on varustatud tugikaartega, reguleeritavate paeltega ja tagant haakidega kinnituv. K\u00f5ik need omadused tagavad ideaalse mugavuse ja suurep\u00e4rase sobivuse. Komplektiga kaasas olevad reguleeritavad suurusega stringid tagavad nii mugavuse kui ka naiseliku v\u00e4limuse.<\/p>\n<p><span style=\"color: #008000;\"><strong>KOMPLEKT SISALDAB:<\/strong><\/span><\/p>\n<ul>\n<li>topp<\/li>\n<li>stringid<\/li>\n<\/ul>\n<p><span style=\"color: #008000;\"><strong>DETAILS:<\/strong><\/span><\/p>\n<ul>\n<li>topil tugikaared<\/li>\n<li>reguleeritavad \u00f5lapaelad<\/li>\n<li>tagant haakidega kinnituv<\/li>\n<li>ees paelad<\/li>\n<li>reguleeritavad stringid<\/li>\n<li>valmistatud mugavast &amp; elastsest kangast (92% pol\u00fcamiid ja 8% elastaan)<\/li>\n<\/ul>","protected":false},"excerpt":{"rendered":"<p>&#46;&#46;&#46;<\/p>","protected":false},"featured_media":18748,"comment_status":"open","ping_status":"closed","template":"","meta":{"_glsr_average":0,"_glsr_ranking":0,"_glsr_reviews":0},"product_brand":[503],"product_cat":[16],"product_tag":[403],"class_list":{"0":"post-18691","1":"product","2":"type-product","3":"status-publish","4":"has-post-thumbnail","6":"product_brand-beauty-night","7":"product_cat-pesukomplektid","8":"product_tag-beauty-night","9":"pa_suurus-l-xl","10":"pa_suurus-s-m","11":"pa_varvus-must","13":"first","14":"instock","15":"sold-individually","16":"taxable","17":"shipping-taxable","18":"purchasable","19":"product-type-variable"},"_links":{"self":[{"href":"https:\/\/pesu24.ee\/en\/wp-json\/wp\/v2\/product\/18691","targetHints":{"allow":["GET"]}}],"collection":[{"href":"https:\/\/pesu24.ee\/en\/wp-json\/wp\/v2\/product"}],"about":[{"href":"https:\/\/pesu24.ee\/en\/wp-json\/wp\/v2\/types\/product"}],"replies":[{"embeddable":true,"href":"https:\/\/pesu24.ee\/en\/wp-json\/wp\/v2\/comments?post=18691"}],"wp:featuredmedia":[{"embeddable":true,"href":"https:\/\/pesu24.ee\/en\/wp-json\/wp\/v2\/media\/18748"}],"wp:attachment":[{"href":"https:\/\/pesu24.ee\/en\/wp-json\/wp\/v2\/media?parent=18691"}],"wp:term":[{"taxonomy":"product_brand","embeddable":true,"href":"https:\/\/pesu24.ee\/en\/wp-json\/wp\/v2\/product_brand?post=18691"},{"taxonomy":"product_cat","embeddable":true,"href":"https:\/\/pesu24.ee\/en\/wp-json\/wp\/v2\/product_cat?post=18691"},{"taxonomy":"product_tag","embeddable":true,"href":"https:\/\/pesu24.ee\/en\/wp-json\/wp\/v2\/product_tag?post=18691"}],"curies":[{"name":"wp","href":"https:\/\/api.w.org\/{rel}","templated":true}]}}