{"id":18692,"date":"2025-08-18T21:42:00","date_gmt":"2025-08-18T18:42:00","guid":{"rendered":"https:\/\/pesu24.ee\/?post_type=product&#038;p=18692"},"modified":"2026-03-30T13:50:13","modified_gmt":"2026-03-30T11:50:13","slug":"2-osaline-pesukomplekt-obsessive-latinesa","status":"publish","type":"product","link":"https:\/\/pesu24.ee\/en\/pesukomplektid\/2-osaline-pesukomplekt-obsessive-latinesa\/","title":{"rendered":"2-osaline pesukomplekt Obsessive Latinesa"},"content":{"rendered":"<p>Obsessive Latinesa 2-osaline pesukomplekt pakub v\u00f5imalust luua romantiline \u00f5hkkond oma magamistoas. Klassikaline l\u00f5ige, kombineeritud must ja l\u00e4bipaistev kangas ning pilkup\u00fc\u00fcdvad lillekujundused tagavad unustamatud ja \u00f5rnad hetked.<\/p>\n<p>See komplekt on loodud minimalistlikus v\u00f5tmes, pakkudes v\u00f5imalust \u00fcllatada oma partnerit peene aluspesuga. Tunne end erilisena, esitle oma v\u00f5lusid ja kiirenda oma kallima s\u00fcdamel\u00f6\u00f6ke, kui nad sind n\u00e4evad. Latinesa pesukomplekt muudab romantilised hetked veelgi v\u00f5luvamaks.<\/p>\n<p>Tutvuge ka teiste <a href=\"https:\/\/pesu24.ee\/en\/omadus\/obsessive-latinesa\/\">Obsessive Latinesa<\/a> pesukollektsiooni toodetega.<\/p>\n<p><span style=\"color: #008000;\"><strong>KOMPLEKT SISALDAB:<\/strong><\/span><\/p>\n<ul>\n<li>rinnahoidja<\/li>\n<li>stringid<\/li>\n<\/ul>\n<p><span style=\"color: #008000;\"><strong>DETAILS:<\/strong><\/span><\/p>\n<ul>\n<li>seksikas pesukomplekt<\/li>\n<li>reguleeritavad \u00f5lapaelad<\/li>\n<li>taga astmeline kinnitus<\/li>\n<li>taga seksikas lillemotiiviga kaunistus<\/li>\n<li>mugav &amp; elastne kangas (94% pol\u00fcamiid &amp; 6% elastaan)<\/li>\n<\/ul>","protected":false},"excerpt":{"rendered":"<p>&#46;&#46;&#46;<\/p>","protected":false},"featured_media":18757,"comment_status":"open","ping_status":"closed","template":"","meta":{"_glsr_average":0,"_glsr_ranking":0,"_glsr_reviews":0},"product_brand":[500],"product_cat":[16],"product_tag":[160,468],"class_list":{"0":"post-18692","1":"product","2":"type-product","3":"status-publish","4":"has-post-thumbnail","6":"product_brand-obsessive","7":"product_cat-pesukomplektid","8":"product_tag-obsessive","9":"product_tag-obsessive-latinesa","10":"pa_suurus-m-l","11":"pa_suurus-xl-xxl","12":"pa_suurus-xs-s","13":"pa_varvus-must","15":"first","16":"instock","17":"sold-individually","18":"taxable","19":"shipping-taxable","20":"purchasable","21":"product-type-variable"},"_links":{"self":[{"href":"https:\/\/pesu24.ee\/en\/wp-json\/wp\/v2\/product\/18692","targetHints":{"allow":["GET"]}}],"collection":[{"href":"https:\/\/pesu24.ee\/en\/wp-json\/wp\/v2\/product"}],"about":[{"href":"https:\/\/pesu24.ee\/en\/wp-json\/wp\/v2\/types\/product"}],"replies":[{"embeddable":true,"href":"https:\/\/pesu24.ee\/en\/wp-json\/wp\/v2\/comments?post=18692"}],"wp:featuredmedia":[{"embeddable":true,"href":"https:\/\/pesu24.ee\/en\/wp-json\/wp\/v2\/media\/18757"}],"wp:attachment":[{"href":"https:\/\/pesu24.ee\/en\/wp-json\/wp\/v2\/media?parent=18692"}],"wp:term":[{"taxonomy":"product_brand","embeddable":true,"href":"https:\/\/pesu24.ee\/en\/wp-json\/wp\/v2\/product_brand?post=18692"},{"taxonomy":"product_cat","embeddable":true,"href":"https:\/\/pesu24.ee\/en\/wp-json\/wp\/v2\/product_cat?post=18692"},{"taxonomy":"product_tag","embeddable":true,"href":"https:\/\/pesu24.ee\/en\/wp-json\/wp\/v2\/product_tag?post=18692"}],"curies":[{"name":"wp","href":"https:\/\/api.w.org\/{rel}","templated":true}]}}