{"id":18697,"date":"2025-08-18T21:42:00","date_gmt":"2025-08-18T18:42:00","guid":{"rendered":"https:\/\/pesu24.ee\/?post_type=product&#038;p=18697"},"modified":"2025-11-26T14:29:55","modified_gmt":"2025-11-26T11:29:55","slug":"3-osaline-pesukomplekt-beauty-night-peony","status":"publish","type":"product","link":"https:\/\/pesu24.ee\/en\/pesukomplektid\/3-osaline-pesukomplekt-beauty-night-peony\/","title":{"rendered":"3-osaline pesukomplekt Beauty Night Peony"},"content":{"rendered":"<p>Tutvustame teile sensuaalset 3-osalist Beauty Night Peony pesukollektsiooni, mis on loodud erilisteks s\u00fcndmusteks. See koosneb kolmest osast, mis toovad esile Sinu naiselikkuse ja elegantsi.<\/p>\n<p>Rinnahoidja on valmistatud \u00f5rnast pitsist, millel on elegantne disain ja intigreerivad paelad. See lisab Sinu v\u00e4limusele sensuaalsust ja salap\u00e4ra. Lisaks kuulub komplekt t\u00fcllist sukahoidja, mis toob esile Sinu kehakumerused ning lisab sellele v\u00f5rgutavat v\u00f5lu. Klassikalised stringid t\u00e4iendavad ideaalselt kogu komplekti ning tagavad mugavuse ja stiili kogu p\u00e4eva v\u00f5i \u00f5htu v\u00e4ltel.<\/p>\n<p><span style=\"color: #008000;\"><strong>KOMPLEKT SISALDAB:<\/strong><\/span><\/p>\n<ul>\n<li>rinnahoidja<\/li>\n<li>stringid<\/li>\n<li>sukahoidja<\/li>\n<li>NB! sukad ei kuulu komplekti<\/li>\n<\/ul>\n<p>Kobineerige komplekt endale meelep\u00e4raste <a href=\"https:\/\/pesu24.ee\/en\/sukad\/\">sukkadega<\/a><\/p>\n<p><span style=\"color: #008000;\"><strong>DETAILS:<\/strong><\/span><\/p>\n<ul>\n<li>pitsist kelmikas pesukomplekt<\/li>\n<li>reguleeritavad \u00f5la- ja sukapaelad<\/li>\n<li>rinnakorvil tugikaared<\/li>\n<li>taga astmeline kinnitus<\/li>\n<li>ainulaadne sukahoidja<\/li>\n<li>valmistatud mugavast &amp; elastsest kangast (92% pol\u00fcamiid ja 8% elastaan)<\/li>\n<\/ul>","protected":false},"excerpt":{"rendered":"<p>&#46;&#46;&#46;<\/p>","protected":false},"featured_media":18795,"comment_status":"open","ping_status":"closed","template":"","meta":{"_glsr_average":0,"_glsr_ranking":0,"_glsr_reviews":0},"product_brand":[503],"product_cat":[16],"product_tag":[403,480],"class_list":{"0":"post-18697","1":"product","2":"type-product","3":"status-publish","4":"has-post-thumbnail","6":"product_brand-beauty-night","7":"product_cat-pesukomplektid","8":"product_tag-beauty-night","9":"product_tag-beauty-night-peony","10":"pa_suurus-l-xl","11":"pa_suurus-s-m","12":"pa_varvus-valge","14":"first","15":"instock","16":"sale","17":"sold-individually","18":"taxable","19":"shipping-taxable","20":"purchasable","21":"product-type-variable"},"_links":{"self":[{"href":"https:\/\/pesu24.ee\/en\/wp-json\/wp\/v2\/product\/18697","targetHints":{"allow":["GET"]}}],"collection":[{"href":"https:\/\/pesu24.ee\/en\/wp-json\/wp\/v2\/product"}],"about":[{"href":"https:\/\/pesu24.ee\/en\/wp-json\/wp\/v2\/types\/product"}],"replies":[{"embeddable":true,"href":"https:\/\/pesu24.ee\/en\/wp-json\/wp\/v2\/comments?post=18697"}],"wp:featuredmedia":[{"embeddable":true,"href":"https:\/\/pesu24.ee\/en\/wp-json\/wp\/v2\/media\/18795"}],"wp:attachment":[{"href":"https:\/\/pesu24.ee\/en\/wp-json\/wp\/v2\/media?parent=18697"}],"wp:term":[{"taxonomy":"product_brand","embeddable":true,"href":"https:\/\/pesu24.ee\/en\/wp-json\/wp\/v2\/product_brand?post=18697"},{"taxonomy":"product_cat","embeddable":true,"href":"https:\/\/pesu24.ee\/en\/wp-json\/wp\/v2\/product_cat?post=18697"},{"taxonomy":"product_tag","embeddable":true,"href":"https:\/\/pesu24.ee\/en\/wp-json\/wp\/v2\/product_tag?post=18697"}],"curies":[{"name":"wp","href":"https:\/\/api.w.org\/{rel}","templated":true}]}}