{"id":18698,"date":"2026-02-16T14:42:00","date_gmt":"2026-02-16T12:42:00","guid":{"rendered":"https:\/\/pesu24.ee\/?post_type=product&#038;p=18698"},"modified":"2026-02-16T16:27:05","modified_gmt":"2026-02-16T14:27:05","slug":"3-osaline-pesukomplekt-obsessive-novenes","status":"publish","type":"product","link":"https:\/\/pesu24.ee\/en\/pesukomplektid\/3-osaline-pesukomplekt-obsessive-novenes\/","title":{"rendered":"3-osaline pesukomplekt Obsessive Novenes"},"content":{"rendered":"<p>Obsessive Novenes kolmeosaline pesukomplekt on elegantne ja luksuslik. See pesukomplekt on loodud r\u00f5hutama Sinu loomulikku ilu ning pakub \u00fchtaegu nii mugavust kui ka v\u00f5rgutavat stiili.<\/p>\n<p>Komplekt koosneb rinnahoidjast, stringidest ja sukahoidjast. Valmistatud mustast l\u00e4bipaistvast kangast, kaunistatud lillakate detailidega ning s\u00e4delevate n\u00fcanssidega. Ideaalne istuvus tagab v\u00f5rgutava v\u00e4limuse ja kandmismugavuse. Veendu ise, kui v\u00f5imas see olla v\u00f5ib.<\/p>\n<p>Sukad komplekti ei kuulu. Tootefotodel on <a href=\"https:\/\/pesu24.ee\/en\/sukad\/sukad-obsessive-s800\/\">Obsessive S800 sukad<\/a>, mis saab osta eraldi. <\/p>\n<p><span style=\"color: #a68d03;\"><strong>Details<\/strong><\/span><\/p>\n<div class=\"omadused\">\n<ul>\n<li>komplekt sisaldab rinnahoidjat, sukahoidjad ja string. tootefotodel olevad <a href=\"https:\/\/pesu24.ee\/en\/sukad\/sukad-obsessive-s800\/\">S800 sukad<\/a> komplekti ei kuulu ja need saab osta eraldi.\n<li>seksikas pesukomplekt<\/li>\n<li>taga astmeline kinnitus<\/li>\n<li>reguleeritavad \u00f5la- ja sukapaealad<\/li>\n<li>rinnakorvil tugikaared<\/li>\n<li>mugav &amp; elastne kangas (94% pol\u00fcamiid &amp; 6% elastaan)<\/li>\n<\/ul>\n<\/div>","protected":false},"excerpt":{"rendered":"<p>&#46;&#46;&#46;<\/p>","protected":false},"featured_media":30875,"comment_status":"open","ping_status":"closed","template":"","meta":{"_glsr_average":0,"_glsr_ranking":0,"_glsr_reviews":0},"product_brand":[500],"product_cat":[16],"product_tag":[160,474],"class_list":{"0":"post-18698","1":"product","2":"type-product","3":"status-publish","4":"has-post-thumbnail","6":"product_brand-obsessive","7":"product_cat-pesukomplektid","8":"product_tag-obsessive","9":"product_tag-obsessive-novenes","10":"pa_suurus-m-l","11":"pa_suurus-xl-xxl","12":"pa_suurus-xs-s","13":"pa_varvus-must","15":"first","16":"instock","17":"sold-individually","18":"taxable","19":"shipping-taxable","20":"purchasable","21":"product-type-variable"},"_links":{"self":[{"href":"https:\/\/pesu24.ee\/en\/wp-json\/wp\/v2\/product\/18698","targetHints":{"allow":["GET"]}}],"collection":[{"href":"https:\/\/pesu24.ee\/en\/wp-json\/wp\/v2\/product"}],"about":[{"href":"https:\/\/pesu24.ee\/en\/wp-json\/wp\/v2\/types\/product"}],"replies":[{"embeddable":true,"href":"https:\/\/pesu24.ee\/en\/wp-json\/wp\/v2\/comments?post=18698"}],"wp:featuredmedia":[{"embeddable":true,"href":"https:\/\/pesu24.ee\/en\/wp-json\/wp\/v2\/media\/30875"}],"wp:attachment":[{"href":"https:\/\/pesu24.ee\/en\/wp-json\/wp\/v2\/media?parent=18698"}],"wp:term":[{"taxonomy":"product_brand","embeddable":true,"href":"https:\/\/pesu24.ee\/en\/wp-json\/wp\/v2\/product_brand?post=18698"},{"taxonomy":"product_cat","embeddable":true,"href":"https:\/\/pesu24.ee\/en\/wp-json\/wp\/v2\/product_cat?post=18698"},{"taxonomy":"product_tag","embeddable":true,"href":"https:\/\/pesu24.ee\/en\/wp-json\/wp\/v2\/product_tag?post=18698"}],"curies":[{"name":"wp","href":"https:\/\/api.w.org\/{rel}","templated":true}]}}