{"id":18699,"date":"2025-08-18T21:42:00","date_gmt":"2025-08-18T18:42:00","guid":{"rendered":"https:\/\/pesu24.ee\/?post_type=product&#038;p=18699"},"modified":"2025-11-12T12:33:53","modified_gmt":"2025-11-12T09:33:53","slug":"2-osaline-pesukomplekt-obsessive-alissium","status":"publish","type":"product","link":"https:\/\/pesu24.ee\/en\/pesukomplektid\/2-osaline-pesukomplekt-obsessive-alissium\/","title":{"rendered":"2-osaline pesukomplekt Obsessive Alissium"},"content":{"rendered":"<p>Obsessive Alissium 2-osaline pesukomplekt on elegantne ja v\u00f5rgutav valik, mis \u00fchendab endas klassikalise pesustiili ja kaasaegse disaini. Valge v\u00e4rvus ja keerukad geomeetrilised mustrid loovad k\u00fctkestava kontrasti, s\u00fctitades kirge ja intriigi.<\/p>\n<p>Rinnahoidja ja stringid on t\u00e4pselt l\u00f5igatud, et esile tuua su kumerusi, j\u00e4ttes endast unustamatu mulje mitte ainult sulle endale, vaid ka k\u00f5igile, kes sind selles v\u00f5luvas komplektis n\u00e4evad. Las Obsessive Alissium 2-osaline pesukomplekt saab sinu salajaseks relvaks enesekindluse ja sensuaalsuse v\u00e4ljendamisel igas olukorras.<\/p>\n<p>Tutvuge ka teiste <a href=\"https:\/\/pesu24.ee\/en\/omadus\/obsessive-alissium\/\">Obsessive <\/a><a href=\"https:\/\/pesu24.ee\/en\/omadus\/obsessive-alissium\/\">Alissium<\/a>\u00a0pesukollektsiooni toodetega.<\/p>\n<p><span style=\"color: #008000;\"><strong>KOMPLEKT SISALDAB:<\/strong><\/span><\/p>\n<ul>\n<li>rinnahoidja<\/li>\n<li>stringid<\/li>\n<\/ul>\n<p><span style=\"color: #008000;\"><strong>DETAILS:<\/strong><\/span><\/p>\n<ul>\n<li>valge seksikas pesukomplekt<\/li>\n<li>geomeetrilised kaunistused<\/li>\n<li>taga astmeline kinnitus<\/li>\n<li>reguleeritavad \u00f5lapaelad<\/li>\n<li>rinnakorvil tugikaared<\/li>\n<li>mugav &amp; elastne kangas (90% pol\u00fcamiid &amp; 10% elastaan)<\/li>\n<\/ul>\n<p><span style=\"color: #008000;\"><strong>VIDEO<\/strong><\/span><\/p>\n<div class=\"video-container\"><iframe loading=\"lazy\" title=\"Obsessive Alissium set #lingerietorino #obsessive #Alissium\" width=\"422\" height=\"750\" src=\"https:\/\/www.youtube.com\/embed\/TqCDYRaOV14?feature=oembed&#038;wmode=opaque\" frameborder=\"0\" allow=\"accelerometer; autoplay; clipboard-write; encrypted-media; gyroscope; picture-in-picture; web-share\" referrerpolicy=\"strict-origin-when-cross-origin\" allowfullscreen><\/iframe><\/div>","protected":false},"excerpt":{"rendered":"<p>&#46;&#46;&#46;<\/p>","protected":false},"featured_media":18812,"comment_status":"open","ping_status":"closed","template":"","meta":{"_glsr_average":0,"_glsr_ranking":0,"_glsr_reviews":0},"product_brand":[500],"product_cat":[16],"product_tag":[160,475],"class_list":{"0":"post-18699","1":"product","2":"type-product","3":"status-publish","4":"has-post-thumbnail","6":"product_brand-obsessive","7":"product_cat-pesukomplektid","8":"product_tag-obsessive","9":"product_tag-obsessive-alissium","10":"pa_suurus-m-l","11":"pa_suurus-xl-xxl","12":"pa_suurus-xs-s","13":"pa_varvus-valge","15":"first","16":"instock","17":"sold-individually","18":"taxable","19":"shipping-taxable","20":"purchasable","21":"product-type-variable"},"_links":{"self":[{"href":"https:\/\/pesu24.ee\/en\/wp-json\/wp\/v2\/product\/18699","targetHints":{"allow":["GET"]}}],"collection":[{"href":"https:\/\/pesu24.ee\/en\/wp-json\/wp\/v2\/product"}],"about":[{"href":"https:\/\/pesu24.ee\/en\/wp-json\/wp\/v2\/types\/product"}],"replies":[{"embeddable":true,"href":"https:\/\/pesu24.ee\/en\/wp-json\/wp\/v2\/comments?post=18699"}],"wp:featuredmedia":[{"embeddable":true,"href":"https:\/\/pesu24.ee\/en\/wp-json\/wp\/v2\/media\/18812"}],"wp:attachment":[{"href":"https:\/\/pesu24.ee\/en\/wp-json\/wp\/v2\/media?parent=18699"}],"wp:term":[{"taxonomy":"product_brand","embeddable":true,"href":"https:\/\/pesu24.ee\/en\/wp-json\/wp\/v2\/product_brand?post=18699"},{"taxonomy":"product_cat","embeddable":true,"href":"https:\/\/pesu24.ee\/en\/wp-json\/wp\/v2\/product_cat?post=18699"},{"taxonomy":"product_tag","embeddable":true,"href":"https:\/\/pesu24.ee\/en\/wp-json\/wp\/v2\/product_tag?post=18699"}],"curies":[{"name":"wp","href":"https:\/\/api.w.org\/{rel}","templated":true}]}}