{"id":18700,"date":"2025-08-18T21:42:00","date_gmt":"2025-08-18T18:42:00","guid":{"rendered":"https:\/\/pesu24.ee\/?post_type=product&#038;p=18700"},"modified":"2025-08-20T17:10:49","modified_gmt":"2025-08-20T14:10:49","slug":"2-osaline-pesukomplekt-beauty-night-rosalinda","status":"publish","type":"product","link":"https:\/\/pesu24.ee\/en\/pesukomplektid\/2-osaline-pesukomplekt-beauty-night-rosalinda\/","title":{"rendered":"2-osaline pesukomplekt Beauty Night Rosalinda"},"content":{"rendered":"<p>Beauty Night Rosalinda 2-osaline pesukomplekt \u2013 sinu salarelv veetluse ja stiili kombineerimisel. See luksuslik pesukomplekt, millele on lisatud peened detailid ja v\u00f5rgutavad l\u00f5iked, tagab sulle t\u00e4iusliku sobivuse ja sensuaalse v\u00e4limuse. Olgu see eriline \u00f5htu v\u00f5i lihtsalt soov end hellitada, Rosalinda komplekt toob v\u00e4lja sinu k\u00f5ige kaunimad k\u00fcljed ja lisab igale hetkele erilise s\u00e4ra.<\/p>\n<p><span style=\"color: #008000;\"><strong>KOMPLEKT SISALDAB:<\/strong><\/span><\/p>\n<ul>\n<li>rinnahoidja<\/li>\n<li>p\u00fcksikud<\/li>\n<\/ul>\n<p><span style=\"color: #008000;\"><strong>DETAILS:<\/strong><\/span><\/p>\n<ul>\n<li>rinnahoidjal tugikaared<\/li>\n<li>reguleeritavad \u00f5lapaelad<\/li>\n<li>tagant haakidega kinnituv<\/li>\n<li>kaunistatud kelmika pitsiga<\/li>\n<li>erilise disainiga p\u00fcksikud<\/li>\n<li>valmistatud mugavast &amp; elastsest kangas (90% pol\u00fcamiid ja 10% elastaan)<\/li>\n<\/ul>","protected":false},"excerpt":{"rendered":"<p>&#46;&#46;&#46;<\/p>","protected":false},"featured_media":18819,"comment_status":"open","ping_status":"closed","template":"","meta":{"_glsr_average":0,"_glsr_ranking":0,"_glsr_reviews":0},"product_brand":[503],"product_cat":[16],"product_tag":[403],"class_list":{"0":"post-18700","1":"product","2":"type-product","3":"status-publish","4":"has-post-thumbnail","6":"product_brand-beauty-night","7":"product_cat-pesukomplektid","8":"product_tag-beauty-night","9":"pa_suurus-l-xl","10":"pa_suurus-s-m","11":"pa_varvus-must","13":"first","14":"instock","15":"sold-individually","16":"taxable","17":"shipping-taxable","18":"purchasable","19":"product-type-variable"},"_links":{"self":[{"href":"https:\/\/pesu24.ee\/en\/wp-json\/wp\/v2\/product\/18700","targetHints":{"allow":["GET"]}}],"collection":[{"href":"https:\/\/pesu24.ee\/en\/wp-json\/wp\/v2\/product"}],"about":[{"href":"https:\/\/pesu24.ee\/en\/wp-json\/wp\/v2\/types\/product"}],"replies":[{"embeddable":true,"href":"https:\/\/pesu24.ee\/en\/wp-json\/wp\/v2\/comments?post=18700"}],"wp:featuredmedia":[{"embeddable":true,"href":"https:\/\/pesu24.ee\/en\/wp-json\/wp\/v2\/media\/18819"}],"wp:attachment":[{"href":"https:\/\/pesu24.ee\/en\/wp-json\/wp\/v2\/media?parent=18700"}],"wp:term":[{"taxonomy":"product_brand","embeddable":true,"href":"https:\/\/pesu24.ee\/en\/wp-json\/wp\/v2\/product_brand?post=18700"},{"taxonomy":"product_cat","embeddable":true,"href":"https:\/\/pesu24.ee\/en\/wp-json\/wp\/v2\/product_cat?post=18700"},{"taxonomy":"product_tag","embeddable":true,"href":"https:\/\/pesu24.ee\/en\/wp-json\/wp\/v2\/product_tag?post=18700"}],"curies":[{"name":"wp","href":"https:\/\/api.w.org\/{rel}","templated":true}]}}