{"id":18702,"date":"2025-08-18T21:42:00","date_gmt":"2025-08-18T18:42:00","guid":{"rendered":"https:\/\/pesu24.ee\/?post_type=product&#038;p=18702"},"modified":"2025-08-20T15:02:37","modified_gmt":"2025-08-20T12:02:37","slug":"3-osaline-pesukomplekt-beauty-night-goldie","status":"publish","type":"product","link":"https:\/\/pesu24.ee\/en\/pesukomplektid\/3-osaline-pesukomplekt-beauty-night-goldie\/","title":{"rendered":"3-osaline pesukomplekt Beauty Night Goldie"},"content":{"rendered":"<p>Astuge luksuse maailma Beauty Night Goldie 3-osalise pesukomplektiga. See v\u00f5rratu komplekt on loodud naistele, kes hindavad kvaliteeti, elegantsi ja sensuaalsust. Goldie pesukomplekt \u00fchendab peened pitsid ja v\u00f5rgutava disaini, et pakkuda teile unustamatut kandmiskogemust. Ideaalne valik, et tunda end t\u00f5eliselt kauni ja enesekindlana.<\/p>\n<p>Komplekt sisaldab kaunist toppi, sensuaalseid p\u00fcksikuid ja elegantset paela, mis k\u00f5ik on hoolikalt disainitud r\u00f5hutama teie naiselikkust. Topp pakub suurep\u00e4rast tuge ja sobivust, samas kui p\u00fcksikud ja pael lisavad komplektile v\u00f5rgutavat v\u00f5lu. K\u00f5ik kolm osa t\u00f6\u00f6tavad koos, et luua harmooniline ja stiilne tervik, mis t\u00e4iendab teie loomulikku ilu.<\/p>\n<p>Beauty Night Goldie 3-osaline pesukomplekt on ideaalne valik erilisteks \u00f5htuteks v\u00f5i lihtsalt luksuslikuks igap\u00e4evaseks kandmiseks. Olgu teie eesm\u00e4rk romantiline \u00f5htu v\u00f5i soov end hellitada, see komplekt toob esile teie parimad k\u00fcljed ja lisab igasse hetke erilise s\u00e4ra. Las Goldie komplekti luksuslik puudutus viib teid enesekindluse ja elegantsi maailma, muutes iga hetke unustamatuks.<\/p>\n<p>Tutvuge ka teiste <a href=\"https:\/\/pesu24.ee\/en\/omadus\/beauty-night-goldie\/\">Beauty Night Goldie<\/a> pesukollektsiooni toodetega.<\/p>\n<p><span style=\"color: #008000;\"><strong>KOMPLEKT SISALDAB:<\/strong><\/span><\/p>\n<ul>\n<li>topp<\/li>\n<li>p\u00fcksikud<\/li>\n<li>pael<\/li>\n<li>NB! sukad ei kuulu komplekti<\/li>\n<\/ul>\n<p>Pesukomplekt sobib kokku <a href=\"https:\/\/pesu24.ee\/en\/sukad\/sukad-beauty-night-romance-mustad\/\">Beauty Night Romance sukkadega<\/a><\/p>\n<p><strong><span style=\"color: #008000;\">DETAILS:<\/span><\/strong><\/p>\n<ul>\n<li>erilise disaini ja l\u00f5ikega<\/li>\n<li>\u00fclimalt seksikas pesukomplekt<\/li>\n<li>valmistatud pooll\u00e4bipaistev kangas<\/li>\n<li>reguleeritavad \u00f5la- ja sukapaelad<\/li>\n<li>mugav ning elastne kangas (50% pol\u00fcester, 47% pol\u00fcamiid &amp; 3% elastaan)<\/li>\n<\/ul>","protected":false},"excerpt":{"rendered":"<p>&#46;&#46;&#46;<\/p>","protected":false},"featured_media":18830,"comment_status":"open","ping_status":"closed","template":"","meta":{"_glsr_average":0,"_glsr_ranking":0,"_glsr_reviews":0},"product_brand":[503],"product_cat":[16],"product_tag":[403,482],"class_list":{"0":"post-18702","1":"product","2":"type-product","3":"status-publish","4":"has-post-thumbnail","6":"product_brand-beauty-night","7":"product_cat-pesukomplektid","8":"product_tag-beauty-night","9":"product_tag-beauty-night-goldie","10":"pa_suurus-l-xl","11":"pa_suurus-s-m","12":"pa_varvus-must","14":"first","15":"instock","16":"sold-individually","17":"taxable","18":"shipping-taxable","19":"purchasable","20":"product-type-variable"},"_links":{"self":[{"href":"https:\/\/pesu24.ee\/en\/wp-json\/wp\/v2\/product\/18702","targetHints":{"allow":["GET"]}}],"collection":[{"href":"https:\/\/pesu24.ee\/en\/wp-json\/wp\/v2\/product"}],"about":[{"href":"https:\/\/pesu24.ee\/en\/wp-json\/wp\/v2\/types\/product"}],"replies":[{"embeddable":true,"href":"https:\/\/pesu24.ee\/en\/wp-json\/wp\/v2\/comments?post=18702"}],"wp:featuredmedia":[{"embeddable":true,"href":"https:\/\/pesu24.ee\/en\/wp-json\/wp\/v2\/media\/18830"}],"wp:attachment":[{"href":"https:\/\/pesu24.ee\/en\/wp-json\/wp\/v2\/media?parent=18702"}],"wp:term":[{"taxonomy":"product_brand","embeddable":true,"href":"https:\/\/pesu24.ee\/en\/wp-json\/wp\/v2\/product_brand?post=18702"},{"taxonomy":"product_cat","embeddable":true,"href":"https:\/\/pesu24.ee\/en\/wp-json\/wp\/v2\/product_cat?post=18702"},{"taxonomy":"product_tag","embeddable":true,"href":"https:\/\/pesu24.ee\/en\/wp-json\/wp\/v2\/product_tag?post=18702"}],"curies":[{"name":"wp","href":"https:\/\/api.w.org\/{rel}","templated":true}]}}