{"id":18703,"date":"2025-08-18T21:42:00","date_gmt":"2025-08-18T18:42:00","guid":{"rendered":"https:\/\/pesu24.ee\/?post_type=product&#038;p=18703"},"modified":"2025-08-20T14:53:55","modified_gmt":"2025-08-20T11:53:55","slug":"3-osaline-pesukomplekt-obsessive-lobellis","status":"publish","type":"product","link":"https:\/\/pesu24.ee\/en\/pesukomplektid\/3-osaline-pesukomplekt-obsessive-lobellis\/","title":{"rendered":"3-osaline pesukomplekt Obsessive Lobellis"},"content":{"rendered":"<p>Obsessive Lobellis 3-osaline pesukomplekt on ideaalne valik naistele, kes soovivad lisada oma pesusahtlisse midagi eriliselt kaunist ja v\u00f5rgutavat. See komplekt koosneb kaunist rinnahoidjast, seksikast stringidest ja elegantsest sukahoidjast, mis k\u00f5ik on valmistatud pehmest ja kvaliteetsest pitsist. Lobellis pesukomplekt pakub t\u00e4iuslikku kombinatsiooni luksuslikust disainist ja mugavusest, sobides suurep\u00e4raselt nii eriliseks \u00f5htuks kui ka igap\u00e4evaseks kandmiseks.<\/p>\n<p>Lobellis pesukomplekti detailid on hoolikalt l\u00e4bim\u00f5eldud, et pakkuda kandjale maksimaalset enesekindlust ja esteetilist rahulolu. Rinnahoidja ja stringid on kaunistatud \u00f5rnade lillemotiividega ja l\u00e4bipaistvate osadega, mis lisavad sensuaalsust ja stiili. Reguleeritavad \u00f5lapaelad ja elastne materjal tagavad t\u00e4iusliku sobivuse erinevatele kehat\u00fc\u00fcpidele, pakkudes samal ajal optimaalset tuge ja mugavust. Sukahoidja lisab komplektile elegantse viimistluse, tehes sellest t\u00f5eliselt erilise r\u00f5ivastuse.<\/p>\n<p>Lisaks kaunile v\u00e4limusele on Obsessive Lobellis 3-osaline pesukomplekt ka praktiline ja vastupidav. Kvaliteetsete materjalide kasutamine tagab, et komplekt s\u00e4ilitab oma vormi ja v\u00e4rvid ka p\u00e4rast mitmeid pesukordi. Pesukomplekti on lihtne hooldada, mist\u00f5ttu on see ideaalne igap\u00e4evaseks kandmiseks. Kombineerige see oma lemmik sukapaeladega v\u00f5i kandke eraldi \u2013 Lobellis pesukomplekt on loodud selleks, et tunda end igal hetkel enesekindla ja kaunina.<\/p>\n<p>Tutvuge ka teiste <a href=\"https:\/\/pesu24.ee\/en\/omadus\/obsessive-lobellis\/\">Obsessive Lobellis<\/a>\u00a0pesukollektsiooni toodetega.<\/p>\n<p><span style=\"color: #008000;\"><strong>KOMPLEKT SISALDAB:<\/strong><\/span><\/p>\n<ul>\n<li>rinnahoidja<\/li>\n<li>stringid<\/li>\n<li>sukahoidja<\/li>\n<li>NB! Sukad ei kuulu komplekti<\/li>\n<\/ul>\n<p>Antud pesukomplekt sobib kokku <a href=\"https:\/\/pesu24.ee\/en\/sukad\/sukad-obsessive-s800\/\">Obsessive S800 mustade sukkadega<\/a>.<\/p>\n<p><span style=\"color: #008000;\"><strong>DETAILS:<\/strong><\/span><\/p>\n<ul>\n<li>imeline pesukomplekt<\/li>\n<li>reguleeritavad \u00f5la- ja sukapaelad<\/li>\n<li>rinna- ja sukahoidjal astmeline kinnitus<\/li>\n<li>kasutatud on niklivaba metalli<\/li>\n<li>mugav ja elastne kangas (85% pol\u00fcamiid, 15% elastaan)<\/li>\n<\/ul>","protected":false},"excerpt":{"rendered":"<p>&#46;&#46;&#46;<\/p>","protected":false},"featured_media":18842,"comment_status":"open","ping_status":"closed","template":"","meta":{"_glsr_average":0,"_glsr_ranking":0,"_glsr_reviews":0},"product_brand":[500],"product_cat":[16],"product_tag":[160,476],"class_list":{"0":"post-18703","1":"product","2":"type-product","3":"status-publish","4":"has-post-thumbnail","6":"product_brand-obsessive","7":"product_cat-pesukomplektid","8":"product_tag-obsessive","9":"product_tag-obsessive-lobellis","10":"pa_suurus-m-l","11":"pa_suurus-xl-xxl","12":"pa_suurus-xs-s","13":"pa_varvus-must","15":"first","16":"instock","17":"sold-individually","18":"taxable","19":"shipping-taxable","20":"purchasable","21":"product-type-variable"},"_links":{"self":[{"href":"https:\/\/pesu24.ee\/en\/wp-json\/wp\/v2\/product\/18703","targetHints":{"allow":["GET"]}}],"collection":[{"href":"https:\/\/pesu24.ee\/en\/wp-json\/wp\/v2\/product"}],"about":[{"href":"https:\/\/pesu24.ee\/en\/wp-json\/wp\/v2\/types\/product"}],"replies":[{"embeddable":true,"href":"https:\/\/pesu24.ee\/en\/wp-json\/wp\/v2\/comments?post=18703"}],"wp:featuredmedia":[{"embeddable":true,"href":"https:\/\/pesu24.ee\/en\/wp-json\/wp\/v2\/media\/18842"}],"wp:attachment":[{"href":"https:\/\/pesu24.ee\/en\/wp-json\/wp\/v2\/media?parent=18703"}],"wp:term":[{"taxonomy":"product_brand","embeddable":true,"href":"https:\/\/pesu24.ee\/en\/wp-json\/wp\/v2\/product_brand?post=18703"},{"taxonomy":"product_cat","embeddable":true,"href":"https:\/\/pesu24.ee\/en\/wp-json\/wp\/v2\/product_cat?post=18703"},{"taxonomy":"product_tag","embeddable":true,"href":"https:\/\/pesu24.ee\/en\/wp-json\/wp\/v2\/product_tag?post=18703"}],"curies":[{"name":"wp","href":"https:\/\/api.w.org\/{rel}","templated":true}]}}