{"id":18705,"date":"2025-08-18T21:42:00","date_gmt":"2025-08-18T18:42:00","guid":{"rendered":"https:\/\/pesu24.ee\/?post_type=product&#038;p=18705"},"modified":"2025-10-16T10:04:29","modified_gmt":"2025-10-16T07:04:29","slug":"2-osaline-pesukomplekt-obsessive-blomentis","status":"publish","type":"product","link":"https:\/\/pesu24.ee\/en\/pesukomplektid\/2-osaline-pesukomplekt-obsessive-blomentis\/","title":{"rendered":"2-osaline pesukomplekt Obsessive Blomentis"},"content":{"rendered":"<p>Avasta oma sisemine elegants kaheosalisest Obsessive Blomentis pesukomplektist. See komplekt on loodud neile, kes hindavad nii stiili kui ka mugavust. Rinnahoidja, millel on \u00f5rnad pitsist paelad, t\u00f5stab esile sinu talje ja loob vastupandamatu silueti. See on ideaalne valik, kui soovid tunda end enesekindlana ja kaunina, olenemata olukorrast.<\/p>\n<p>Komplekti alusp\u00fcksid on valmistatud pehmest kangast, mis mitte ainult ei toeta, vaid ka r\u00f5hutab sinu loomulikke kurve. L\u00e4bikumavad ja pitsilised detailid lisavad sensuaalsust, j\u00e4ttes samas ruumi ka delikaatsetele vihjetele. T\u00e4nu hoolikalt valitud materjalidele tunned end kogu p\u00e4eva jooksul mugavalt ja veetlevalt.<\/p>\n<p>Obsessive Blomentis komplekt sobib suurep\u00e4raselt igaks eriliseks s\u00fcndmuseks v\u00f5i igap\u00e4evaseks kandmiseks, kui soovid oma v\u00e4limusele lisada luksuslikku h\u00f5ngu. Selle komplekti unikaalne disain ja kvaliteetne teostus muudavad selle asendamatuks lisandiks sinu garderoobis, pakkudes t\u00e4iuslikku kombinatsiooni elegantsist ja enesekindlusest.<\/p>\n<p>Tutvuge ka teiste <a href=\"https:\/\/pesu24.ee\/en\/omadus\/obsessive-blomentis\/\">Obsessive Blomentis<\/a> pesukollektsiooni toodetega.<\/p>\n<p><span style=\"color: #008000;\"><strong>KOMPLEKT SISALDAB:<\/strong><\/span><\/p>\n<ul>\n<li>rinnahoidja<\/li>\n<li>p\u00fcksikud<\/li>\n<\/ul>\n<p><span style=\"color: #008000;\"><strong>DETAILS:<\/strong><\/span><\/p>\n<ul>\n<li>seksikas pitsiga kaunistatud pesukomplekt<\/li>\n<li>reguleeritavad \u00f5lapaelad<\/li>\n<li>taga astmeline kinnitus<\/li>\n<li>tagant seotav<\/li>\n<li>mugav &amp; elastne kangas (90% pol\u00fcamiid &amp; 10% elastaan)<\/li>\n<\/ul>","protected":false},"excerpt":{"rendered":"<p>&#46;&#46;&#46;<\/p>","protected":false},"featured_media":18857,"comment_status":"open","ping_status":"closed","template":"","meta":{"_glsr_average":0,"_glsr_ranking":0,"_glsr_reviews":0},"product_brand":[500],"product_cat":[16],"product_tag":[160,470],"class_list":{"0":"post-18705","1":"product","2":"type-product","3":"status-publish","4":"has-post-thumbnail","6":"product_brand-obsessive","7":"product_cat-pesukomplektid","8":"product_tag-obsessive","9":"product_tag-obsessive-blomentis","10":"pa_suurus-m-l","11":"pa_suurus-xl-xxl","12":"pa_suurus-xs-s","13":"pa_varvus-must","15":"first","16":"instock","17":"sold-individually","18":"taxable","19":"shipping-taxable","20":"purchasable","21":"product-type-variable"},"_links":{"self":[{"href":"https:\/\/pesu24.ee\/en\/wp-json\/wp\/v2\/product\/18705","targetHints":{"allow":["GET"]}}],"collection":[{"href":"https:\/\/pesu24.ee\/en\/wp-json\/wp\/v2\/product"}],"about":[{"href":"https:\/\/pesu24.ee\/en\/wp-json\/wp\/v2\/types\/product"}],"replies":[{"embeddable":true,"href":"https:\/\/pesu24.ee\/en\/wp-json\/wp\/v2\/comments?post=18705"}],"wp:featuredmedia":[{"embeddable":true,"href":"https:\/\/pesu24.ee\/en\/wp-json\/wp\/v2\/media\/18857"}],"wp:attachment":[{"href":"https:\/\/pesu24.ee\/en\/wp-json\/wp\/v2\/media?parent=18705"}],"wp:term":[{"taxonomy":"product_brand","embeddable":true,"href":"https:\/\/pesu24.ee\/en\/wp-json\/wp\/v2\/product_brand?post=18705"},{"taxonomy":"product_cat","embeddable":true,"href":"https:\/\/pesu24.ee\/en\/wp-json\/wp\/v2\/product_cat?post=18705"},{"taxonomy":"product_tag","embeddable":true,"href":"https:\/\/pesu24.ee\/en\/wp-json\/wp\/v2\/product_tag?post=18705"}],"curies":[{"name":"wp","href":"https:\/\/api.w.org\/{rel}","templated":true}]}}