{"id":18707,"date":"2025-08-18T21:42:00","date_gmt":"2025-08-18T18:42:00","guid":{"rendered":"https:\/\/pesu24.ee\/?post_type=product&#038;p=18707"},"modified":"2025-10-12T03:16:54","modified_gmt":"2025-10-12T00:16:54","slug":"2-osaline-pesukomplekt-obsessive-nutris","status":"publish","type":"product","link":"https:\/\/pesu24.ee\/en\/pesukomplektid\/2-osaline-pesukomplekt-obsessive-nutris\/","title":{"rendered":"2-osaline pesukomplekt Obsessive Nutris"},"content":{"rendered":"<p>T\u00f5sta oma \u00f5htute meeleolu kuuma Obsessive Nutris pesukomplektiga. See kaheosaline komplekt, mis \u00fchendab endas luksusliku disaini ja julguse, sisaldab avatud jalgevahega stringe ja kaunilt dekoreeritud avatud rinnahoidjat. Nutrise pesukomplekt on loodud neile, kes soovivad v\u00e4ljendada oma v\u00f5rgutavat ja enesekindlat poolt, olles samal ajal stiilne ja meeldej\u00e4\u00e4v.<\/p>\n<p>Komplekti pehme pits, mida kaunistab \u00f5rn ja delikaatne muster, j\u00e4rgib t\u00e4iuslikult sinu kehakumerusi, pakkudes mugavust ja sensuaalsust. Topeltpuusarihmad lisavad stringidele erilise v\u00f5lu, r\u00f5hutades sinu figuuri ja andes komplektile unikaalse ilme. Avatud rinnahoidja, mis toetab ja t\u00f5stab esile, loob lummava ja ahvatleva silueti, mis ei j\u00e4\u00e4 m\u00e4rkamatuks.<\/p>\n<p>Olgu tegemist erilise \u00f5htu v\u00f5i igap\u00e4evase luksusega, Obsessive Nutris pesukomplekt on ideaalne valik neile, kes soovivad tunda end vastupandamatu ja stiilsena. Stiilne l\u00f5ige ja peened aksessuaarid tagavad, et iga detail sinu v\u00e4limuses on viimistletud ja sensuaalne. Lase Nutrise pesukomplektil tuua sinu ellu julgust ja kirge.<\/p>\n<p>Tutvuge ka teiste <a href=\"https:\/\/pesu24.ee\/en\/omadus\/obsessive-nutris\/\">Obsessive Nutris<\/a> pesukollektsiooni toodetega.<\/p>\n<p><span style=\"color: #008000;\"><strong>KOMPLEKT SISALDAB:<\/strong><\/span><\/p>\n<ul>\n<li>avatud rinnahoidja<\/li>\n<li>avatud stringid<\/li>\n<\/ul>\n<p><span style=\"color: #008000;\"><strong>DETAILS:<\/strong><\/span><\/p>\n<ul>\n<li>sensuaalne pesukomplekt<\/li>\n<li>rinnakorvil tugikaared<\/li>\n<li>reguleeritavad \u00f5lapaelad<\/li>\n<li>taga astmeline kinnitus<\/li>\n<li>mugav &amp; elastne kangas (90% pol\u00fcamiid &amp; 10% elastaan)<\/li>\n<\/ul>","protected":false},"excerpt":{"rendered":"<p>&#46;&#46;&#46;<\/p>","protected":false},"featured_media":18871,"comment_status":"open","ping_status":"closed","template":"","meta":{"_glsr_average":0,"_glsr_ranking":0,"_glsr_reviews":0},"product_brand":[500],"product_cat":[16],"product_tag":[392,160,471],"class_list":{"0":"post-18707","1":"product","2":"type-product","3":"status-publish","4":"has-post-thumbnail","6":"product_brand-obsessive","7":"product_cat-pesukomplektid","8":"product_tag-avatud-stringid","9":"product_tag-obsessive","10":"product_tag-obsessive-nutris","11":"pa_suurus-m-l","12":"pa_suurus-xl-xxl","13":"pa_suurus-xs-s","14":"pa_varvus-must","16":"first","17":"instock","18":"sold-individually","19":"taxable","20":"shipping-taxable","21":"purchasable","22":"product-type-variable"},"_links":{"self":[{"href":"https:\/\/pesu24.ee\/en\/wp-json\/wp\/v2\/product\/18707","targetHints":{"allow":["GET"]}}],"collection":[{"href":"https:\/\/pesu24.ee\/en\/wp-json\/wp\/v2\/product"}],"about":[{"href":"https:\/\/pesu24.ee\/en\/wp-json\/wp\/v2\/types\/product"}],"replies":[{"embeddable":true,"href":"https:\/\/pesu24.ee\/en\/wp-json\/wp\/v2\/comments?post=18707"}],"wp:featuredmedia":[{"embeddable":true,"href":"https:\/\/pesu24.ee\/en\/wp-json\/wp\/v2\/media\/18871"}],"wp:attachment":[{"href":"https:\/\/pesu24.ee\/en\/wp-json\/wp\/v2\/media?parent=18707"}],"wp:term":[{"taxonomy":"product_brand","embeddable":true,"href":"https:\/\/pesu24.ee\/en\/wp-json\/wp\/v2\/product_brand?post=18707"},{"taxonomy":"product_cat","embeddable":true,"href":"https:\/\/pesu24.ee\/en\/wp-json\/wp\/v2\/product_cat?post=18707"},{"taxonomy":"product_tag","embeddable":true,"href":"https:\/\/pesu24.ee\/en\/wp-json\/wp\/v2\/product_tag?post=18707"}],"curies":[{"name":"wp","href":"https:\/\/api.w.org\/{rel}","templated":true}]}}