{"id":18708,"date":"2025-08-18T21:42:00","date_gmt":"2025-08-18T18:42:00","guid":{"rendered":"https:\/\/pesu24.ee\/?post_type=product&#038;p=18708"},"modified":"2026-01-05T16:00:54","modified_gmt":"2026-01-05T13:00:54","slug":"2-osaline-pesukomplekt-obsessive-aliosa","status":"publish","type":"product","link":"https:\/\/pesu24.ee\/en\/pesukomplektid\/2-osaline-pesukomplekt-obsessive-aliosa\/","title":{"rendered":"2-osaline pesukomplekt Obsessive Aliosa"},"content":{"rendered":"<p>Obsessive Aliosa 2-osaline pesukomplekt on elegantne ja v\u00f5rgutav valik, mis toob esile iga naise ilu ja enesekindluse. See sensuaalne komplekt, mis koosneb luksuslikust rinnahoidjast ja sensuaalsetest stringidest, on loodud r\u00f5hutama naiselikkust parimal viisil. Pitsilised detailid ja delikaatsed tikandid lisavad komplektile v\u00f5lu ning muudavad selle ideaalseks valikuks eriliseks \u00f5htuks v\u00f5i igap\u00e4evaseks enesehellituseks.<\/p>\n<p>Rinnahoidja on disainitud pakkuma ideaalset tuge ja vormi, samas kui osaliselt l\u00e4bikumav kangas toob esile peene ja luksusliku v\u00e4limuse. Stringid t\u00e4iendavad komplekti harmooniliselt, pakkudes mugavust ja stiili, sobides kandmiseks nii spetsiaalsetel puhkudel kui ka igap\u00e4evaselt. Komplekti materjal on hoolikalt valitud, et tagada kandmismugavus ja vastupidavus, olles samal ajal meeldiv puudutada ja kanda.<\/p>\n<p>Obsessive Aliosa 2-osaline pesukomplekt sobib suurep\u00e4raselt igale naisele, kes soovib tunda end erilisena ja v\u00e4ljendada oma sensuaalsust. See eksklusiivne komplekt pakub naudingut nii kandjale kui ka vaatajale, olles ajatu ja \u0161ikk t\u00e4iendus igasse garderoobi.<\/p>\n<p>Tutvuge ka teiste <a href=\"https:\/\/pesu24.ee\/en\/omadus\/obsessive-aliosa\/\">Obsessive Aliosa<\/a>\u00a0pesukollektsiooni toodetega.<\/p>\n<p><span style=\"color: #008000;\"><strong>KOMPLEKT SISALDAB:<\/strong><\/span><\/p>\n<ul>\n<li>rinnahoidja<\/li>\n<li>stringid<\/li>\n<\/ul>\n<p>Pesukomplekt sobib kokku <a href=\"https:\/\/pesu24.ee\/en\/aksessuaarid\/sukahoidja-obsessive-aliosa\/\">Obsessive Aliosa sukahoidjaga<\/a>.<\/p>\n<p><span style=\"color: #008000;\"><strong>DETAILS:<\/strong><\/span><\/p>\n<ul>\n<li>eriti seksikas pesukomplekt<\/li>\n<li>rinnakorvil tugikaared<\/li>\n<li>reguleeritavad \u00f5lapaelad<\/li>\n<li>taga astmeline kinnitus<\/li>\n<li>ees ripats<\/li>\n<li>mugav ja elastne kangas (90% pol\u00fcamiid, 10% elastaan)<\/li>\n<\/ul>","protected":false},"excerpt":{"rendered":"<p>&#46;&#46;&#46;<\/p>","protected":false},"featured_media":18875,"comment_status":"open","ping_status":"closed","template":"","meta":{"_glsr_average":0,"_glsr_ranking":0,"_glsr_reviews":0},"product_brand":[500],"product_cat":[16],"product_tag":[160,477],"class_list":{"0":"post-18708","1":"product","2":"type-product","3":"status-publish","4":"has-post-thumbnail","6":"product_brand-obsessive","7":"product_cat-pesukomplektid","8":"product_tag-obsessive","9":"product_tag-obsessive-aliosa","10":"pa_suurus-l-xl","11":"pa_suurus-s-m","12":"pa_suurus-xxl-xxxl","13":"pa_varvus-punane","15":"first","16":"instock","17":"sold-individually","18":"taxable","19":"shipping-taxable","20":"purchasable","21":"product-type-variable"},"_links":{"self":[{"href":"https:\/\/pesu24.ee\/en\/wp-json\/wp\/v2\/product\/18708","targetHints":{"allow":["GET"]}}],"collection":[{"href":"https:\/\/pesu24.ee\/en\/wp-json\/wp\/v2\/product"}],"about":[{"href":"https:\/\/pesu24.ee\/en\/wp-json\/wp\/v2\/types\/product"}],"replies":[{"embeddable":true,"href":"https:\/\/pesu24.ee\/en\/wp-json\/wp\/v2\/comments?post=18708"}],"wp:featuredmedia":[{"embeddable":true,"href":"https:\/\/pesu24.ee\/en\/wp-json\/wp\/v2\/media\/18875"}],"wp:attachment":[{"href":"https:\/\/pesu24.ee\/en\/wp-json\/wp\/v2\/media?parent=18708"}],"wp:term":[{"taxonomy":"product_brand","embeddable":true,"href":"https:\/\/pesu24.ee\/en\/wp-json\/wp\/v2\/product_brand?post=18708"},{"taxonomy":"product_cat","embeddable":true,"href":"https:\/\/pesu24.ee\/en\/wp-json\/wp\/v2\/product_cat?post=18708"},{"taxonomy":"product_tag","embeddable":true,"href":"https:\/\/pesu24.ee\/en\/wp-json\/wp\/v2\/product_tag?post=18708"}],"curies":[{"name":"wp","href":"https:\/\/api.w.org\/{rel}","templated":true}]}}