{"id":18709,"date":"2025-08-18T21:42:00","date_gmt":"2025-08-18T18:42:00","guid":{"rendered":"https:\/\/pesu24.ee\/?post_type=product&#038;p=18709"},"modified":"2025-08-20T14:54:14","modified_gmt":"2025-08-20T11:54:14","slug":"3-osaline-pesukomplekt-obsessive-chilisa","status":"publish","type":"product","link":"https:\/\/pesu24.ee\/en\/pesukomplektid\/3-osaline-pesukomplekt-obsessive-chilisa\/","title":{"rendered":"3-osaline pesukomplekt Obsessive Chilisa"},"content":{"rendered":"<p>3-osaline pesukomplekt Obsessive Chilisa \u00fchendab elegantsi ja sensuaalsuse, tuues esile naiseliku ilu ja pakkudes kandmismugavust. Punane pitsiga kaunistatud komplekt sisaldab rinnahoidjat, stringe ja sukahoidjat, mille detailid on disainitud r\u00f5hutama kandja figuuri. Sulgkerge kangas sobitub ideaalselt kehaga, pakkudes meeldivat tunnet igal hetkel.<\/p>\n<p>Komplekti lisab v\u00f5lu v\u00e4ikeste peenete detailidega, nagu s\u00fcdamekujuline tsirkoonidega ripats ja l\u00e4ikiv aktsent, mis lisavad luksuslikku puudutust. Reguleeritavad rihmad ja mitmeastmeline kinnitus v\u00f5imaldavad komplekti ideaalselt istuma s\u00e4ttida, tagades nii enesekindluse kui ka maksimaalse mugavuse. Pitsi sensuaalsed viimistlused loovad pilkup\u00fc\u00fcdva ja naiseliku v\u00e4limuse, mis sobib nii erilisteks hetkedeks kui ka igap\u00e4evaseks kandmiseks.<\/p>\n<p>Kuigi sukad ei kuulu komplekti, on need lihtsasti lisatavad, et muuta v\u00e4limus veelgi t\u00e4iuslikumaks. \u00d5rn ja nahas\u00f5bralik materjal (90% pol\u00fcamiid, 10% elastaan) tagab kandmismugavuse, v\u00f5imaldades sul nautida iga hetke. Obsessive Chilisa on ideaalne valik, kui soovid kombineerida mugavust ja elegantsust ning tunda end igas olukorras vastupandamatuna.<\/p>\n<p>Tutvuge ka teiste <a href=\"https:\/\/pesu24.ee\/en\/omadus\/obsessive-chilisa\/\">Obsessive Chilisa<\/a> pesukollektsiooni toodetega.<\/p>\n<p><span style=\"color: #008000;\"><strong>KOMPLEKT SISALDAB:<\/strong><\/span><\/p>\n<ul>\n<li>rinnahoidja<\/li>\n<li>stringid<\/li>\n<li>sukahoidja<\/li>\n<li>NB! sukad ei kuulu komplekti<\/li>\n<\/ul>\n<p><span style=\"color: #008000;\"><strong>DETAILS:<\/strong><\/span><\/p>\n<ul>\n<li>naiselik punane pesukomplekt<\/li>\n<li>reguleeritavad suka- ja \u00f5lapaelad<\/li>\n<li>taga astmeline kinnitus<\/li>\n<li>kaunistatud pitsiga<\/li>\n<li>ees ripats<\/li>\n<li>mugav &amp; elastne kangas (90% pol\u00fcamiid &amp; 10% elastaan)<\/li>\n<\/ul>","protected":false},"excerpt":{"rendered":"<p>&#46;&#46;&#46;<\/p>","protected":false},"featured_media":18880,"comment_status":"open","ping_status":"closed","template":"","meta":{"_glsr_average":0,"_glsr_ranking":0,"_glsr_reviews":0},"product_brand":[500],"product_cat":[16],"product_tag":[160,472],"class_list":{"0":"post-18709","1":"product","2":"type-product","3":"status-publish","4":"has-post-thumbnail","6":"product_brand-obsessive","7":"product_cat-pesukomplektid","8":"product_tag-obsessive","9":"product_tag-obsessive-chilisa","10":"pa_suurus-m-l","11":"pa_suurus-xl-xxl","12":"pa_suurus-xs-s","13":"pa_varvus-punane","15":"first","16":"instock","17":"sold-individually","18":"taxable","19":"shipping-taxable","20":"purchasable","21":"product-type-variable"},"_links":{"self":[{"href":"https:\/\/pesu24.ee\/en\/wp-json\/wp\/v2\/product\/18709","targetHints":{"allow":["GET"]}}],"collection":[{"href":"https:\/\/pesu24.ee\/en\/wp-json\/wp\/v2\/product"}],"about":[{"href":"https:\/\/pesu24.ee\/en\/wp-json\/wp\/v2\/types\/product"}],"replies":[{"embeddable":true,"href":"https:\/\/pesu24.ee\/en\/wp-json\/wp\/v2\/comments?post=18709"}],"wp:featuredmedia":[{"embeddable":true,"href":"https:\/\/pesu24.ee\/en\/wp-json\/wp\/v2\/media\/18880"}],"wp:attachment":[{"href":"https:\/\/pesu24.ee\/en\/wp-json\/wp\/v2\/media?parent=18709"}],"wp:term":[{"taxonomy":"product_brand","embeddable":true,"href":"https:\/\/pesu24.ee\/en\/wp-json\/wp\/v2\/product_brand?post=18709"},{"taxonomy":"product_cat","embeddable":true,"href":"https:\/\/pesu24.ee\/en\/wp-json\/wp\/v2\/product_cat?post=18709"},{"taxonomy":"product_tag","embeddable":true,"href":"https:\/\/pesu24.ee\/en\/wp-json\/wp\/v2\/product_tag?post=18709"}],"curies":[{"name":"wp","href":"https:\/\/api.w.org\/{rel}","templated":true}]}}