{"id":18710,"date":"2025-09-09T00:00:00","date_gmt":"2025-09-08T21:00:00","guid":{"rendered":"https:\/\/pesu24.ee\/?post_type=product&#038;p=18710"},"modified":"2026-01-05T15:56:24","modified_gmt":"2026-01-05T12:56:24","slug":"2-osaline-pesukomplekt-obsessive-cupide-desir","status":"publish","type":"product","link":"https:\/\/pesu24.ee\/en\/pesukomplektid\/2-osaline-pesukomplekt-obsessive-cupide-desir\/","title":{"rendered":"2-osaline avatud pesukomplekt Obsessive Cupide Desir"},"content":{"rendered":"<p><strong>2-osaline avatud pesukomplekt Obsessive Cupide Desir<\/strong> &#8211; komplekti kuulub avatud rinnahoidja ja avatud jalgevahega stringid.<\/p>\n<p>\ud83d\udc49 <strong>Rinnahoidja <\/strong>on tugikaartega.\u00a0 Rinnapealne t\u00e4ielikult avatud, kauni kuldse kaunistusega, mille keskele j\u00e4\u00e4b rinnanibu. \u00d5lapaeladest mitmelt kohalt ning kaelapealt reguleeritav. Tagant mitmeastmelise kinnitusega.<\/p>\n<p>\ud83d\udc49 <strong>Stringid<\/strong> elastsest ja kvaliteetsest kangast ning k\u00fclgedelt reguleeritav, mis tagab perfektse sobivuse ja m\u00f5nusa kandmise. Jalgevahe eest ja tagant avatud.<\/p>\n<div class=\"omadused\">\n<p>Omadused<\/p>\n<ul>\n<li>komplektis rinnahoidja ja stringid<\/li>\n<li>rinnahoidja ja stringid avatud<\/li>\n<li>rinnahoidjal tugikaared<\/li>\n<li>\u00f5lapaeladest reguleeritav ja kaelalt<\/li>\n<li>tagant astmelise kinnitusega<\/li>\n<li>stringid k\u00fclgedelt reguleeritavad<\/li>\n<\/ul>\n<p>Tutvuge ka teiste <a href=\"https:\/\/pesu24.ee\/en\/omadus\/obsessive-cupide-desir\/\">Obsessive Cupide Desir<\/a> pesukollektsiooni toodetega.<\/p>\n<\/div>","protected":false},"excerpt":{"rendered":"<p>Omadused<\/p>\n<ul>\n<li>komplektis rinnahoidja ja stringid<\/li>\n<li>rinnahoidja ja stringid avatud<\/li>\n<li>rinnahoidjal tugikaared<\/li>\n<li>\u00f5lapaeladest reguleeritav ja kaelalt<\/li>\n<li>tagant astmelise kinnitusega<\/li>\n<\/ul>","protected":false},"featured_media":18890,"comment_status":"open","ping_status":"closed","template":"","meta":{"_glsr_average":0,"_glsr_ranking":0,"_glsr_reviews":0},"product_brand":[500],"product_cat":[16],"product_tag":[392,160,473],"class_list":{"0":"post-18710","1":"product","2":"type-product","3":"status-publish","4":"has-post-thumbnail","6":"product_brand-obsessive","7":"product_cat-pesukomplektid","8":"product_tag-avatud-stringid","9":"product_tag-obsessive","10":"product_tag-obsessive-cupide-desir","11":"pa_suurus-l-xl","12":"pa_suurus-s-m","13":"pa_suurus-xxl-xxxl","14":"pa_varvus-punane","16":"first","17":"instock","18":"sold-individually","19":"taxable","20":"shipping-taxable","21":"purchasable","22":"product-type-variable"},"_links":{"self":[{"href":"https:\/\/pesu24.ee\/en\/wp-json\/wp\/v2\/product\/18710","targetHints":{"allow":["GET"]}}],"collection":[{"href":"https:\/\/pesu24.ee\/en\/wp-json\/wp\/v2\/product"}],"about":[{"href":"https:\/\/pesu24.ee\/en\/wp-json\/wp\/v2\/types\/product"}],"replies":[{"embeddable":true,"href":"https:\/\/pesu24.ee\/en\/wp-json\/wp\/v2\/comments?post=18710"}],"wp:featuredmedia":[{"embeddable":true,"href":"https:\/\/pesu24.ee\/en\/wp-json\/wp\/v2\/media\/18890"}],"wp:attachment":[{"href":"https:\/\/pesu24.ee\/en\/wp-json\/wp\/v2\/media?parent=18710"}],"wp:term":[{"taxonomy":"product_brand","embeddable":true,"href":"https:\/\/pesu24.ee\/en\/wp-json\/wp\/v2\/product_brand?post=18710"},{"taxonomy":"product_cat","embeddable":true,"href":"https:\/\/pesu24.ee\/en\/wp-json\/wp\/v2\/product_cat?post=18710"},{"taxonomy":"product_tag","embeddable":true,"href":"https:\/\/pesu24.ee\/en\/wp-json\/wp\/v2\/product_tag?post=18710"}],"curies":[{"name":"wp","href":"https:\/\/api.w.org\/{rel}","templated":true}]}}