{"id":18712,"date":"2026-01-23T14:00:01","date_gmt":"2026-01-23T11:00:01","guid":{"rendered":"https:\/\/pesu24.ee\/?post_type=product&#038;p=18712"},"modified":"2026-04-09T16:57:23","modified_gmt":"2026-04-09T14:57:23","slug":"3-osaline-pesukomplekt-obsessive-nuites","status":"publish","type":"product","link":"https:\/\/pesu24.ee\/en\/pesukomplektid\/3-osaline-pesukomplekt-obsessive-nuites\/","title":{"rendered":"3-osaline pesukomplekt Obsessive Nuites"},"content":{"rendered":"<p>Pesukomplekt Obsessive Nuites \u00fchendab l\u00e4bipaistva kanga ja m\u00e4ngulise t\u00e4pilise mustri, luues ainulaadse ja naiseliku v\u00e4limuse.<\/p>\n<p>Komplekti kuuluvad <strong>tugikaartega rinnahoidja<\/strong>, <strong>trippide ja s\u00e4\u00e4rekaunistustega sukahoidja<\/strong> ja klassikalised stringid.<\/p>\n<p>Kvaliteetsed venivad kangad tagavad t\u00e4iusliku istuvuse, pakkudes samal ajal sensuaalset ja peenet ilmet ning meeldivat kandmismugavust.<\/p>\n<p><span style=\"color: #a68d03;\"><strong>Details<\/strong><\/span><\/p>\n<div class=\"omadused\">\n<ul>\n<li>komplekt sisladab rinnahoidjat, stringe ja sukahoidjat<\/li>\n<li>seksikas pesukomplekt<\/li>\n<li>pooll\u00e4bipaistev materjal<\/li>\n<li>rinnakorvil tugikaared<\/li>\n<li>reguleeritavad \u00f5la- ja sukapaelad<\/li>\n<li>taga astmeline kinnistus<\/li>\n<li>mugav ja elastne kangas (85% pol\u00fcamiid, 15% elastaan)<\/li>\n<\/ul>\n<\/div>\n<hr \/>\n<h2>Nuites kollektsioon<\/h2>\n<p>Samasse kollektsiooni kuuluvad ka j\u00e4rgmised tooted.<\/p>\n<div class=\"woocommerce columns-3\"><ul class=\"products columns-3\">\n<li class=\"product type-product post-18712 status-publish first instock product_cat-pesukomplektid product_tag-obsessive product_tag-obsessive-nuites has-post-thumbnail sold-individually taxable shipping-taxable purchasable product-type-variable woovr-active woovr-show-price\">\n\t<a href=\"https:\/\/pesu24.ee\/en\/pesukomplektid\/3-osaline-pesukomplekt-obsessive-nuites\/\" class=\"woocommerce-LoopProduct-link woocommerce-loop-product__link\"><img loading=\"lazy\" decoding=\"async\" width=\"300\" height=\"450\" src=\"https:\/\/pesu24.ee\/wp-content\/uploads\/2025\/08\/3-osaline-pesukomplekt-obsessive-nuites-300x450.jpg\" class=\"attachment-woocommerce_thumbnail size-woocommerce_thumbnail\" alt=\"3-osaline pesukomplekt Obsessive Nuites\" srcset=\"https:\/\/pesu24.ee\/wp-content\/uploads\/2025\/08\/3-osaline-pesukomplekt-obsessive-nuites-300x450.jpg 300w, https:\/\/pesu24.ee\/wp-content\/uploads\/2025\/08\/3-osaline-pesukomplekt-obsessive-nuites-200x300.jpg 200w, https:\/\/pesu24.ee\/wp-content\/uploads\/2025\/08\/3-osaline-pesukomplekt-obsessive-nuites-683x1024.jpg 683w, https:\/\/pesu24.ee\/wp-content\/uploads\/2025\/08\/3-osaline-pesukomplekt-obsessive-nuites-8x12.jpg 8w, https:\/\/pesu24.ee\/wp-content\/uploads\/2025\/08\/3-osaline-pesukomplekt-obsessive-nuites-600x900.jpg 600w, https:\/\/pesu24.ee\/wp-content\/uploads\/2025\/08\/3-osaline-pesukomplekt-obsessive-nuites.jpg 720w\" sizes=\"auto, (max-width: 300px) 100vw, 300px\" \/><div class=\"product-badges\">  <span class=\"badge badge--hot\" aria-label=\"Ostetuim toode\">\ud83d\udd25 Ostetuim<\/span>  <span class=\"badge badge--stock\"><span class=\"dot\" aria-hidden=\"true\"><\/span>Laos<\/span><\/div><h2 class=\"woocommerce-loop-product__title\">3-osaline pesukomplekt Obsessive Nuites<\/h2>\n\t<span class=\"price\"><span class=\"woocommerce-Price-amount amount\"><bdi><span class=\"woocommerce-Price-currencySymbol\">&euro;<\/span>58.<span class=\"price-cents\">90<\/span><\/bdi><\/span><\/span>\n<\/a><a class=\"mw-size-hints mw-loop\" href=\"https:\/\/pesu24.ee\/en\/pesukomplektid\/3-osaline-pesukomplekt-obsessive-nuites\/\" aria-label=\"3-osaline pesukomplekt Obsessive Nuites \u2013 vali suurus\"><div class=\"mw-sizes-line\"><span class=\"mw-sizes-label\">Size:<\/span> <span class=\"mw-sizes\"><span class=\"mw-size-badge\">L\/XL<\/span> <span class=\"mw-size-badge\">XXL\/XXXL<\/span><\/span><\/div><\/a><a href=\"https:\/\/pesu24.ee\/en\/pesukomplektid\/3-osaline-pesukomplekt-obsessive-nuites\/\" aria-describedby=\"woocommerce_loop_add_to_cart_link_describedby_18712\" data-quantity=\"1\" class=\"button product_type_variable add_to_cart_button\" data-product_id=\"18712\" data-product_sku=\"\" aria-label=\"Select options for \u201c3-osaline pesukomplekt Obsessive Nuites\u201d\" rel=\"nofollow\" data-no-translation-aria-label=\"\">Select size<\/a>\t<span id=\"woocommerce_loop_add_to_cart_link_describedby_18712\" class=\"screen-reader-text\">\n\t\tThis product has multiple variants. The options may be chosen on the product page\t<\/span>\n<\/li>\n<li class=\"product type-product post-24741 status-publish instock product_cat-stringid-puksikud product_tag-obsessive product_tag-obsessive-nuites has-post-thumbnail sold-individually taxable shipping-taxable purchasable product-type-variable woovr-active woovr-show-price\">\n\t<a href=\"https:\/\/pesu24.ee\/en\/stringid-puksikud\/avatud-puksikud-obsessive-nuites\/\" class=\"woocommerce-LoopProduct-link woocommerce-loop-product__link\"><img loading=\"lazy\" decoding=\"async\" width=\"300\" height=\"300\" src=\"https:\/\/pesu24.ee\/wp-content\/uploads\/2025\/08\/ncrp1-300x300.jpg\" class=\"attachment-woocommerce_thumbnail size-woocommerce_thumbnail\" alt=\"Avatud p\u00fcksikud Obsessive Nuites\" srcset=\"https:\/\/pesu24.ee\/wp-content\/uploads\/2025\/08\/ncrp1-300x300.jpg 300w, https:\/\/pesu24.ee\/wp-content\/uploads\/2025\/08\/ncrp1-150x150.jpg 150w, https:\/\/pesu24.ee\/wp-content\/uploads\/2025\/08\/ncrp1-768x768.jpg 768w, https:\/\/pesu24.ee\/wp-content\/uploads\/2025\/08\/ncrp1-12x12.jpg 12w, https:\/\/pesu24.ee\/wp-content\/uploads\/2025\/08\/ncrp1-160x160.jpg 160w, https:\/\/pesu24.ee\/wp-content\/uploads\/2025\/08\/ncrp1-320x320.jpg 320w, https:\/\/pesu24.ee\/wp-content\/uploads\/2025\/08\/ncrp1-600x600.jpg 600w, https:\/\/pesu24.ee\/wp-content\/uploads\/2025\/08\/ncrp1-100x100.jpg 100w, https:\/\/pesu24.ee\/wp-content\/uploads\/2025\/08\/ncrp1-135x135.jpg 135w, https:\/\/pesu24.ee\/wp-content\/uploads\/2025\/08\/ncrp1.jpg 900w\" sizes=\"auto, (max-width: 300px) 100vw, 300px\" \/><div class=\"product-badges\">  <span class=\"badge badge--stock\"><span class=\"dot\" aria-hidden=\"true\"><\/span>Laos<\/span><\/div><h2 class=\"woocommerce-loop-product__title\">Avatud p\u00fcksikud Obsessive Nuites<\/h2>\n\t<span class=\"price\"><span class=\"woocommerce-Price-amount amount\"><bdi><span class=\"woocommerce-Price-currencySymbol\">&euro;<\/span>16.<span class=\"price-cents\">90<\/span><\/bdi><\/span><\/span>\n<\/a><a class=\"mw-size-hints mw-loop\" href=\"https:\/\/pesu24.ee\/en\/stringid-puksikud\/avatud-puksikud-obsessive-nuites\/\" aria-label=\"Avatud p\u00fcksikud Obsessive Nuites \u2013 vali suurus\"><div class=\"mw-sizes-line\"><span class=\"mw-sizes-label\">Size:<\/span> <span class=\"mw-sizes\"><span class=\"mw-size-badge\">S\/M<\/span> <span class=\"mw-size-badge\">L\/XL<\/span> <span class=\"mw-size-badge\">XXL\/XXXL<\/span><\/span><\/div><\/a><a href=\"https:\/\/pesu24.ee\/en\/stringid-puksikud\/avatud-puksikud-obsessive-nuites\/\" aria-describedby=\"woocommerce_loop_add_to_cart_link_describedby_24741\" data-quantity=\"1\" class=\"button product_type_variable add_to_cart_button\" data-product_id=\"24741\" data-product_sku=\"\" aria-label=\"Select options for \u201cAvatud p\u00fcksikud Obsessive Nuites\u201d\" rel=\"nofollow\" data-no-translation-aria-label=\"\">Select size<\/a>\t<span id=\"woocommerce_loop_add_to_cart_link_describedby_24741\" class=\"screen-reader-text\">\n\t\tThis product has multiple variants. The options may be chosen on the product page\t<\/span>\n<\/li>\n<li class=\"product type-product post-22963 status-publish last instock product_cat-oosargid product_tag-obsessive product_tag-obsessive-nuites has-post-thumbnail sold-individually taxable shipping-taxable purchasable product-type-variable woovr-active woovr-show-price\">\n\t<a href=\"https:\/\/pesu24.ee\/en\/oosargid\/oosark-obsessive-nuites\/\" class=\"woocommerce-LoopProduct-link woocommerce-loop-product__link\"><img loading=\"lazy\" decoding=\"async\" width=\"300\" height=\"300\" src=\"https:\/\/pesu24.ee\/wp-content\/uploads\/2025\/08\/nche1-1-300x300.jpg\" class=\"attachment-woocommerce_thumbnail size-woocommerce_thumbnail\" alt=\"\u00d6\u00f6s\u00e4rk Obsessive Nuites\" srcset=\"https:\/\/pesu24.ee\/wp-content\/uploads\/2025\/08\/nche1-1-300x300.jpg 300w, https:\/\/pesu24.ee\/wp-content\/uploads\/2025\/08\/nche1-1-150x150.jpg 150w, https:\/\/pesu24.ee\/wp-content\/uploads\/2025\/08\/nche1-1-768x768.jpg 768w, https:\/\/pesu24.ee\/wp-content\/uploads\/2025\/08\/nche1-1-12x12.jpg 12w, https:\/\/pesu24.ee\/wp-content\/uploads\/2025\/08\/nche1-1-160x160.jpg 160w, https:\/\/pesu24.ee\/wp-content\/uploads\/2025\/08\/nche1-1-320x320.jpg 320w, https:\/\/pesu24.ee\/wp-content\/uploads\/2025\/08\/nche1-1-600x600.jpg 600w, https:\/\/pesu24.ee\/wp-content\/uploads\/2025\/08\/nche1-1-100x100.jpg 100w, https:\/\/pesu24.ee\/wp-content\/uploads\/2025\/08\/nche1-1-135x135.jpg 135w, https:\/\/pesu24.ee\/wp-content\/uploads\/2025\/08\/nche1-1.jpg 900w\" sizes=\"auto, (max-width: 300px) 100vw, 300px\" \/><div class=\"product-badges\">  <span class=\"badge badge--stock\"><span class=\"dot\" aria-hidden=\"true\"><\/span>Laos<\/span><\/div><h2 class=\"woocommerce-loop-product__title\">\u00d6\u00f6s\u00e4rk Obsessive Nuites<\/h2>\n\t<span class=\"price\"><span class=\"woocommerce-Price-amount amount\"><bdi><span class=\"woocommerce-Price-currencySymbol\">&euro;<\/span>53.<span class=\"price-cents\">90<\/span><\/bdi><\/span><\/span>\n<\/a><a class=\"mw-size-hints mw-loop\" href=\"https:\/\/pesu24.ee\/en\/oosargid\/oosark-obsessive-nuites\/\" aria-label=\"\u00d6\u00f6s\u00e4rk Obsessive Nuites \u2013 vali suurus\"><div class=\"mw-sizes-line\"><span class=\"mw-sizes-label\">Size:<\/span> <span class=\"mw-sizes\"><span class=\"mw-size-badge\">S\/M<\/span> <span class=\"mw-size-badge\">L\/XL<\/span> <span class=\"mw-size-badge\">XXL\/XXXL<\/span><\/span><\/div><\/a><a href=\"https:\/\/pesu24.ee\/en\/oosargid\/oosark-obsessive-nuites\/\" aria-describedby=\"woocommerce_loop_add_to_cart_link_describedby_22963\" data-quantity=\"1\" class=\"button product_type_variable add_to_cart_button\" data-product_id=\"22963\" data-product_sku=\"\" aria-label=\"Select options for \u201c\u00d6\u00f6s\u00e4rk Obsessive Nuites\u201d\" rel=\"nofollow\" data-no-translation-aria-label=\"\">Select size<\/a>\t<span id=\"woocommerce_loop_add_to_cart_link_describedby_22963\" class=\"screen-reader-text\">\n\t\tThis product has multiple variants. The options may be chosen on the product page\t<\/span>\n<\/li>\n<\/ul>\n<\/div>","protected":false},"excerpt":{"rendered":"<p>&#46;&#46;&#46;<\/p>","protected":false},"featured_media":30732,"comment_status":"open","ping_status":"closed","template":"","meta":{"_glsr_average":0,"_glsr_ranking":0,"_glsr_reviews":0},"product_brand":[500],"product_cat":[16],"product_tag":[160,483],"class_list":{"0":"post-18712","1":"product","2":"type-product","3":"status-publish","4":"has-post-thumbnail","6":"product_brand-obsessive","7":"product_cat-pesukomplektid","8":"product_tag-obsessive","9":"product_tag-obsessive-nuites","10":"pa_suurus-l-xl","11":"pa_suurus-s-m","12":"pa_suurus-xxl-xxxl","13":"pa_varvus-must","15":"first","16":"instock","17":"sold-individually","18":"taxable","19":"shipping-taxable","20":"purchasable","21":"product-type-variable"},"_links":{"self":[{"href":"https:\/\/pesu24.ee\/en\/wp-json\/wp\/v2\/product\/18712","targetHints":{"allow":["GET"]}}],"collection":[{"href":"https:\/\/pesu24.ee\/en\/wp-json\/wp\/v2\/product"}],"about":[{"href":"https:\/\/pesu24.ee\/en\/wp-json\/wp\/v2\/types\/product"}],"replies":[{"embeddable":true,"href":"https:\/\/pesu24.ee\/en\/wp-json\/wp\/v2\/comments?post=18712"}],"wp:featuredmedia":[{"embeddable":true,"href":"https:\/\/pesu24.ee\/en\/wp-json\/wp\/v2\/media\/30732"}],"wp:attachment":[{"href":"https:\/\/pesu24.ee\/en\/wp-json\/wp\/v2\/media?parent=18712"}],"wp:term":[{"taxonomy":"product_brand","embeddable":true,"href":"https:\/\/pesu24.ee\/en\/wp-json\/wp\/v2\/product_brand?post=18712"},{"taxonomy":"product_cat","embeddable":true,"href":"https:\/\/pesu24.ee\/en\/wp-json\/wp\/v2\/product_cat?post=18712"},{"taxonomy":"product_tag","embeddable":true,"href":"https:\/\/pesu24.ee\/en\/wp-json\/wp\/v2\/product_tag?post=18712"}],"curies":[{"name":"wp","href":"https:\/\/api.w.org\/{rel}","templated":true}]}}