{"id":18714,"date":"2025-09-13T00:00:01","date_gmt":"2025-09-12T21:00:01","guid":{"rendered":"https:\/\/pesu24.ee\/?post_type=product&#038;p=18714"},"modified":"2026-03-06T11:53:41","modified_gmt":"2026-03-06T09:53:41","slug":"2-osaline-pesukomplekt-beauty-night-charm","status":"publish","type":"product","link":"https:\/\/pesu24.ee\/en\/pesukomplektid\/2-osaline-pesukomplekt-beauty-night-charm\/","title":{"rendered":"2-osaline pesukomplekt Beauty Night Charm"},"content":{"rendered":"<p><strong>Beauty Night Charm<\/strong> on pesukomplekt naistele, kes soovivad tunda end elegantselt ja enesekindlalt. Peen pits ja l\u00e4ikiv materjal loovad harmoonilise koosluse, mis r\u00f5hutab naiselikku ilu ja lisab sensuaalsust igale hetkele. Komplektis <strong>rinnahoidja<\/strong> ja <strong>p\u00fcksikud<\/strong>.<\/p>\n<p>Rinnahoidja pehme korviga, mis koos reguleeritavate \u00f5lapaeltega pakub maksimaalset tuge ja mugavust, tagades ideaalse sobivuse.\u00a0 Kaunite pitsimustritega p\u00fcksikud lisavad \u00f5rna sarmi ja t\u00e4iendavad komplekti ideaalselt. See on luksuslik, kuid samas praktiline pesu, mida sobib kanda nii romantilistel hetkedel kui ka igap\u00e4evaselt.<\/p>\n<p>Beauty Night Charm on ka suurep\u00e4rane kingitus igaks eriliseks puhuks. Komplekt on stiilses kinkekarbis, mis teeb sellest valmis kingi, mis toob r\u00f5\u00f5mu igale naisele. See elegantne ja peen pesukomplekt pakub luksuslikku tunnetust ning toob esile naise loomuliku ilu ja v\u00f5lu.<\/p>\n<div class=\"omadused\">\n<p>Omadused<\/p>\n<ul>\n<li>komplektis <strong>rinnahoidja<\/strong> ja <strong>p\u00fcksikud<\/strong><\/li>\n<li>tootefotodel olevad <a href=\"https:\/\/pesu24.ee\/en\/sukad\/sukad-beauty-night-obsidian\/\">sukad Beauty Night Obsidian<\/a> ei kuulu komplekti, kui saab osta eraldi.<\/li>\n<li>rinnahoidja: pehme korviga, \u00f5lapaeladest reguleeritav, tagant seotav.<\/li>\n<li>p\u00fcksikud: elastsest ja kvaliteetsest kangast, tagades ideaalse sobivuse.<\/li>\n<li>mugav ning elastne kangas (5% pol\u00fcester, 85% pol\u00fcamiid &amp; 10% elastaan)<\/li>\n<\/ul>\n<\/div>","protected":false},"excerpt":{"rendered":"<p>Omadused<\/p>\n<ul>\n<li>komplektis <strong>rinnahoidja<\/strong> ja <strong>p\u00fcksikud<\/strong><\/li>\n<li>tootefotodel olevad <a href=\"https:\/\/pesu24.ee\/en\/sukad\/sukad-beauty-night-obsidian\/\">sukad Beauty Night Obsidian<\/a> ei kuulu komplekti, kui saab osta eraldi.<\/li>\n<li>rinnahoidja: pehme korviga, \u00f5lapaeladest reguleeritav, tagant seotav.<\/li>\n<li>p\u00fcksikud: elastsest ja kvaliteetsest kangast, tagades ideaalse sobivuse.<\/li>\n<li>mugav ning elastne kangas (5% pol\u00fcester, 85% pol\u00fcamiid &amp; 10% elastaan)<\/li>\n<\/ul>","protected":false},"featured_media":28615,"comment_status":"open","ping_status":"closed","template":"","meta":{"_glsr_average":0,"_glsr_ranking":0,"_glsr_reviews":0},"product_brand":[503],"product_cat":[16],"product_tag":[403],"class_list":{"0":"post-18714","1":"product","2":"type-product","3":"status-publish","4":"has-post-thumbnail","6":"product_brand-beauty-night","7":"product_cat-pesukomplektid","8":"product_tag-beauty-night","9":"pa_suurus-l-xl","10":"pa_suurus-s-m","11":"pa_suurus-xxl-xxxl","12":"pa_varvus-must","14":"first","15":"instock","16":"sold-individually","17":"taxable","18":"shipping-taxable","19":"purchasable","20":"product-type-variable"},"_links":{"self":[{"href":"https:\/\/pesu24.ee\/en\/wp-json\/wp\/v2\/product\/18714","targetHints":{"allow":["GET"]}}],"collection":[{"href":"https:\/\/pesu24.ee\/en\/wp-json\/wp\/v2\/product"}],"about":[{"href":"https:\/\/pesu24.ee\/en\/wp-json\/wp\/v2\/types\/product"}],"replies":[{"embeddable":true,"href":"https:\/\/pesu24.ee\/en\/wp-json\/wp\/v2\/comments?post=18714"}],"wp:featuredmedia":[{"embeddable":true,"href":"https:\/\/pesu24.ee\/en\/wp-json\/wp\/v2\/media\/28615"}],"wp:attachment":[{"href":"https:\/\/pesu24.ee\/en\/wp-json\/wp\/v2\/media?parent=18714"}],"wp:term":[{"taxonomy":"product_brand","embeddable":true,"href":"https:\/\/pesu24.ee\/en\/wp-json\/wp\/v2\/product_brand?post=18714"},{"taxonomy":"product_cat","embeddable":true,"href":"https:\/\/pesu24.ee\/en\/wp-json\/wp\/v2\/product_cat?post=18714"},{"taxonomy":"product_tag","embeddable":true,"href":"https:\/\/pesu24.ee\/en\/wp-json\/wp\/v2\/product_tag?post=18714"}],"curies":[{"name":"wp","href":"https:\/\/api.w.org\/{rel}","templated":true}]}}