{"id":18715,"date":"2025-08-18T21:42:01","date_gmt":"2025-08-18T18:42:01","guid":{"rendered":"https:\/\/pesu24.ee\/?post_type=product&#038;p=18715"},"modified":"2025-08-20T15:02:36","modified_gmt":"2025-08-20T12:02:36","slug":"2-osaline-pesukomplekt-beauty-night-raven","status":"publish","type":"product","link":"https:\/\/pesu24.ee\/en\/pesukomplektid\/2-osaline-pesukomplekt-beauty-night-raven\/","title":{"rendered":"2-osaline pesukomplekt Beauty Night Raven"},"content":{"rendered":"<p>Beauty Night Raven on pesukomplekt, mis toob esile naise sensuaalse k\u00fclje, \u00fchendades elegantsi ja kergelt julge stiili. L\u00e4ikiv materjal koos pitsiliste detailidega loob lummava ja ainulaadse v\u00e4limuse, mis r\u00f5hutab naiselikkust ning lisab enesekindlust. See komplekt on ideaalne valik, kui soovid tunda end eriliselt ja vastupandamatult.<\/p>\n<p>Komplekti keskne element on korseti stiilis eesmine paelk\u00f6ide, mis mitte ainult ei k\u00f6ida pilke, vaid v\u00f5imaldab ka figuuri \u00f5rnalt r\u00f5hutada. Mugavad ja kvaliteetsed kangad tagavad kandmismugavuse, s\u00e4ilitades samal ajal veatu v\u00e4limuse kogu \u00f5htu v\u00e4ltel. Pitsidetailidega p\u00fcksikud t\u00e4iendavad komplekti, luues harmoonilise ja sensuaalse koosluse.<\/p>\n<p>Beauty Night Raven on suurep\u00e4rane kingiidee igaks eriliseks puhuks. Stiilses kinkekarbis esitletav komplekt on valmis kohe kinkimiseks ning r\u00f5\u00f5mustab iga naist, tuues esile tema loomuliku ilu ja v\u00f5lu. See pesukomplekt on luksuslik valik, mis r\u00f5hutab naise isikup\u00e4ra ja sensuaalsust.<\/p>\n<p><span style=\"color: #008000;\"><strong>KOMPLEKT SISALDAB:<\/strong><\/span><\/p>\n<ul>\n<li>topp<\/li>\n<li>stringid<\/li>\n<li>NB! sukad ei kuulu komplekti, kuid soovi korral saab need osta. Selleks tutvu <a href=\"https:\/\/pesu24.ee\/en\/sukad\/\">sukkade valikuga<\/a>.\n<\/ul>\n<p><strong><span style=\"color: #008000;\">DETAILS:<\/span><\/strong><\/p>\n<ul>\n<li>valmistatud luksuslikust materjalist<\/li>\n<li>topp eest seotav<\/li>\n<li>optiliselt salendav<\/li>\n<li>reguleeritavad sukapaelad<\/li>\n<li>mugav ning elastne kangas (5% pol\u00fcester, 85% pol\u00fcamiid &amp; 10% elastaan)<\/li>\n<\/ul>","protected":false},"excerpt":{"rendered":"<p>&#46;&#46;&#46;<\/p>","protected":false},"featured_media":18921,"comment_status":"open","ping_status":"closed","template":"","meta":{"_glsr_average":0,"_glsr_ranking":0,"_glsr_reviews":0},"product_brand":[503],"product_cat":[16],"product_tag":[403],"class_list":{"0":"post-18715","1":"product","2":"type-product","3":"status-publish","4":"has-post-thumbnail","6":"product_brand-beauty-night","7":"product_cat-pesukomplektid","8":"product_tag-beauty-night","9":"pa_suurus-l-xl","10":"pa_suurus-s-m","11":"pa_suurus-xxl-xxxl","12":"pa_varvus-must","14":"first","15":"instock","16":"sold-individually","17":"taxable","18":"shipping-taxable","19":"purchasable","20":"product-type-variable"},"_links":{"self":[{"href":"https:\/\/pesu24.ee\/en\/wp-json\/wp\/v2\/product\/18715","targetHints":{"allow":["GET"]}}],"collection":[{"href":"https:\/\/pesu24.ee\/en\/wp-json\/wp\/v2\/product"}],"about":[{"href":"https:\/\/pesu24.ee\/en\/wp-json\/wp\/v2\/types\/product"}],"replies":[{"embeddable":true,"href":"https:\/\/pesu24.ee\/en\/wp-json\/wp\/v2\/comments?post=18715"}],"wp:featuredmedia":[{"embeddable":true,"href":"https:\/\/pesu24.ee\/en\/wp-json\/wp\/v2\/media\/18921"}],"wp:attachment":[{"href":"https:\/\/pesu24.ee\/en\/wp-json\/wp\/v2\/media?parent=18715"}],"wp:term":[{"taxonomy":"product_brand","embeddable":true,"href":"https:\/\/pesu24.ee\/en\/wp-json\/wp\/v2\/product_brand?post=18715"},{"taxonomy":"product_cat","embeddable":true,"href":"https:\/\/pesu24.ee\/en\/wp-json\/wp\/v2\/product_cat?post=18715"},{"taxonomy":"product_tag","embeddable":true,"href":"https:\/\/pesu24.ee\/en\/wp-json\/wp\/v2\/product_tag?post=18715"}],"curies":[{"name":"wp","href":"https:\/\/api.w.org\/{rel}","templated":true}]}}