{"id":18734,"date":"2025-08-18T21:42:27","date_gmt":"2025-08-18T18:42:27","guid":{"rendered":"https:\/\/pesu24.ee\/?post_type=product&#038;p=18734"},"modified":"2025-09-22T14:41:18","modified_gmt":"2025-09-22T11:41:18","slug":"2-osaline-pesukomplekt-obsessive-stelisa","status":"publish","type":"product","link":"https:\/\/pesu24.ee\/en\/pesukomplektid\/2-osaline-pesukomplekt-obsessive-stelisa\/","title":{"rendered":"2-osaline pesukomplekt Obsessive Stelisa"},"content":{"rendered":"<p>2-osaline pesukomplekt Obsessive Stelisa\u00a0on valmistatud pehmest ja elastsetest materjalidest, pakkudes samal ajal mugavust ja v\u00f5rgutavat v\u00e4limust. L\u00e4bipaistev rinnahoidja on kaunistatud \u00f5rnade dekoratiivsete detailidega, samas kui stringid on t\u00e4iustatud peente t\u00fcllaktsentidega. Reguleeritavad \u00f5lapaelad ja mitmeastmeline haakkinnis tagavad t\u00e4iusliku istuvuse.<\/p>\n<p>Rinnahoidja tugikaartega korvid ja osaline polsterdus annavad rinnale kauni kuju ning toetuse. Elegantne must kangas koos laineliste kaunistustega loob peene ja naiseliku ilme. Komplekti t\u00e4iendavad minimalistlikud, kuid v\u00f5rgutavad stringid, mis on disainitud t\u00e4iendama keha loomulikku siluetti. S\u00e4delev h\u00f5bedane kaunistusdetail lisab luksuslikkust ja muudab komplekti veelgi erilisemaks.<\/p>\n<p>2-osaline pesukomplekt Obsessive Stelisa on valmistatud kvaliteetsest materjalist (94% pol\u00fcamiid, 6% elastaan), mis kohandub kehaga ning pakub suurep\u00e4rast kandmismugavust. See komplekt on ideaalne valik neile, kes hindavad v\u00f5luvat minimalismi ja peent sensuaalsust.<\/p>\n<p>Tutvuge ka teiste <a href=\"https:\/\/pesu24.ee\/en\/omadus\/obsessive-stelisa\/\">Obsessive Stelisa<\/a> pesukollektsiooni toodetega.<\/p>\n<p><span style=\"color: #008000;\"><strong>KOMPLEKT SISALDAB:<\/strong><\/span><\/p>\n<ul>\n<li>rinnahoidja<\/li>\n<li>stringid<\/li>\n<\/ul>\n<p>Sukad ei kuulu komplekti, kuid komplekt sobib kokku <a href=\"https:\/\/pesu24.ee\/en\/sukad\/sukad-obsessive-stelisa\/\">Stelisa sukkadega<\/a>.<\/p>\n<p>https:\/\/pesu24.ee\/sukad\/sukad-obsessive-stelisa\/<\/p>\n<p><span style=\"color: #008000;\"><strong>DETAILS:<\/strong><\/span><\/p>\n<ul>\n<li>seksikas pesukomplekt<\/li>\n<li>rinnakorv tugikaartega &amp; osaliselt polsterdatud<\/li>\n<li>reguleeritavad \u00f5lapaelad<\/li>\n<li>astmeline kinnitus<\/li>\n<li>osaliselst l\u00e4bipaisterv materjal<\/li>\n<li>toodetud EU-s<\/li>\n<li>pehme ja elastne kangas (94% pol\u00fcamiid; 6% elastaan)<\/li>\n<\/ul>","protected":false},"excerpt":{"rendered":"<ul>\n<li>sensuaalsed sukad v\u00e4ga elegantses stiilis<\/li>\n<li>\u00f5hukese musta v\u00f5rguga<\/li>\n<li>geomeetriline pits<\/li>\n<li>stockings are not self-supported<\/li>\n<li>pehme ja elastne materjal (85% pol\u00fcamiid; 15% elastaan)<\/li>\n<\/ul>","protected":false},"featured_media":18931,"comment_status":"open","ping_status":"closed","template":"","meta":{"_glsr_average":0,"_glsr_ranking":0,"_glsr_reviews":0},"product_brand":[500],"product_cat":[16],"product_tag":[160,478],"class_list":{"0":"post-18734","1":"product","2":"type-product","3":"status-publish","4":"has-post-thumbnail","6":"product_brand-obsessive","7":"product_cat-pesukomplektid","8":"product_tag-obsessive","9":"product_tag-obsessive-stelisa","10":"pa_suurus-l-xl","11":"pa_suurus-s-m","12":"pa_suurus-xxl-xxxl","13":"pa_varvus-must","15":"first","16":"instock","17":"sold-individually","18":"taxable","19":"shipping-taxable","20":"purchasable","21":"product-type-variable"},"_links":{"self":[{"href":"https:\/\/pesu24.ee\/en\/wp-json\/wp\/v2\/product\/18734","targetHints":{"allow":["GET"]}}],"collection":[{"href":"https:\/\/pesu24.ee\/en\/wp-json\/wp\/v2\/product"}],"about":[{"href":"https:\/\/pesu24.ee\/en\/wp-json\/wp\/v2\/types\/product"}],"replies":[{"embeddable":true,"href":"https:\/\/pesu24.ee\/en\/wp-json\/wp\/v2\/comments?post=18734"}],"wp:featuredmedia":[{"embeddable":true,"href":"https:\/\/pesu24.ee\/en\/wp-json\/wp\/v2\/media\/18931"}],"wp:attachment":[{"href":"https:\/\/pesu24.ee\/en\/wp-json\/wp\/v2\/media?parent=18734"}],"wp:term":[{"taxonomy":"product_brand","embeddable":true,"href":"https:\/\/pesu24.ee\/en\/wp-json\/wp\/v2\/product_brand?post=18734"},{"taxonomy":"product_cat","embeddable":true,"href":"https:\/\/pesu24.ee\/en\/wp-json\/wp\/v2\/product_cat?post=18734"},{"taxonomy":"product_tag","embeddable":true,"href":"https:\/\/pesu24.ee\/en\/wp-json\/wp\/v2\/product_tag?post=18734"}],"curies":[{"name":"wp","href":"https:\/\/api.w.org\/{rel}","templated":true}]}}