{"id":18735,"date":"2025-08-18T21:42:27","date_gmt":"2025-08-18T18:42:27","guid":{"rendered":"https:\/\/pesu24.ee\/?post_type=product&#038;p=18735"},"modified":"2025-08-20T14:53:55","modified_gmt":"2025-08-20T11:53:55","slug":"2-osaline-pesukomplekt-obsessive-iliosa","status":"publish","type":"product","link":"https:\/\/pesu24.ee\/en\/pesukomplektid\/2-osaline-pesukomplekt-obsessive-iliosa\/","title":{"rendered":"2-osaline pesukomplekt Obsessive Iliosa"},"content":{"rendered":"<p>Avasta peene v\u00f5rgutuse kunst Obsessive Iliosa pesukomplektiga. See sensuaalne must pitsrinnahoidja koos julgete, avatud V-l\u00f5ikega alusp\u00fckstega loob rabava koosluse, mis lisab igale \u00f5htule s\u00e4rtsu ja elegantsi. Pehme pits ja veniv kangas tagavad nii mugavuse kui ka veetleva v\u00e4limuse.<\/p>\n<p>Komplekti kuuluv rinnahoidja on varustatud tugikaartidega, pakkudes kaunist vormi ja toestust. Reguleeritav kaelapael ning mitmeastmeline haakkinnis v\u00f5imaldavad ideaalse sobivuse. H\u00f5bedased dekoratiivsed detailid ja Obsessive signatuuriga ehe lisavad luksusliku viimistluse, muutes pesukomplekti t\u00f5eliselt eriliseks.<\/p>\n<p>2-osaline pesukomplekt Obsessive Iliosa on valmistatud kvaliteetsest materjalist (90% pol\u00fcamiid, 10% elastaan), mis kohandub kehaga ja toob esile naiseliku figuuri. See v\u00f5rgutav ja elegantne pesu sobib naistele, kes hindavad rafineeritud sensuaalsust.<\/p>\n<p>Tutvuge ka teiste <a href=\"https:\/\/pesu24.ee\/en\/omadus\/obsessive-iliosa\/\">Obsessive Iliosa<\/a> pesukollektsiooni toodetega.<\/p>\n<p><span style=\"color: #008000;\"><strong>KOMPLEKT SISALDAB:<\/strong><\/span><\/p>\n<ul>\n<li>rinnahoidja<\/li>\n<li>avatud jalgevahga stringid<\/li>\n<\/ul>\n<p><span style=\"color: #008000;\"><strong>DETAILS:<\/strong><\/span><\/p>\n<ul>\n<li>kaunis pesukomplekt<\/li>\n<li>rinnakorvil tugikaared<\/li>\n<li>reguleeritavad \u00f5lapaelad<\/li>\n<li>avatud jalgevahe<\/li>\n<li>toodetud EU-s<\/li>\n<li>pehme ja elastne kangas (90% pol\u00fcamiid; 10% elastaan)<\/li>\n<\/ul>","protected":false},"excerpt":{"rendered":"<ul>\n<li>sensuaalsed sukad v\u00e4ga elegantses stiilis<\/li>\n<li>\u00f5hukese musta v\u00f5rguga<\/li>\n<li>geomeetriline pits<\/li>\n<li>stockings are not self-supported<\/li>\n<li>pehme ja elastne materjal (85% pol\u00fcamiid; 15% elastaan)<\/li>\n<\/ul>","protected":false},"featured_media":18936,"comment_status":"open","ping_status":"closed","template":"","meta":{"_glsr_average":0,"_glsr_ranking":0,"_glsr_reviews":0},"product_brand":[500],"product_cat":[16],"product_tag":[392,160,484],"class_list":{"0":"post-18735","1":"product","2":"type-product","3":"status-publish","4":"has-post-thumbnail","6":"product_brand-obsessive","7":"product_cat-pesukomplektid","8":"product_tag-avatud-stringid","9":"product_tag-obsessive","10":"product_tag-obsessive-iliosa","11":"pa_suurus-l-xl","12":"pa_suurus-s-m","13":"pa_suurus-xxl-xxxl","14":"pa_varvus-must","16":"first","17":"instock","18":"sold-individually","19":"taxable","20":"shipping-taxable","21":"purchasable","22":"product-type-variable"},"_links":{"self":[{"href":"https:\/\/pesu24.ee\/en\/wp-json\/wp\/v2\/product\/18735","targetHints":{"allow":["GET"]}}],"collection":[{"href":"https:\/\/pesu24.ee\/en\/wp-json\/wp\/v2\/product"}],"about":[{"href":"https:\/\/pesu24.ee\/en\/wp-json\/wp\/v2\/types\/product"}],"replies":[{"embeddable":true,"href":"https:\/\/pesu24.ee\/en\/wp-json\/wp\/v2\/comments?post=18735"}],"wp:featuredmedia":[{"embeddable":true,"href":"https:\/\/pesu24.ee\/en\/wp-json\/wp\/v2\/media\/18936"}],"wp:attachment":[{"href":"https:\/\/pesu24.ee\/en\/wp-json\/wp\/v2\/media?parent=18735"}],"wp:term":[{"taxonomy":"product_brand","embeddable":true,"href":"https:\/\/pesu24.ee\/en\/wp-json\/wp\/v2\/product_brand?post=18735"},{"taxonomy":"product_cat","embeddable":true,"href":"https:\/\/pesu24.ee\/en\/wp-json\/wp\/v2\/product_cat?post=18735"},{"taxonomy":"product_tag","embeddable":true,"href":"https:\/\/pesu24.ee\/en\/wp-json\/wp\/v2\/product_tag?post=18735"}],"curies":[{"name":"wp","href":"https:\/\/api.w.org\/{rel}","templated":true}]}}