{"id":18736,"date":"2025-10-01T00:00:27","date_gmt":"2025-09-30T21:00:27","guid":{"rendered":"https:\/\/pesu24.ee\/?post_type=product&#038;p=18736"},"modified":"2025-11-12T12:27:13","modified_gmt":"2025-11-12T09:27:13","slug":"3-osaline-pesukomplekt-obsessive-premisis","status":"publish","type":"product","link":"https:\/\/pesu24.ee\/en\/pesukomplektid\/3-osaline-pesukomplekt-obsessive-premisis\/","title":{"rendered":"3-osaline avatud stringidega luksuslik pesukomplekt Premisis"},"content":{"rendered":"<p>3-osaline pesukomplekt on loodud naisele, kes hindab julget disaini ja elegantset v\u00e4limust.<\/p>\n<p>Must v\u00e4rv ja l\u00e4bipaistev kangas loovad puhta ja ahvatleva koosluse, mis r\u00f5hutab figuuri ning toob esile naiselikkuse parimal kujul.<\/p>\n<p>Komplekti kuuluvad <strong>toestatud rinnahoidja<\/strong>, <strong>sukav\u00f6\u00f6<\/strong> ja <strong>avatud jalgevahega stringid<\/strong>, mis loovad \u00fcheskoos sensuaalse ja h\u00e4sti l\u00e4bim\u00f5eldud terviku.<\/p>\n<p>Pehme rinnahoidja toetab ja vormib b\u00fcsti, samas kui lai sukav\u00f6\u00f6 koos vertikaalsete toestustega toob esile taljejoone.<\/p>\n<p>Stringid on disainitud avatud l\u00f5ikega ning neid kaunistavad kahekordsed paelad ja peened tikandid, mis lisavad m\u00e4ngulisust ja erootilisust.<\/p>\n<p>Reguleeritav kaelarihm ning h\u00f5bedased detailid annavad komplektile luksusliku viimistluse.<\/p>\n<p>Komplekt on valmistatud k\u00f5rgekvaliteedilistest, niklivabadest materjalidest ning tagab mugavuse ja vastupidavuse. Reguleeritavad paelad ja kinnitused v\u00f5imaldavad pesu sobitada t\u00e4pselt sinu kehakujuga, pakkudes samal ajal kindlat istuvust ja visuaalset m\u00f5ju.<\/p>\n<p>3-osaline pesukomplekt Obsessive Premisis on ideaalne valik, kui soovid oma pesusahtlisse lisada midagi erilist \u2013 olgu selleks romantiline \u00f5htu v\u00f5i enesekindlust t\u00f5stev igap\u00e4evane luksus.<\/p>\n<p>Tutvuge ka teiste <a href=\"https:\/\/pesu24.ee\/en\/omadus\/obsessive-premisis\/\">Obsessive Premisis<\/a> pesukollektsiooni toodetega.<\/p>\n<div class=\"omadused\">\n<p>Details<\/p>\n<ul>\n<li>komplektis rinnahoidja,\u00a0avatud stringid ja\u00a0sukahoidja<\/li>\n<li>sukad ei kuulu komplekti &#8211; leia sobivad meie <a href=\"https:\/\/pesu24.ee\/en\/sukad\/\">sukkade valikust<\/a><\/li>\n<li>komplekt luksusliskust mustast l\u00e4bipaistvast kangast<\/li>\n<li>t\u00e4ielik reguleeritav paeladest<\/li>\n<li>taga astmeline kinnitus<\/li>\n<li>stringidel avatud jalgevahe<\/li>\n<li>mugav ja elastne kangas (94% pol\u00fcamiid, 6% elastaan)<\/li>\n<\/ul>\n<\/div>","protected":false},"excerpt":{"rendered":"<p>Details<\/p>\n<ul>\n<li>komplektis rinnahoidja,\u00a0avatud stringid ja\u00a0sukahoidja<\/li>\n<li>sukad ei kuulu komplekti &#8211; leia sobivad meie <a href=\"https:\/\/pesu24.ee\/en\/sukad\/\">sukkade valikust<\/a><\/li>\n<li>komplekt luksusliskust mustast l\u00e4bipaistvast kangast<\/li>\n<li>t\u00e4ielik reguleeritav paeladest<\/li>\n<li>taga astmeline kinnitus<\/li>\n<li>stringidel avatud jalgevahe<\/li>\n<li>mugav ja elastne kangas (94% pol\u00fcamiid, 6% elastaan)<\/li>\n<\/ul>","protected":false},"featured_media":28810,"comment_status":"open","ping_status":"closed","template":"","meta":{"_glsr_average":0,"_glsr_ranking":0,"_glsr_reviews":0},"product_brand":[500],"product_cat":[16],"product_tag":[392,160,485],"class_list":{"0":"post-18736","1":"product","2":"type-product","3":"status-publish","4":"has-post-thumbnail","6":"product_brand-obsessive","7":"product_cat-pesukomplektid","8":"product_tag-avatud-stringid","9":"product_tag-obsessive","10":"product_tag-obsessive-premisis","11":"pa_suurus-l-xl","12":"pa_suurus-s-m","13":"pa_suurus-xxl-xxxl","14":"pa_varvus-must","16":"first","17":"instock","18":"sold-individually","19":"taxable","20":"shipping-taxable","21":"purchasable","22":"product-type-variable"},"_links":{"self":[{"href":"https:\/\/pesu24.ee\/en\/wp-json\/wp\/v2\/product\/18736","targetHints":{"allow":["GET"]}}],"collection":[{"href":"https:\/\/pesu24.ee\/en\/wp-json\/wp\/v2\/product"}],"about":[{"href":"https:\/\/pesu24.ee\/en\/wp-json\/wp\/v2\/types\/product"}],"replies":[{"embeddable":true,"href":"https:\/\/pesu24.ee\/en\/wp-json\/wp\/v2\/comments?post=18736"}],"wp:featuredmedia":[{"embeddable":true,"href":"https:\/\/pesu24.ee\/en\/wp-json\/wp\/v2\/media\/28810"}],"wp:attachment":[{"href":"https:\/\/pesu24.ee\/en\/wp-json\/wp\/v2\/media?parent=18736"}],"wp:term":[{"taxonomy":"product_brand","embeddable":true,"href":"https:\/\/pesu24.ee\/en\/wp-json\/wp\/v2\/product_brand?post=18736"},{"taxonomy":"product_cat","embeddable":true,"href":"https:\/\/pesu24.ee\/en\/wp-json\/wp\/v2\/product_cat?post=18736"},{"taxonomy":"product_tag","embeddable":true,"href":"https:\/\/pesu24.ee\/en\/wp-json\/wp\/v2\/product_tag?post=18736"}],"curies":[{"name":"wp","href":"https:\/\/api.w.org\/{rel}","templated":true}]}}