{"id":18755,"date":"2025-08-18T21:42:54","date_gmt":"2025-08-18T18:42:54","guid":{"rendered":"https:\/\/pesu24.ee\/?post_type=product&#038;p=18755"},"modified":"2026-04-10T07:37:10","modified_gmt":"2026-04-10T05:37:10","slug":"3-osaline-avatud-pesukomplekt-obsessive-lecille","status":"publish","type":"product","link":"https:\/\/pesu24.ee\/en\/pesukomplektid\/3-osaline-avatud-pesukomplekt-obsessive-lecille\/","title":{"rendered":"3-osaline avatud pesukomplekt Obsessive Lecille"},"content":{"rendered":"<p>Ava uks sensuaalsesse m\u00e4ngu, kus reegleid sead sina ise. Lecille komplekt \u00fchendab julge disaini ja elegantse pitsi, luues t\u00e4iusliku koosluse naisele, kes teab t\u00e4pselt, mida tahab. Avatud rinnahoidja polsterdatud korvide ja toestusega toob provokatiivselt esile b\u00fcstijoone, samal ajal kui dekoratiivne must p\u00e4rl ja lips lisavad m\u00e4ngulist v\u00f5lu.<\/p>\n<p>Reguleeritavad ja rikkalikult pitsiga kaunistatud \u00f5lapaelad ning kolmeetapiline kinnitus tagavad ideaalse istuvuse. Mitte-eemaldatavad sukapaelad ja v\u00e4ikese ripatsiga sukahoidja loovad intrigeeriva kutse pinget ja naudingut t\u00e4is m\u00e4nguks. \u00d5rn pits lisab komplektile nii sensuaalsust kui ka klassikalist elegantsi.<\/p>\n<p>Kanna Lecille komplekti, et v\u00f5rgutada iga pilguga \u2013 avatud rinnahoidja, intiimselt avatud stringid ja kaunis sukahoidja moodustavad koos 3-osalise komplekti, mis paneb s\u00fcdamed kiiremini p\u00f5ksuma. See on loodud naisele, kes soovib igas detailis tunda end vastupandamatu ja enesekindlana.<\/p>\n<p>Tutvuge ka teiste <a href=\"https:\/\/pesu24.ee\/en\/omadus\/obsessive-lecille\/\">Obsessive Lecille<\/a> pesukollektsiooni toodetega.<\/p>\n<p><span style=\"color: #008000;\"><strong>KOMPLEKT SISALDAB:<\/strong><\/span><\/p>\n<ul>\n<li>avatud rinnahoidja<\/li>\n<li>sukahoidja<\/li>\n<li>avatud stringid<\/li>\n<\/ul>\n<p>NB! Sukad ei kuulu komplekti. Antud komplekt sobib perfektselt kokku <a href=\"https:\/\/pesu24.ee\/en\/sukad\/sukad-obsessive-lecille\/\">Obsessive Lecille sukkadega<\/a>.<\/p>\n<p><span style=\"color: #008000;\"><strong>DETAILS:<\/strong><\/span><\/p>\n<ul>\n<li>rinnahoidjal tugikaared ja polsterdus<\/li>\n<li>reguleeritavad \u00f5la- ja sukapaelad<\/li>\n<li>taga astmeline kinnitus<\/li>\n<li>niklivaba<\/li>\n<li>pehme ja elastne materjal (85% pol\u00fcamiid; 15% elastaan)<\/li>\n<\/ul>","protected":false},"excerpt":{"rendered":"<p>&#46;&#46;&#46;<\/p>","protected":false},"featured_media":18953,"comment_status":"open","ping_status":"closed","template":"","meta":{"_glsr_average":0,"_glsr_ranking":0,"_glsr_reviews":0},"product_brand":[500],"product_cat":[16],"product_tag":[392,160,486],"class_list":{"0":"post-18755","1":"product","2":"type-product","3":"status-publish","4":"has-post-thumbnail","6":"product_brand-obsessive","7":"product_cat-pesukomplektid","8":"product_tag-avatud-stringid","9":"product_tag-obsessive","10":"product_tag-obsessive-lecille","11":"pa_suurus-l-xl","12":"pa_suurus-s-m","13":"pa_suurus-xxl-xxxl","14":"pa_varvus-must","16":"first","17":"instock","18":"sold-individually","19":"taxable","20":"shipping-taxable","21":"purchasable","22":"product-type-variable"},"_links":{"self":[{"href":"https:\/\/pesu24.ee\/en\/wp-json\/wp\/v2\/product\/18755","targetHints":{"allow":["GET"]}}],"collection":[{"href":"https:\/\/pesu24.ee\/en\/wp-json\/wp\/v2\/product"}],"about":[{"href":"https:\/\/pesu24.ee\/en\/wp-json\/wp\/v2\/types\/product"}],"replies":[{"embeddable":true,"href":"https:\/\/pesu24.ee\/en\/wp-json\/wp\/v2\/comments?post=18755"}],"wp:featuredmedia":[{"embeddable":true,"href":"https:\/\/pesu24.ee\/en\/wp-json\/wp\/v2\/media\/18953"}],"wp:attachment":[{"href":"https:\/\/pesu24.ee\/en\/wp-json\/wp\/v2\/media?parent=18755"}],"wp:term":[{"taxonomy":"product_brand","embeddable":true,"href":"https:\/\/pesu24.ee\/en\/wp-json\/wp\/v2\/product_brand?post=18755"},{"taxonomy":"product_cat","embeddable":true,"href":"https:\/\/pesu24.ee\/en\/wp-json\/wp\/v2\/product_cat?post=18755"},{"taxonomy":"product_tag","embeddable":true,"href":"https:\/\/pesu24.ee\/en\/wp-json\/wp\/v2\/product_tag?post=18755"}],"curies":[{"name":"wp","href":"https:\/\/api.w.org\/{rel}","templated":true}]}}